{"id":4474,"date":"2021-01-28T15:25:13","date_gmt":"2021-01-28T15:25:13","guid":{"rendered":"https:\/\/catamaran-outremer.com\/unsere-hochseetauglichen-katamarane\/brokerage\/"},"modified":"2025-11-26T11:39:14","modified_gmt":"2025-11-26T09:39:14","slug":"katamaran-kaufen-gebraucht","status":"publish","type":"page","link":"https:\/\/catamaran-outremer.com\/de\/unsere-modelle\/katamaran-kaufen-gebraucht\/","title":{"rendered":"Gebrauchte hochseetaugliche Katamarane kaufen"},"content":{"rendered":"<div class=\"container mb-9\">\n  <img decoding=\"async\" src=\"https:\/\/catamaran-outremer.com\/wp-content\/uploads\/2025\/11\/Banniere-page-brokerage-2025.webp\" alt=\"\" title=\"\">   \n<\/div>\n\n\n<div class=\"container mb-9\">\n    <p>Den Traum einer Weltumsegelung oder Atlantik\u00fcberquerung teilen viele Menschen, da ist es selbstverst\u00e4ndlich, dass es nicht nur \u00fcblich ist neue Outremer-Katamarane zu kaufen, sondern auch gebrauchte hochseetaugliche Katamarane.<\/p>\n<p>Wer einen Outremer-Katamaran gebraucht oder neu kaufen m\u00f6chte, oder seinen gebrauchten Langfahrt-Katamaran wieder verkaufen m\u00f6chte, sollte sich an einen Spezialisten wenden, da unsere Blauwassersegler auch auf dem Second-Hand-Markt sehr begehrt sind und Unterst\u00fctzung beim Verkauf nicht verkehrt ist.<\/p>\n<p>&nbsp;<\/p>\n<h3>Unterst\u00fctzung von Spezialisten beim Verkauf Ihres Outremer-Katamarans<\/h3>\n<p>Wir haben es uns zum Ziel gemacht unsere Outremer-Eigner vom Bau bis zum Weiterverkauf ihres gebrauchten Hochsee-Katamarans zu begleiten. Genau aus diesem Grund haben wir Grand Large Services gegr\u00fcndet, eine Abteilung der Grand Large Yachting Gruppe, die auf den Verkauf gebrauchter Katamarane spezialisiert ist. Unsere Spezialisten k\u00fcmmern sich um alle, die Segelkatamarane gebraucht kaufen bzw. verkaufen m\u00f6chten und verwalten das Outremer-Brokerage-Angebot. So haben Eigner die M\u00f6glichkeit sich direkt an Spezialisten innerhalb der Werft zu wenden.<\/p>\n<p>Hier finden Sie eine aktuelle Liste gebrauchter Katamarane, die zum Verkauf stehen. Kontaktieren Sie uns gerne f\u00fcr weitere Informationen und Ausk\u00fcnfte!<\/p>\n\n<\/div>","protected":false},"excerpt":{"rendered":"","protected":false},"author":4,"featured_media":0,"parent":3429,"menu_order":0,"comment_status":"closed","ping_status":"closed","template":"views\/template-occasions.blade.php","meta":{"_acf_changed":true,"inline_featured_image":false,"footnotes":""},"class_list":["post-4474","page","type-page","status-publish","hentry"],"acf":[],"_links":{"self":[{"href":"https:\/\/catamaran-outremer.com\/de\/wp-json\/wp\/v2\/pages\/4474","targetHints":{"allow":["GET"]}}],"collection":[{"href":"https:\/\/catamaran-outremer.com\/de\/wp-json\/wp\/v2\/pages"}],"about":[{"href":"https:\/\/catamaran-outremer.com\/de\/wp-json\/wp\/v2\/types\/page"}],"author":[{"embeddable":true,"href":"https:\/\/catamaran-outremer.com\/de\/wp-json\/wp\/v2\/users\/4"}],"replies":[{"embeddable":true,"href":"https:\/\/catamaran-outremer.com\/de\/wp-json\/wp\/v2\/comments?post=4474"}],"version-history":[{"count":0,"href":"https:\/\/catamaran-outremer.com\/de\/wp-json\/wp\/v2\/pages\/4474\/revisions"}],"up":[{"embeddable":true,"href":"https:\/\/catamaran-outremer.com\/de\/wp-json\/wp\/v2\/pages\/3429"}],"wp:attachment":[{"href":"https:\/\/catamaran-outremer.com\/de\/wp-json\/wp\/v2\/media?parent=4474"}],"curies":[{"name":"wp","href":"https:\/\/api.w.org\/{rel}","templated":true}]}}