{"id":4376,"date":"2021-01-28T15:40:27","date_gmt":"2021-01-28T15:40:27","guid":{"rendered":"https:\/\/catamaran-outremer.com\/our-community\/"},"modified":"2024-12-16T12:43:33","modified_gmt":"2024-12-16T12:43:33","slug":"unsere-community","status":"publish","type":"page","link":"https:\/\/catamaran-outremer.com\/de\/unsere-community\/","title":{"rendered":"Unsere Community"},"content":{"rendered":"<h3>Genie\u00dfen Sie die Lebensfreude als Teil einer gro\u00dfen Familie<\/h3>\n<p>Mit einer Flotte von mehr als 450 Blauwasser-Katamaranen rund um die Welt bilden Outremer-Eigner eine einzigartige Community von hedonistischen Abenteurern. Wir organisieren regelm\u00e4\u00dfig in entspannter und freundschaftlicher Atmosph\u00e4re Veranstaltungen (z. B. den ber\u00fchmten Outremer Cup mit viel Spa\u00df und Spiel), um die Bindung zu und unter unseren Eignern weiter zu vertiefen. Dar\u00fcber hinaus unterh\u00e4lt Outremer Online-Plattformen, auf denen Sie Meinungen, Erfahrungen und Reiseideen austauschen k\u00f6nnen: eine f\u00fcr Outremer-Besitzer reservierte Facebook-Gruppe und einen Blog f\u00fcr technische Informationen.<\/p>\n","protected":false},"excerpt":{"rendered":"<p>Genie\u00dfen Sie die Lebensfreude als Teil einer gro\u00dfen Familie Mit einer Flotte von mehr als 450 Blauwasser-Katamaranen rund um die Welt bilden Outremer-Eigner eine einzigartige Community von hedonistischen Abenteurern. Wir organisieren regelm\u00e4\u00dfig in entspannter und freundschaftlicher Atmosph\u00e4re Veranstaltungen (z. B. den ber\u00fchmten Outremer Cup mit viel Spa\u00df und Spiel), um die Bindung zu und unter &hellip; <a href=\"https:\/\/catamaran-outremer.com\/de\/unsere-community\/\">Continued<\/a><\/p>\n","protected":false},"author":1,"featured_media":0,"parent":0,"menu_order":0,"comment_status":"closed","ping_status":"closed","template":"views\/template-community.blade.php","meta":{"_acf_changed":false,"content-type":"","inline_featured_image":false,"footnotes":""},"class_list":["post-4376","page","type-page","status-publish","hentry"],"acf":[],"_links":{"self":[{"href":"https:\/\/catamaran-outremer.com\/de\/wp-json\/wp\/v2\/pages\/4376","targetHints":{"allow":["GET"]}}],"collection":[{"href":"https:\/\/catamaran-outremer.com\/de\/wp-json\/wp\/v2\/pages"}],"about":[{"href":"https:\/\/catamaran-outremer.com\/de\/wp-json\/wp\/v2\/types\/page"}],"author":[{"embeddable":true,"href":"https:\/\/catamaran-outremer.com\/de\/wp-json\/wp\/v2\/users\/1"}],"replies":[{"embeddable":true,"href":"https:\/\/catamaran-outremer.com\/de\/wp-json\/wp\/v2\/comments?post=4376"}],"version-history":[{"count":0,"href":"https:\/\/catamaran-outremer.com\/de\/wp-json\/wp\/v2\/pages\/4376\/revisions"}],"wp:attachment":[{"href":"https:\/\/catamaran-outremer.com\/de\/wp-json\/wp\/v2\/media?parent=4376"}],"curies":[{"name":"wp","href":"https:\/\/api.w.org\/{rel}","templated":true}]}}