{"id":4361,"date":"2021-04-21T12:44:29","date_gmt":"2021-04-21T12:44:29","guid":{"rendered":"https:\/\/catamaran-outremer.com\/construction-principles\/"},"modified":"2022-09-05T13:18:32","modified_gmt":"2022-09-05T13:18:32","slug":"konstruktionsprinzip","status":"publish","type":"page","link":"https:\/\/catamaran-outremer.com\/de\/konstruktionsprinzip\/","title":{"rendered":"Konstruktionsprinzip von Hochsee-Katamaranen bei Outremer"},"content":{"rendered":"<div class=\"container mb-9\">\n  <img decoding=\"async\" src=\"https:\/\/catamaran-outremer.com\/wp-content\/uploads\/2021\/04\/20200429_114802.jpg\" alt=\"\" title=\"\">   \n<\/div>\n\n\n<div class=\"section-stepsnavtabs\">\n\n  <div class=\"container mb-6\"><h4>Sicherheit, Zuverl\u00e4ssigkeit, Leistung, Komfort und Segel-Vergn\u00fcgen sind die Schl\u00fcsselworte, die uns beim Bau eines Outremers leiten und begleiten.<\/h4>\n<\/div>\n\n  <div class=\"container-fluid\">\n            <div class=\"row tabs-wrap\">\n      <div class=\"col-nav\">\n        <nav>\n          <div class=\"nav nav-tabs\" id=\"nav-tab-steps\" role=\"tablist\">\n                         \n            <a class=\"nav-item nav-link active\" id=\"steps-tabs-block_607ffdb429170-0\"\n              data-toggle=\"tab\" href=\"#nav-steps-block_607ffdb429170-0\" role=\"tab\"\n              aria-controls=\"nav-steps-block_607ffdb429170-0\" aria-selected=\"true\">\n              Sicherheit\n            <\/a>\n                         \n            <a class=\"nav-item nav-link \" id=\"steps-tabs-block_607ffdb429170-1\"\n              data-toggle=\"tab\" href=\"#nav-steps-block_607ffdb429170-1\" role=\"tab\"\n              aria-controls=\"nav-steps-block_607ffdb429170-1\" aria-selected=\"true\">\n              Zuverl\u00e4ssigkeit\n            <\/a>\n                         \n            <a class=\"nav-item nav-link \" id=\"steps-tabs-block_607ffdb429170-2\"\n              data-toggle=\"tab\" href=\"#nav-steps-block_607ffdb429170-2\" role=\"tab\"\n              aria-controls=\"nav-steps-block_607ffdb429170-2\" aria-selected=\"true\">\n              Leistung\n            <\/a>\n                         \n            <a class=\"nav-item nav-link \" id=\"steps-tabs-block_607ffdb429170-3\"\n              data-toggle=\"tab\" href=\"#nav-steps-block_607ffdb429170-3\" role=\"tab\"\n              aria-controls=\"nav-steps-block_607ffdb429170-3\" aria-selected=\"true\">\n              Komfort\n            <\/a>\n                         \n            <a class=\"nav-item nav-link \" id=\"steps-tabs-block_607ffdb429170-4\"\n              data-toggle=\"tab\" href=\"#nav-steps-block_607ffdb429170-4\" role=\"tab\"\n              aria-controls=\"nav-steps-block_607ffdb429170-4\" aria-selected=\"true\">\n              Segel-Vergn\u00fcgen\n            <\/a>\n                                  <\/div>\n        <\/nav>\n      <\/div>\n      <div class=\"col-content\">\n\n                <div class=\"tab-content\" id=\"nav-tabContent\">\n                     <div class=\"tab-pane fade active show\" id=\"nav-steps-block_607ffdb429170-0\"\n            role=\"tabpanel\" aria-labelledby=\"nav-steps-block_607ffdb429170-0\">\n\n            <div class=\"row row-eq-height content-wrap\">\n              <div class=\"col-text\">\n                <h3>Vertrauen in den Katamaran haben \u2013 immer und \u00fcberall.<\/h3>\n<p>Oberste Priorit\u00e4t f\u00fcr alle Segler! Bei einem Rennen darf ein Segler vielleicht bewusst Risiken eingehen, aber auf einer Langfahrt sieht das anders aus. Denn dort ist eine gro\u00dfe Sicherheitstoleranz mitunter lebenswichtig. Um ein sicheres Kreuzen selbst bei schwierigen Wetterverh\u00e4ltnissen zu erm\u00f6glichen, sind Schwerter unerl\u00e4sslich. Auch wenn man nicht immer wei\u00df, in welche Lage man ger\u00e4t: Outremer bringt Sie sicher zur\u00fcck in den Hafen.<\/p>\n              <\/div>\n              <div class=\"col-image\">\n                <div class=\"image-wrap\" style=\"background-image: url(https:\/\/catamaran-outremer.com\/wp-content\/uploads\/2021\/04\/DSC01578.jpg)\"><\/div>\n              <\/div>\n            <\/div>\n\n\n          <\/div>\n                               <div class=\"tab-pane fade \" id=\"nav-steps-block_607ffdb429170-1\"\n            role=\"tabpanel\" aria-labelledby=\"nav-steps-block_607ffdb429170-1\">\n\n            <div class=\"row row-eq-height content-wrap\">\n              <div class=\"col-text\">\n                <h3>Dem Zahn der Zeit trotzen und sich st\u00e4ndig verbessern<\/h3>\n<p>Da jeder Outremer-Katamaran sicherlich einige hunderttausende Seemeilen zur\u00fccklegen wird, sind bew\u00e4hrte und zuverl\u00e4ssige Systeme umso wichtiger. Deshalb legt die Outremer-Werft bei der Bauweise ein besonderes Augenmerk auf die Verarbeitung, sowie die Wahl der verbauten Technologien und Zulieferer-Marken. Au\u00dferdem befragen wir regelm\u00e4\u00dfig alle neuen Eigner, um unsere Fahrtenkatamarane weiter zu verbessern. Diese R\u00fcckmeldungen sind sehr wertvoll und erlauben uns nach dem &#8222;Perfect Boat&#8220; zu greifen.<\/p>\n              <\/div>\n              <div class=\"col-image\">\n                <div class=\"image-wrap\" style=\"background-image: url(https:\/\/catamaran-outremer.com\/wp-content\/uploads\/2021\/04\/A86Y3054.jpg)\"><\/div>\n              <\/div>\n            <\/div>\n\n\n          <\/div>\n                               <div class=\"tab-pane fade \" id=\"nav-steps-block_607ffdb429170-2\"\n            role=\"tabpanel\" aria-labelledby=\"nav-steps-block_607ffdb429170-2\">\n\n            <div class=\"row row-eq-height content-wrap\">\n              <div class=\"col-text\">\n                <h3>Komfort mit Segel-Vergn\u00fcgen verbinden<\/h3>\n<p>Die Modelle der Outremer-Werft sind nat\u00fcrlich keine Rennboote, sie z\u00e4hlen aber daf\u00fcr zu den schnellsten Langfahrtkatamaranen! Die Leistung steigert nicht nur das Segel-Vergn\u00fcgen, sondern ist auch ein wichtiger Sicherheitsfaktor, vor allem wenn es darum geht sich wechselnden Wettergegebenheiten zu stellen.<\/p>\n              <\/div>\n              <div class=\"col-image\">\n                <div class=\"image-wrap\" style=\"background-image: url(https:\/\/catamaran-outremer.com\/wp-content\/uploads\/2021\/04\/9O9A9770.jpg)\"><\/div>\n              <\/div>\n            <\/div>\n\n\n          <\/div>\n                               <div class=\"tab-pane fade \" id=\"nav-steps-block_607ffdb429170-3\"\n            role=\"tabpanel\" aria-labelledby=\"nav-steps-block_607ffdb429170-3\">\n\n            <div class=\"row row-eq-height content-wrap\">\n              <div class=\"col-text\">\n                <h3>Eine unvergleichbare Lebensqualit\u00e4t an Bord<\/h3>\n<p>Der Schl\u00fcssel zum Erfolg f\u00fcr Langfahrten! Die Lebensqualit\u00e4t an Bord ist wesentlich abh\u00e4ngig vom Komfort auf See. Auf einem Outremer-Hochseekatamaran sind alle Bedingungen erf\u00fcllt, um eine unvergleichbare Lebensqualit\u00e4t genie\u00dfen zu k\u00f6nnen:<br \/>\n\u2022 Besser Schlafen durch sanftere Bewegungen,<br \/>\n\u2022 keine St\u00f6\u00dfe unter der Nacelle,<br \/>\n\u2022 verringerte Stampfbewegungen, wodurch man u.a. auch in Ruhe Kochen kann.<br \/>\nDie unvergleichliche Stille an Bord, ohne Quietschen und Knarren wie es sonst oft auf Blauwasserkatamaranen der Fall ist, sucht ihresgleichen.<\/p>\n              <\/div>\n              <div class=\"col-image\">\n                <div class=\"image-wrap\" style=\"background-image: url(https:\/\/catamaran-outremer.com\/wp-content\/uploads\/2021\/01\/Outremer-Catamaran-4X-photo-6-interior-carre-saloon-1.jpg)\"><\/div>\n              <\/div>\n            <\/div>\n\n\n          <\/div>\n                               <div class=\"tab-pane fade \" id=\"nav-steps-block_607ffdb429170-4\"\n            role=\"tabpanel\" aria-labelledby=\"nav-steps-block_607ffdb429170-4\">\n\n            <div class=\"row row-eq-height content-wrap\">\n              <div class=\"col-text\">\n                <h3>Unser Ziel: angenehmes und f\u00fcr alle zug\u00e4ngliches Hochseesegeln<\/h3>\n<p>Da das gemeinsam als Besatzung erfahrene Segel-Vergn\u00fcgen die Garantie f\u00fcr ein Segeln in Einklang ist, geht die Outremer-Werft auf die Bed\u00fcrfnisse der ganzen Crew ein: Ob Skipper, Besatzungsmitglied, Kinder oder Mitfahrer, alle k\u00f6nnen den 360-Grad-Ausblick, die frische Luft und eine allumfassende Ergonomie genie\u00dfen.<br \/>\nUnd nat\u00fcrlich das Segel-Vergn\u00fcgen, das Gef\u00fchl, ein schnelles, gut funktionierendes Boot zu haben, durch die Pinne (an Bord aller Outremer Modelle zu finden) das himmlische Gleiten auf einem Multihull zu sp\u00fcren.<\/p>\n<p>Lo\u00efck Peyron, Pate des 4X: &#8222;Der Sinn beim Blauwassersegeln liegt beim Start- und Endpunkt einer Langfahrt. Zwischen den beiden Punkten macht das Segeln nat\u00fcrlich Spa\u00df, ist aber meistens zu lang! &#8222;<\/p>\n              <\/div>\n              <div class=\"col-image\">\n                <div class=\"image-wrap\" style=\"background-image: url(https:\/\/catamaran-outremer.com\/wp-content\/uploads\/2021\/02\/OD3A9899.jpg)\"><\/div>\n              <\/div>\n            <\/div>\n\n\n          <\/div>\n                            <\/div>\n      <\/div>\n    <\/div>\n    \n  <\/div>\n\n<\/div>\n\n<div class=\"section-textcolumns\">\n  <div class=\"container\">\n    <div class=\"mb-6\"><h3>Architektur<\/h3>\n<p><strong>Den idealen Katamaran entwerfen<\/strong><\/p>\n<p>Die Schiffsarchitekten \u00fcbertragen das Pflichtenheft der Outremer-Bauweise in Linien und Volumen. Dazu geh\u00f6ren:<\/p>\n<ul>\n<li>Optimierter Unterwasserrumpf, langer Rumpf, um die notwendige Last tragen zu k\u00f6nnen und den Widerstand beim Segeln zu reduzieren. Schmale R\u00fcmpfe ben\u00f6tigen wenig Kraft zum Vorankommen. Sie erlauben einerseits einen hohen Durchschnitt beim Segeln zu halten und nur einen einzigen Motor zu nutzen, wenn kein Wind geht. Das wiederum reduziert den L\u00e4rm in den R\u00fcmpfen, wenn ein Teil der Besatzung sich ausruht, und verdoppelt die Reichweite.<\/li>\n<li>Geringere Windangriffsfl\u00e4che f\u00fcr einfachere Hafenman\u00f6ver und besseren Halt beim Ankern.<\/li>\n<li>Gewicht im Zentrum: Schwerpunkt weit unten und Verteilung der Massen rund um den Schwerpunkt. All diese unsichtbaren Faktoren haben einen Einfluss auf die Segeleigenschaften und verringern die Stampfbewegungen.<\/li>\n<li>Schmaler Bug, um Stampfbewegungen zu absorbieren und so einen ausgezeichneten Segelkomfort zu schaffen.<\/li>\n<li>Schwerter helfen, einfacher zu kreuzen, schneller im Wind zu Segeln und bessere Ankerpl\u00e4tze zu erreichen, die sonst nicht denkbar w\u00e4ren. Der Hochamwindkurs auf einem Outremer Hochseekatamaran ist den besten Monohulls w\u00fcrdig, selbst unter schwersten Bedingungen.<\/li>\n<\/ul>\n<\/div>\n\n\n        \n  <\/div>\n\n<\/div>\n\n<div class=\"section-textcolumns\">\n  <div class=\"container\">\n    <div class=\"mb-6\"><h3>Konstruktionsprinzip<\/h3>\n<p><strong>Die Methodologie der Outremer-Werft: die richtige Mischung aus High-Tech und Know-how. Beim Blauwassersegeln ist eine gro\u00dfe Sicherheitstoleranz wichtig: ein Segler muss zu jederzeit auf seinen Boot z\u00e4hlen k\u00f6nnen!<\/strong><\/p>\n<p>Selbst wenn die Gewichtsreduzierung immer ein wichtiger Punkt in der Outremer-Werft ist, bedeutet das nicht, dass dadurch die Haltbarkeit leiden darf. Unsere Konstrukteure befassen sich mit der Verst\u00e4rkung der wichtigsten Punkte:<br \/>\n\u2022 Durch mehrere wasserdichte Crashboxen gesch\u00fctzter Bug,<br \/>\n\u2022 Sto\u00df- und schlagfeste Rumpfb\u00f6den,<br \/>\n\u2022 Unzerst\u00f6rbare Sch\u00e4chte, da die Schwerter als Sicherungen dienen, und<br \/>\n\u2022 faktische Unsinkbarkeit.<\/p>\n<p>Selbst wenn Sandwich-Verbundelemente ein absolutes Muss sind (aufgrund der m\u00f6glichen Gewichtseinsparungen), hat ein Outremer Cruising Catamaran auch immer eine dicke monolithische Laminat-Rumpfsohle: kommt es zu einem Aufprall, kann keine Sandwich-Struktur mit dem Rumpfboden eines Outremers mithalten. Die Struktur ist komplett an den Rumpf laminiert und nicht einfach nur geklebt: Es gibt keine Gegenform, die den Zugang zu Teilen unterhalb der Wasserlinie verhindert, da alle Systeme sichtbar und zug\u00e4nglich sind.<\/p>\n<p><strong>Die Steifheit eines Outremer ist unvergleichbar<\/strong><\/p>\n<p>Die Hauptschotten sind sehr gro\u00df und k\u00f6nnen weit gr\u00f6\u00dferen Belastungen standhalten, als Multihull-Blauwassersegler begegnen. Carbonfaser-Eins\u00e4tze, geschlossenzelliger Schaumstoff, hochresistente Isophthal- und Polyesterharze: alles mit dem Ziel, Ihre Sicherheit zu gew\u00e4hrleisten.<\/p>\n<p>F\u00fcr die M\u00f6bel werden zur Verringerung des Gewichts Sandwichplatten verwendet, die durch Holzfurniere f\u00fcr mehr W\u00e4rme und \u00c4sthetik erg\u00e4nzt werden. Die M\u00f6bel haben keinen Einfluss auf die Steifheit und sind von den tragenden Strukturen isoliert, um st\u00f6rende Ger\u00e4usche, Knarren und Quietschen zu vermeiden. Aluminiumkonstruktionen st\u00fctzen die B\u00f6den, die ebenfalls nicht knarren. Keine blockierten T\u00fcren mehr, oder Schubladen, die sich nicht \u00f6ffnen lassen! F\u00fcr die Ausstattung w\u00e4hlen wir Marken und Modelle aufgrund ihrer Qualit\u00e4t, ihrer Zuverl\u00e4ssigkeit und ihrer \u00dcbereinstimmung mit dem Programm des Katamarans aus.<\/p>\n<p><strong>Ein Outremer Hochseekatamaran hat eine Lebensspanne von mindestens 50 Jahren.<\/strong><\/p>\n<p>Die Eigner wechseln im Laufe der Zeit. Sie kommen und gehen mit ambitionierten Projekten und Pl\u00e4nen im Gep\u00e4ck, die erfordern, dass einige Ausstattungen ersetzt oder hinzuf\u00fcgt werden m\u00fcssen. Deshalb haben wir 4 goldene Regeln entwickelt: Jedes Teil des Fahrtenkatamarans und jedes installierte System muss<br \/>\n1. dokumentiert,<br \/>\n2. erreichbar,<br \/>\n3. kontrollierbar und<br \/>\n4. austauschbar sein.<\/p>\n<p>Bis heute haben unsere Outremer Blausegelkatamarane auf allen Meeren mehr als 3 Millionen Seemeilen zur\u00fcckgelegt. Sie durchsegeln unerm\u00fcdlich tropische Gew\u00e4sser, aber einige Fahrtenkatamarane haben auch extreme Bedingungen bew\u00e4ltigt: Ob Atlantik\u00fcberquerung oder Langfahrt von Alaska bis nach Patagonien \u2013 unsere Outremer umsegeln die Welt. Diese immense, \u00fcber die Jahre gesammelte Erfahrung hat es Outremer erm\u00f6glicht, unsere Konstruktionsprinzipien zu verfeinern und zu st\u00e4rken.<\/p>\n<\/div>\n\n\n        \n  <\/div>\n\n<\/div>","protected":false},"excerpt":{"rendered":"","protected":false},"author":4,"featured_media":0,"parent":0,"menu_order":0,"comment_status":"closed","ping_status":"closed","template":"","meta":{"_acf_changed":false,"content-type":"","inline_featured_image":false,"footnotes":""},"class_list":["post-4361","page","type-page","status-publish","hentry"],"acf":[],"_links":{"self":[{"href":"https:\/\/catamaran-outremer.com\/de\/wp-json\/wp\/v2\/pages\/4361","targetHints":{"allow":["GET"]}}],"collection":[{"href":"https:\/\/catamaran-outremer.com\/de\/wp-json\/wp\/v2\/pages"}],"about":[{"href":"https:\/\/catamaran-outremer.com\/de\/wp-json\/wp\/v2\/types\/page"}],"author":[{"embeddable":true,"href":"https:\/\/catamaran-outremer.com\/de\/wp-json\/wp\/v2\/users\/4"}],"replies":[{"embeddable":true,"href":"https:\/\/catamaran-outremer.com\/de\/wp-json\/wp\/v2\/comments?post=4361"}],"version-history":[{"count":0,"href":"https:\/\/catamaran-outremer.com\/de\/wp-json\/wp\/v2\/pages\/4361\/revisions"}],"wp:attachment":[{"href":"https:\/\/catamaran-outremer.com\/de\/wp-json\/wp\/v2\/media?parent=4361"}],"curies":[{"name":"wp","href":"https:\/\/api.w.org\/{rel}","templated":true}]}}