{"id":4339,"date":"2021-01-28T15:38:43","date_gmt":"2021-01-28T15:38:43","guid":{"rendered":"https:\/\/catamaran-outremer.com\/ueber-uns\/our-commitments\/"},"modified":"2026-03-24T18:02:37","modified_gmt":"2026-03-24T16:02:37","slug":"nachhaltiger-yachtbau-rse","status":"publish","type":"page","link":"https:\/\/catamaran-outremer.com\/de\/ueber-uns\/nachhaltiger-yachtbau-rse\/","title":{"rendered":"Unsere CSR-Politik f\u00fcr nachhaltigen Yachtbau"},"content":{"rendered":"<div class=\"container px-5 px-sm-0 mb-9 header-overlapping-image\">\n  <div style=\"position:relative;\">\n    <img decoding=\"async\" class=\"small-image\" src=\"https:\/\/catamaran-outremer.com\/wp-content\/uploads\/2021\/02\/erik-mclean-oPWGhqBPNI0-unsplash.jpeg\" alt=\"\" title=\"\">  \n    <img decoding=\"async\" class=\"big-image\" src=\"https:\/\/catamaran-outremer.com\/wp-content\/uploads\/2021\/02\/IMGL9747.jpg\" alt=\"\" title=\"\">   \n  <\/div>\n<\/div>\n\n\n<div class=\"container mb-9\">\n    <h3>Respektvoller Umgang mit der Umwelt geh\u00f6rt zu den zentralen Unternehmenswerten von Outremer.<\/h3>\n<p>Das Ziel der Gr\u00fcnder der Gruppe war der Bau innovativer Segelboote, mit der \u00dcberzeugung, dass Segeln schon immer eine der nat\u00fcrlichsten und umweltfreundlichsten Fortbewegungsarten war und es auch heute noch ist.<\/p>\n<p>In diesem Sinne baut die Gruppe seit fast 20 Jahren f\u00fcr Weltumsegelungen konzipierte Hochseekatamarane, die die nat\u00fcrliche Energie des Windes bestm\u00f6glich nutzen. Unsere Blauwasser-Katamarane maximieren die M\u00f6glichkeiten, ohne Motor zu segeln und damit CO2-Emissionen einzusparen.<\/p>\n<h3>Die drei S\u00e4ulen eines nachhaltigen Segelsports und Yachtbaus<\/h3>\n<p>Aufbauend auf diesen in der Unternehmenskultur verankerten Grundlagen setzt sich die Gruppe jetzt noch intensiver f\u00fcr einen nachhaltigen Yachtbau ein und stellt sich den Herausforderungen der Gegenwart. Wir wollen sicherstellen, dass das Segeln ein besonderes Erlebnis auf unserem blauen Planeten bleibt und dass seine Auswirkungen auf nat\u00fcrliche \u00d6kosysteme minimiert werden. Wir werden dies erreichen, indem sich das Unternehmen auf drei Verbesserungs-S\u00e4ulen st\u00fctzt:<\/p>\n\n<\/div>\n\n<div class=\"container-fluid block-col-text-image image-left\">\n  <div class=\"row align-items-center\">\n      <div class=\"col-image \">\n          <div class=\"image-wrap\" style=\"background-image: url(https:\/\/catamaran-outremer.com\/wp-content\/uploads\/2021\/02\/outremer_catamaran_communaute_grand_voyage-scaled-1.jpeg );\"><\/div>\n      <\/div>\n      <div class=\"col-text \">\n        <h3>1 \u2013\u00d6kodesign der Segelboote zum Standard machen<\/h3>\n<p>Unser Ziel ist es, die Umweltbilanz unserer Boote in jeder Lebenszyklus-Phase zu optimieren: Konzeption, Produktion, Vertrieb, Nutzung und Entsorgung.<\/p>\n<p>Von der Auswahl der Materialien bis zur Definition der Systeme, von den Produktionsmethoden bis zu den Erfahrungen beim Segeln muss alles auf Nachhaltigkeit gepr\u00fcft werden.<\/p>\n<p>Die Verwendung nat\u00fcrlicher Materialien, der Einsatz energie- und kraftstoffsparender Motoren, die Verwendung und Erzeugung erneuerbarer Energien oder die Recyclingf\u00e4higkeit der Boote: all das und noch mehr sind wichtige Arbeitsbereiche unserer Forschung &amp; Entwicklung f\u00fcr einen nachhaltigen Segelsport.<\/p>\n\n              <\/div>\n  <\/div>  \n<\/div>\n\n\n<div class=\"mb-4 text-center\"><h4>Unsere Ziele f\u00fcr 2025:<\/h4>\n<\/div>\n\n\n\n<div class=\"container mb-10\">\n<div class=\"accordion\" id=\"accordion-block_d26df756417905c443593a8e1d02c753\">\n       <div class=\"card\">\n    <div class=\"card-header collapsed\" id=\"heading-block_d26df756417905c443593a8e1d02c753-0\" data-toggle=\"collapse\"\n      data-target=\"#collapse-block_d26df756417905c443593a8e1d02c753-0\" aria-expanded=\"false\"\n      aria-controls=\"collapse-block_d26df756417905c443593a8e1d02c753-0\">\n      <h2 class=\"h5 mb-0\">\n        Systematische Durchf\u00fchrung der Lebenszyklusanalyse f\u00fcr alle unsere Segelkatamaran-Modelle und erste Ma\u00dfnahmen zur Reduzierung des CO2-Fu\u00dfabdrucks unserer Boote.      <\/h2>\n    <\/div>\n\n    <div id=\"collapse-block_d26df756417905c443593a8e1d02c753-0\" class=\"collapse\"\n      aria-labelledby=\"heading-block_d26df756417905c443593a8e1d02c753-0\" data-parent=\"#accordion-block_d26df756417905c443593a8e1d02c753\">\n      <div class=\"card-body\">\n        <p>Ein wesentlicher Schritt ist der Einsatz eines Umweltbilanz-Tools, um den Fu\u00dfabdruck unserer Boote zu analysieren, Projekte nach Priorit\u00e4t zu ordnen und um in der Lage zu sein, die Verbesserung des CO2-Fu\u00dfabdrucks unserer Boote j\u00e4hrlich zu messen.<\/p>\n<p>Daf\u00fcr arbeiten wir eng mit MarineShift360 zusammen, einem Umweltbilanz-Tool f\u00fcr die Schifffahrtsindustrie. Wir unterst\u00fctzen die Entwicklung des Tools, indem wir eine Fallstudie durchf\u00fchren, um die Lebenszyklusanalyse unserer Boote zu testen. Und wir wollen dieses Tool zu einem festen Bestandteil unseres Design- und Produktionsprozesses machen, um zu analysieren, wo wir die ungew\u00fcnschten Auswirkungen unserer Boote auf die Umwelt reduzieren k\u00f6nnen.<\/p>\n<p>Parallel dazu starten wir gerade mehrere konkrete Projekte: ein von der Region Okzitanien unterst\u00fctztes Projekt zur Integration von Biomaterialien mit Kairos und der Universit\u00e4t Montpellier, eine Studie zu innovativem Antifouling, die Verwendung von teilweise biobasiertem Epoxidharz, usw.<\/p>\n      <\/div>\n    <\/div>\n  <\/div>\n       <div class=\"card\">\n    <div class=\"card-header collapsed\" id=\"heading-block_d26df756417905c443593a8e1d02c753-1\" data-toggle=\"collapse\"\n      data-target=\"#collapse-block_d26df756417905c443593a8e1d02c753-1\" aria-expanded=\"false\"\n      aria-controls=\"collapse-block_d26df756417905c443593a8e1d02c753-1\">\n      <h2 class=\"h5 mb-0\">\n        Erfindung eines Katamarans mit positiver Energiebilanz (unter Segel oder vor Anker)      <\/h2>\n    <\/div>\n\n    <div id=\"collapse-block_d26df756417905c443593a8e1d02c753-1\" class=\"collapse\"\n      aria-labelledby=\"heading-block_d26df756417905c443593a8e1d02c753-1\" data-parent=\"#accordion-block_d26df756417905c443593a8e1d02c753\">\n      <div class=\"card-body\">\n        <p>F\u00fcr diese Entwicklung haben wir verschiedene Projekte initiiert: Verbesserung der Solarenergie-Produktion, Optimierung der Integration von Wasserstoffgeneratoren, die Erprobung von bereits auf dem Markt verf\u00fcgbaren Hybridl\u00f6sungen, mit dem Ziel, diese innerhalb von drei Jahren standardm\u00e4\u00dfig anzubieten. Au\u00dferdem verfolgen wir aufmerksam alle Entwicklungen um den Energietr\u00e4ger Wasserstoff.<\/p>\n<p>Der erste konkrete Nutzen: Ende Oktober 2020 sticht das Projekt ElCano 500 in See: ein Segelt\u00f6rn um die Welt ohne fossile Brennstoffe, da vollst\u00e4ndig elektrisch.<\/p>\n<p>F\u00fcr diese Langfahrt wird unser langj\u00e4hriger Partner Jimmy Cornell mit einem Outremer 45, mit dem Namen 4ZERO auf der gleichen Route wie Magellan bei der ersten Weltumsegelung vor 500 Jahren segeln.<\/p>\n      <\/div>\n    <\/div>\n  <\/div>\n    <\/div>\n<\/div>\n\n\n<div class=\"container-fluid block-col-text-image image-right\">\n  <div class=\"row align-items-center\">\n      <div class=\"col-image \">\n          <div class=\"image-wrap\" style=\"background-image: url(https:\/\/catamaran-outremer.com\/wp-content\/uploads\/2021\/02\/ryan-parker-4vtt7IWOwm4-unsplash-scaled-1.jpeg );\"><\/div>\n      <\/div>\n      <div class=\"col-text \">\n        <h3>2 \u2013 Zum Beispiel f\u00fcr ein engagiertes Unternehmen werden<\/h3>\n<p>Weil ein nachhaltiger Segelsport mit Respekt f\u00fcr jene Frauen und M\u00e4nner beginnt, die im Unternehmen arbeiten, investiert die Grand Large Yachting Gruppe in die Optimierung der Arbeitsbedingungen ihrer Mitarbeiter. Komfort und Sicherheit am Arbeitsplatz sowie die Selbstverwirklichung unserer Mitarbeiter sind uns wichtig.<\/p>\n<p>Die CSR-Leistungen der einzelnen Firmen in der Gruppe werden mit hohen Anforderungen gesteuert, was Jahr f\u00fcr Jahr konkrete Verbesserungen erm\u00f6glicht.<\/p>\n<p>So haben wir 2018 mit der Einrichtung einer Arbeitsgruppe f\u00fcr nachhaltige Entwicklung begonnen, die bereits eine Reihe konkreter Ma\u00dfnahmen auf den Weg gebracht hat: bedeutende Investitionen in die Sicherheit, Organisation von Schulungen, Einf\u00fchrung der Abfallsortierung, j\u00e4hrliche Standortreinigung, Ma\u00dfnahmen zur Reduzierung unserer nicht recyclebaren Abf\u00e4lle.<\/p>\n\n              <\/div>\n  <\/div>  \n<\/div>\n\n\n<div class=\"mb-4 text-center\"><h4>Unsere Ziele f\u00fcr 2025:<\/h4>\n<\/div>\n\n\n\n<div class=\"container mb-10\">\n<div class=\"accordion\" id=\"accordion-block_fd8c4e7a72848d629276cb0ad0d24c68\">\n       <div class=\"card\">\n    <div class=\"card-header collapsed\" id=\"heading-block_fd8c4e7a72848d629276cb0ad0d24c68-0\" data-toggle=\"collapse\"\n      data-target=\"#collapse-block_fd8c4e7a72848d629276cb0ad0d24c68-0\" aria-expanded=\"false\"\n      aria-controls=\"collapse-block_fd8c4e7a72848d629276cb0ad0d24c68-0\">\n      <h2 class=\"h5 mb-0\">\n        Verbesserung der Gesundheit und Sicherheit unserer Mitarbeiter      <\/h2>\n    <\/div>\n\n    <div id=\"collapse-block_fd8c4e7a72848d629276cb0ad0d24c68-0\" class=\"collapse\"\n      aria-labelledby=\"heading-block_fd8c4e7a72848d629276cb0ad0d24c68-0\" data-parent=\"#accordion-block_fd8c4e7a72848d629276cb0ad0d24c68\">\n      <div class=\"card-body\">\n        <p>Verringerung der Schwere von Arbeitsunf\u00e4llen um 50%, Verringerung der Frequenz der Arbeitsunf\u00e4lle um 50 %.<\/p>\n      <\/div>\n    <\/div>\n  <\/div>\n       <div class=\"card\">\n    <div class=\"card-header collapsed\" id=\"heading-block_fd8c4e7a72848d629276cb0ad0d24c68-1\" data-toggle=\"collapse\"\n      data-target=\"#collapse-block_fd8c4e7a72848d629276cb0ad0d24c68-1\" aria-expanded=\"false\"\n      aria-controls=\"collapse-block_fd8c4e7a72848d629276cb0ad0d24c68-1\">\n      <h2 class=\"h5 mb-0\">\n        Verbesserung des Wohlbefindens bei der Arbeit      <\/h2>\n    <\/div>\n\n    <div id=\"collapse-block_fd8c4e7a72848d629276cb0ad0d24c68-1\" class=\"collapse\"\n      aria-labelledby=\"heading-block_fd8c4e7a72848d629276cb0ad0d24c68-1\" data-parent=\"#accordion-block_fd8c4e7a72848d629276cb0ad0d24c68\">\n      <div class=\"card-body\">\n        <p>Beibehaltung der allgemeinen Mitarbeiter-Zufriedenheit von \u00fcber 90 %.<\/p>\n      <\/div>\n    <\/div>\n  <\/div>\n       <div class=\"card\">\n    <div class=\"card-header collapsed\" id=\"heading-block_fd8c4e7a72848d629276cb0ad0d24c68-2\" data-toggle=\"collapse\"\n      data-target=\"#collapse-block_fd8c4e7a72848d629276cb0ad0d24c68-2\" aria-expanded=\"false\"\n      aria-controls=\"collapse-block_fd8c4e7a72848d629276cb0ad0d24c68-2\">\n      <h2 class=\"h5 mb-0\">\n        Reduzierung der negativen Auswirkungen unseres Handelns auf die Umwelt      <\/h2>\n    <\/div>\n\n    <div id=\"collapse-block_fd8c4e7a72848d629276cb0ad0d24c68-2\" class=\"collapse\"\n      aria-labelledby=\"heading-block_fd8c4e7a72848d629276cb0ad0d24c68-2\" data-parent=\"#accordion-block_fd8c4e7a72848d629276cb0ad0d24c68\">\n      <div class=\"card-body\">\n        <p>Verringerung der Abf\u00e4lle um 20 % und Verringerung unseres Energie- und Wasserverbrauchs um 5 %.<\/p>\n      <\/div>\n    <\/div>\n  <\/div>\n    <\/div>\n<\/div>\n\n\n<div class=\"container-fluid block-col-text-image image-left\">\n  <div class=\"row align-items-center\">\n      <div class=\"col-image \">\n          <div class=\"image-wrap\" style=\"background-image: url(https:\/\/catamaran-outremer.com\/wp-content\/uploads\/2021\/02\/jules-bss-NKbGnhL2p7w-unsplash.jpeg );\"><\/div>\n      <\/div>\n      <div class=\"col-text \">\n        <h3>3 \u2013 Unsere Kunden und Zulieferer f\u00fcr einen nachhaltigen Segelsport gewinnen<\/h3>\n<p>Erst das gemeinsame Handeln unserer 500 Mitarbeiter, unserer Zulieferer, Kunden und Partner, in allen Stufen der Wertsch\u00f6pfungskette, wird etwas bewirken. Konkret bedeutet dies, dass wir die Akteure in unserer Lieferkette dazu verpflichten, umweltfreundlichere L\u00f6sungen zu entwickeln und die Mitarbeiter zu schulen. <\/p>\n<p>Da die Nutzung den gr\u00f6\u00dften Teil des CO2- Fu\u00dfabdrucks der Eigent\u00fcmerschaft der Boote ausmacht, werden wir eine Aufkl\u00e4rungskampagne unter unseren Kunden und ihren G\u00e4sten \u00fcber umweltfreundliche Praktiken an Bord starten.<\/p>\n<p>In diesem Sinne arbeiten wir zum Beispiel mit der Stiftung Tara Ocean an Schulungen zum Thema umweltbewusstes Segeln.<\/p>\n<p>Mit diesen verschiedenen Aktionen m\u00f6chte Grand Large Yachting seinen Beitrag f\u00fcr einen nachhaltigen Segelsport leisten und mit gutem Beispiel vorangehen.<\/p>\n\n              <\/div>\n  <\/div>  \n<\/div>\n\n\n<div class=\"mb-4 text-center\"><h4>Unsere Ziele f\u00fcr 2025:<\/h4>\n<\/div>\n\n\n\n<div class=\"container mb-10\">\n<div class=\"accordion\" id=\"accordion-block_751d84192ef572e984a5bc76d8c0df75\">\n       <div class=\"card\">\n    <div class=\"card-header collapsed\" id=\"heading-block_751d84192ef572e984a5bc76d8c0df75-0\" data-toggle=\"collapse\"\n      data-target=\"#collapse-block_751d84192ef572e984a5bc76d8c0df75-0\" aria-expanded=\"false\"\n      aria-controls=\"collapse-block_751d84192ef572e984a5bc76d8c0df75-0\">\n      <h2 class=\"h5 mb-0\">\n        Erstellung eines CSR-Regelwerks f\u00fcr unsere Lieferanten      <\/h2>\n    <\/div>\n\n    <div id=\"collapse-block_751d84192ef572e984a5bc76d8c0df75-0\" class=\"collapse\"\n      aria-labelledby=\"heading-block_751d84192ef572e984a5bc76d8c0df75-0\" data-parent=\"#accordion-block_751d84192ef572e984a5bc76d8c0df75\">\n      <div class=\"card-body\">\n        <p>Anwendung des Regelwerks von mindestens 50 % unserer Lieferanten<\/p>\n      <\/div>\n    <\/div>\n  <\/div>\n       <div class=\"card\">\n    <div class=\"card-header collapsed\" id=\"heading-block_751d84192ef572e984a5bc76d8c0df75-1\" data-toggle=\"collapse\"\n      data-target=\"#collapse-block_751d84192ef572e984a5bc76d8c0df75-1\" aria-expanded=\"false\"\n      aria-controls=\"collapse-block_751d84192ef572e984a5bc76d8c0df75-1\">\n      <h2 class=\"h5 mb-0\">\n        Schulungen f\u00fcr einen umweltbewussten Umgang mit dem Boot      <\/h2>\n    <\/div>\n\n    <div id=\"collapse-block_751d84192ef572e984a5bc76d8c0df75-1\" class=\"collapse\"\n      aria-labelledby=\"heading-block_751d84192ef572e984a5bc76d8c0df75-1\" data-parent=\"#accordion-block_751d84192ef572e984a5bc76d8c0df75\">\n      <div class=\"card-body\">\n        <p>Die Schulungen werden derzeit in Zusammenarbeit mit Tara Oc\u00e9an entwickelt.<\/p>\n      <\/div>\n    <\/div>\n  <\/div>\n       <div class=\"card\">\n    <div class=\"card-header collapsed\" id=\"heading-block_751d84192ef572e984a5bc76d8c0df75-2\" data-toggle=\"collapse\"\n      data-target=\"#collapse-block_751d84192ef572e984a5bc76d8c0df75-2\" aria-expanded=\"false\"\n      aria-controls=\"collapse-block_751d84192ef572e984a5bc76d8c0df75-2\">\n      <h2 class=\"h5 mb-0\">\n        Bereitstellung von Tools, die unseren Kunden helfen, den CO2-Fu\u00dfabdruck ihres Bootes zu verstehen und zu verbessern      <\/h2>\n    <\/div>\n\n    <div id=\"collapse-block_751d84192ef572e984a5bc76d8c0df75-2\" class=\"collapse\"\n      aria-labelledby=\"heading-block_751d84192ef572e984a5bc76d8c0df75-2\" data-parent=\"#accordion-block_751d84192ef572e984a5bc76d8c0df75\">\n      <div class=\"card-body\">\n              <\/div>\n    <\/div>\n  <\/div>\n    <\/div>\n<\/div>\n\n\n<div class=\"container mb-9\">\n    <p style=\"text-align: center\">Um das Gef\u00fchl der offenen See zu bewahren \u2026<\/p>\n<p style=\"text-align: center\">Um immer neue Horizonte zu entdecken\u2026<\/p>\n<p style=\"text-align: center\">Um auch in der Zukunft noch unsere Tr\u00e4ume verwirklichen zu k\u00f6nnen\u2026<\/p>\n<p style=\"text-align: center\"><strong>gemeinsam f\u00fcr einen nachhaltigen Segelsport!<\/strong><\/p>\n\n<\/div>\n\n<div class=\"text-center my-5\">\n\n  <\/div>\n\n\n<div class=\"container-fluid \">\n  <div class=\"section-contact overlapping-image\">\n    <div class=\"container text-center\">\n      <div class=\"mb-5\"><h3>Ein konkretes und pragmatisches Programm<\/h3>\n<p style=\"text-align: left\">Unser Vorgehen basiert auf zwei Grundprinzipien:<\/p>\n<ul style=\"text-align: left\">\n<li>In der Welt des &#8222;Konkreten&#8220; handeln, mit praktischen Aktionen<\/li>\n<li>Die Wirkung unseres Vorgehens nachweisen, basierend auf erreichbaren und messbaren Zielen, mit einem ersten Meilenstein nach 3 Jahren<\/li>\n<\/ul>\n<p style=\"text-align: left\">Um unser Handeln zu veranschaulichen und immer mehr Akteure zum Nachdenken und Handeln zu diesem Thema zu bewegen, berichten wir regelm\u00e4\u00dfig \u00fcber einen Sachverhalt oder eine konkrete Aktion unseres CSR-Programms:<\/p>\n<\/div>\n            <a class=\"btn btn-white\" href=\"https:\/\/catamaran-outremer.com\/de\/unsere-news\/\">Unsere letzten CSR-News<\/a>\n\n      \n              <div class=\"image-wrap\">\n          <img decoding=\"async\" src=\"https:\/\/catamaran-outremer.com\/wp-content\/uploads\/2021\/02\/white-beach-sail.jpg\" alt=\"\" title=\"\">\n        <\/div>   \n          <\/div>\n  <\/div>\n<\/div>","protected":false},"excerpt":{"rendered":"","protected":false},"author":1,"featured_media":0,"parent":4275,"menu_order":0,"comment_status":"closed","ping_status":"closed","template":"","meta":{"_acf_changed":true,"content-type":"","inline_featured_image":false,"footnotes":""},"class_list":["post-4339","page","type-page","status-publish","hentry"],"acf":[],"_links":{"self":[{"href":"https:\/\/catamaran-outremer.com\/de\/wp-json\/wp\/v2\/pages\/4339","targetHints":{"allow":["GET"]}}],"collection":[{"href":"https:\/\/catamaran-outremer.com\/de\/wp-json\/wp\/v2\/pages"}],"about":[{"href":"https:\/\/catamaran-outremer.com\/de\/wp-json\/wp\/v2\/types\/page"}],"author":[{"embeddable":true,"href":"https:\/\/catamaran-outremer.com\/de\/wp-json\/wp\/v2\/users\/1"}],"replies":[{"embeddable":true,"href":"https:\/\/catamaran-outremer.com\/de\/wp-json\/wp\/v2\/comments?post=4339"}],"version-history":[{"count":0,"href":"https:\/\/catamaran-outremer.com\/de\/wp-json\/wp\/v2\/pages\/4339\/revisions"}],"up":[{"embeddable":true,"href":"https:\/\/catamaran-outremer.com\/de\/wp-json\/wp\/v2\/pages\/4275"}],"wp:attachment":[{"href":"https:\/\/catamaran-outremer.com\/de\/wp-json\/wp\/v2\/media?parent=4339"}],"curies":[{"name":"wp","href":"https:\/\/api.w.org\/{rel}","templated":true}]}}