{"id":4302,"date":"2021-01-28T15:39:03","date_gmt":"2021-01-28T15:39:03","guid":{"rendered":"https:\/\/catamaran-outremer.com\/ueber-uns\/our-team\/"},"modified":"2024-12-23T13:55:56","modified_gmt":"2024-12-23T13:55:56","slug":"team","status":"publish","type":"page","link":"https:\/\/catamaran-outremer.com\/de\/ueber-uns\/team\/","title":{"rendered":"Unser Team, unsere Unternehmenskultur"},"content":{"rendered":"<div class=\"container px-5 px-sm-0 mb-9 header-overlapping-image\">\n  <div style=\"position:relative;\">\n    <img decoding=\"async\" class=\"small-image\" src=\"https:\/\/catamaran-outremer.com\/wp-content\/uploads\/2021\/02\/IMGL6947WEB.jpg\" alt=\"\" title=\"\">  \n    <img decoding=\"async\" class=\"big-image\" src=\"https:\/\/catamaran-outremer.com\/wp-content\/uploads\/2024\/12\/089_2024_08_Perpignan_Allard-2745-2.jpg\" alt=\"\" title=\"\">   \n  <\/div>\n<\/div>\n\n\n<div class=\"container mb-9\">\n    <h3>Unsere Werte<\/h3>\n<h4>Unseren Kunden zuh\u00f6ren und ihre W\u00fcnsche respektieren<\/h4>\n<p>Unser Hauptziel ist es, den Blauwasser Katamaran zu bauen, der Sie gl\u00fccklich macht. Das f\u00e4ngt mit der Beziehung zu unseren Kunden an: von der Bootsmesse bis zur Lieferung, in der Entwicklungsabteilung ebenso wie in der Produktion. Die Outremer Werft geht auf Ihre Sonderw\u00fcnsche ein, um einen Ihren Vorstellungen entsprechenden Hochseekatamaran zu bauen.<\/p>\n<h4>Qualit\u00e4t<\/h4>\n<p>In den anspruchsvollen Programmen f\u00fcr die Fahrtenkatamarane von Outremer ist Qualit\u00e4t DAS Grundprinzip, das unsere t\u00e4gliche Arbeit leitet. Wir f\u00fchren w\u00e4hrend der einzelnen Etappen der Produktion bis hin zur Lieferung strenge Qualit\u00e4tskontrollen durch, um unser Ziel eines makel-, weil fehlerlosen Bootes zu erreichen.<\/p>\n<h4>Teamgeist<\/h4>\n<p>Das Outremer-Team nutzt die Fachkenntnisse vieler verschiedener Berufe f\u00fcr den Bau Ihres Katamarans. Teamarbeit ist dabei der Schl\u00fcssel zum Erfolg.<\/p>\n<h4>Stolz auf unsere Arbeit<\/h4>\n<p>Outremer ist stolz darauf, am Traum vieler Seglermitzuwirken, die Welt zu entdecken.<\/p>\n<h4>Innovation (Forschung und Entwicklung)<\/h4>\n<p>Die Welt ver\u00e4ndert sich, Technologien entwickeln sich weiter. Outremer ist st\u00e4ndig auf der Suche nach neuen Ideen und neuen Prozessen, um seine Langfahrt Katamarane zu optimieren und Sie daran teilhaben zu lassen.<\/p>\n\n<\/div>\n\n<div class=\"container-fluid block-col-text-image image-left\">\n  <div class=\"row align-items-center\">\n      <div class=\"col-image \">\n          <div class=\"image-wrap\" style=\"background-image: url(https:\/\/catamaran-outremer.com\/wp-content\/uploads\/2024\/12\/EOS_3793.jpg );\"><\/div>\n      <\/div>\n      <div class=\"col-text \">\n        <h3>Know-how und Transparenz<\/h3>\n<p>Diese Werte und unser Gemeinschaftsgef\u00fchl sind die Basis f\u00fcr die Arbeit unserer Teams. Die durchschnittliche Betriebszugeh\u00f6rigkeit liegt bei \u00fcber zehn Jahren. Das bedeutet ein durch jahrelange Erfahrung erworbenes Know-how. Wir haben internes Fachwissen in allen strategischen Bereichen des Katamaranbaus, vom Einsatz des Vakuum-Infusionsverfahrens f\u00fcr die Fertigung gro\u00dfer Teile bis zu abschlie\u00dfenden Feinarbeiten.<\/p>\n<p>Wir achten besonders auf das Gewicht unserer Segelkatamarane. Dieser Aspekt der Unternehmenskultur erm\u00f6glicht nicht zuletzt die absolute Zuverl\u00e4ssigkeit unserer hochseetauglichen Katamarane. Wir glauben, dass unser Unternehmen eine Seele hat, und sind stolz darauf: Es ist auch dieses gewisse Extra, das uns antreibt.<\/p>\n\n              <\/div>\n  <\/div>  \n<\/div>\n\n\n<div class=\"mb-4 text-center\"><h2>Das Team hinter unserem Erfolg<\/h2>\n<\/div>\n\n\n\n<div class=\"slider-wrap bg-light-gray\">\n  <div class=\"slick-container slider-indented\">\n    <div class=\"slick-wrapper\">\n       \n      <div class=\"slick-slide\">\n        <img decoding=\"async\" src=\"https:\/\/catamaran-outremer.com\/wp-content\/uploads\/2021\/04\/IMGL2419.jpg\" alt=\"\" title=\"\">\n      <\/div>\n\n       \n      <div class=\"slick-slide\">\n        <img decoding=\"async\" src=\"https:\/\/catamaran-outremer.com\/wp-content\/uploads\/2021\/04\/IMGL2458.jpg\" alt=\"\" title=\"\">\n      <\/div>\n\n       \n      <div class=\"slick-slide\">\n        <img decoding=\"async\" src=\"https:\/\/catamaran-outremer.com\/wp-content\/uploads\/2021\/04\/IMGL2488.jpg\" alt=\"\" title=\"\">\n      <\/div>\n\n       \n      <div class=\"slick-slide\">\n        <img decoding=\"async\" src=\"https:\/\/catamaran-outremer.com\/wp-content\/uploads\/2024\/12\/1Y7A8186.jpg\" alt=\"\" title=\"\">\n      <\/div>\n\n       \n      <div class=\"slick-slide\">\n        <img decoding=\"async\" src=\"https:\/\/catamaran-outremer.com\/wp-content\/uploads\/2024\/12\/1Y7A4967.jpg\" alt=\"\" title=\"\">\n      <\/div>\n\n       \n      <div class=\"slick-slide\">\n        <img decoding=\"async\" src=\"https:\/\/catamaran-outremer.com\/wp-content\/uploads\/2021\/04\/IMGL2501.jpg\" alt=\"\" title=\"\">\n      <\/div>\n\n       \n      <div class=\"slick-slide\">\n        <img decoding=\"async\" src=\"https:\/\/catamaran-outremer.com\/wp-content\/uploads\/2024\/12\/1Y7A8006.jpg\" alt=\"\" title=\"\">\n      <\/div>\n\n       \n      <div class=\"slick-slide\">\n        <img decoding=\"async\" src=\"https:\/\/catamaran-outremer.com\/wp-content\/uploads\/2024\/12\/IMG-20241106-WA0013-1.jpg\" alt=\"\" title=\"\">\n      <\/div>\n\n       \n      <div class=\"slick-slide\">\n        <img decoding=\"async\" src=\"https:\/\/catamaran-outremer.com\/wp-content\/uploads\/2024\/12\/1Y7A7070.jpg\" alt=\"\" title=\"\">\n      <\/div>\n\n       \n      <div class=\"slick-slide\">\n        <img decoding=\"async\" src=\"https:\/\/catamaran-outremer.com\/wp-content\/uploads\/2024\/12\/EOS_7599.jpg\" alt=\"\" title=\"\">\n      <\/div>\n\n       \n      <div class=\"slick-slide\">\n        <img decoding=\"async\" src=\"https:\/\/catamaran-outremer.com\/wp-content\/uploads\/2024\/12\/AY1I6387.jpg\" alt=\"\" title=\"\">\n      <\/div>\n\n       \n      <div class=\"slick-slide\">\n        <img decoding=\"async\" src=\"https:\/\/catamaran-outremer.com\/wp-content\/uploads\/2021\/02\/IMGL6981WEB.jpg\" alt=\"\" title=\"\">\n      <\/div>\n\n       \n      <div class=\"slick-slide\">\n        <img decoding=\"async\" src=\"https:\/\/catamaran-outremer.com\/wp-content\/uploads\/2024\/12\/1Y7A8089.jpg\" alt=\"\" title=\"\">\n      <\/div>\n\n       \n      <div class=\"slick-slide\">\n        <img decoding=\"async\" src=\"https:\/\/catamaran-outremer.com\/wp-content\/uploads\/2021\/02\/IMGL6961WEB.jpg\" alt=\"\" title=\"\">\n      <\/div>\n\n       \n      <div class=\"slick-slide\">\n        <img decoding=\"async\" src=\"https:\/\/catamaran-outremer.com\/wp-content\/uploads\/2021\/04\/IMGL2366.jpg\" alt=\"\" title=\"\">\n      <\/div>\n\n       \n      <div class=\"slick-slide\">\n        <img decoding=\"async\" src=\"https:\/\/catamaran-outremer.com\/wp-content\/uploads\/2021\/04\/IMGL2362.jpg\" alt=\"\" title=\"\">\n      <\/div>\n\n       \n      <div class=\"slick-slide\">\n        <img decoding=\"async\" src=\"https:\/\/catamaran-outremer.com\/wp-content\/uploads\/2021\/04\/IMGL2358.jpg\" alt=\"\" title=\"\">\n      <\/div>\n\n       \n      <div class=\"slick-slide\">\n        <img decoding=\"async\" src=\"https:\/\/catamaran-outremer.com\/wp-content\/uploads\/2021\/04\/IMGL2356.jpg\" alt=\"\" title=\"\">\n      <\/div>\n\n       \n      <div class=\"slick-slide\">\n        <img decoding=\"async\" src=\"https:\/\/catamaran-outremer.com\/wp-content\/uploads\/2021\/04\/IMGL2260.jpg\" alt=\"\" title=\"\">\n      <\/div>\n\n       \n      <div class=\"slick-slide\">\n        <img decoding=\"async\" src=\"https:\/\/catamaran-outremer.com\/wp-content\/uploads\/2021\/04\/IMGL2241.jpg\" alt=\"\" title=\"\">\n      <\/div>\n\n       \n      <div class=\"slick-slide\">\n        <img decoding=\"async\" src=\"https:\/\/catamaran-outremer.com\/wp-content\/uploads\/2021\/04\/IMGL2144.jpg\" alt=\"\" title=\"\">\n      <\/div>\n\n       \n      <div class=\"slick-slide\">\n        <img decoding=\"async\" src=\"https:\/\/catamaran-outremer.com\/wp-content\/uploads\/2024\/12\/CB2I3040.jpg\" alt=\"\" title=\"\">\n      <\/div>\n\n       \n      <div class=\"slick-slide\">\n        <img decoding=\"async\" src=\"https:\/\/catamaran-outremer.com\/wp-content\/uploads\/2024\/12\/EOS_7568.jpg\" alt=\"\" title=\"\">\n      <\/div>\n\n          <\/div>\n    <div class=\"slick-nav-wrap\">\n        <div class=\"slick-progress\" role=\"progressbar\" aria-valuemin=\"5\" aria-valuemax=\"100\"><\/div>\n      <div class=\"slick-nav-btn\">\n        <div class=\"slick-button-prev\"><\/div>\n        <div class=\"slick-button-next\"><\/div>\n      <\/div>\n    <\/div>\n\n  <\/div>\n<\/div>\n","protected":false},"excerpt":{"rendered":"","protected":false},"author":4,"featured_media":0,"parent":4275,"menu_order":0,"comment_status":"closed","ping_status":"closed","template":"","meta":{"_acf_changed":true,"content-type":"","inline_featured_image":false,"footnotes":""},"class_list":["post-4302","page","type-page","status-publish","hentry"],"acf":[],"_links":{"self":[{"href":"https:\/\/catamaran-outremer.com\/de\/wp-json\/wp\/v2\/pages\/4302","targetHints":{"allow":["GET"]}}],"collection":[{"href":"https:\/\/catamaran-outremer.com\/de\/wp-json\/wp\/v2\/pages"}],"about":[{"href":"https:\/\/catamaran-outremer.com\/de\/wp-json\/wp\/v2\/types\/page"}],"author":[{"embeddable":true,"href":"https:\/\/catamaran-outremer.com\/de\/wp-json\/wp\/v2\/users\/4"}],"replies":[{"embeddable":true,"href":"https:\/\/catamaran-outremer.com\/de\/wp-json\/wp\/v2\/comments?post=4302"}],"version-history":[{"count":0,"href":"https:\/\/catamaran-outremer.com\/de\/wp-json\/wp\/v2\/pages\/4302\/revisions"}],"up":[{"embeddable":true,"href":"https:\/\/catamaran-outremer.com\/de\/wp-json\/wp\/v2\/pages\/4275"}],"wp:attachment":[{"href":"https:\/\/catamaran-outremer.com\/de\/wp-json\/wp\/v2\/media?parent=4302"}],"curies":[{"name":"wp","href":"https:\/\/api.w.org\/{rel}","templated":true}]}}