{"id":4290,"date":"2021-01-28T15:39:32","date_gmt":"2021-01-28T15:39:32","guid":{"rendered":"https:\/\/catamaran-outremer.com\/ueber-uns\/our-concept\/"},"modified":"2022-09-05T13:23:11","modified_gmt":"2022-09-05T13:23:11","slug":"unser-konzept","status":"publish","type":"page","link":"https:\/\/catamaran-outremer.com\/de\/ueber-uns\/unser-konzept\/","title":{"rendered":"Unser Konzept f\u00fcr Katamaran-Design"},"content":{"rendered":"<div class=\"container px-5 px-sm-0 mb-9 header-overlapping-image\">\n  <div style=\"position:relative;\">\n    <img decoding=\"async\" class=\"small-image\" src=\"https:\/\/catamaran-outremer.com\/wp-content\/uploads\/2021\/02\/IMGL8356WEB-1.jpg\" alt=\"\" title=\"\">  \n    <img decoding=\"async\" class=\"big-image\" src=\"https:\/\/catamaran-outremer.com\/wp-content\/uploads\/2021\/02\/IMGL6328-1.jpg\" alt=\"\" title=\"\">   \n  <\/div>\n<\/div>\n\n\n<div class=\"container mb-9\">\n    <h3>Vision und Grunds\u00e4tze<\/h3>\n<p>Seet\u00fcchtigkeit und Lebensqualit\u00e4t an Bord zu vereinen, ist eine gro\u00dfe Herausforderung! Die Vision des Architekten G\u00e9rard Danson beim Bau der ersten Outremer Segelkatamarane trifft auch heute noch zu: Sicherheit und Seet\u00fcchtigkeit auf offener See sind nicht verhandelbar. Anstatt die Anzahl der Kojen und B\u00e4der zu vervielfachen oder den Schwerpunkt auf Segelkaj\u00fctboote f\u00fcr die Vermietung zu legen, stellte er sich einen f\u00fcr Familien idealen Wohnraum vor und entwarf die f\u00fcr ein Langfahrt-Projekt geeigneten R\u00fcmpfe.<\/p>\n<p>Blauwassersegeln bedeutet, mit kleiner Besatzung unbekannte Ziele anzusteuern und dabei allen Wetterbedingungen gelassen entgegenblicken zu k\u00f6nnen. Ein Segelboot ist das Resultat vielf\u00e4ltiger, im Team getroffener Entscheidungen, aber wir machen im Design unserer Hochseekatamarane bei der Sicherheit Ihrer Familie keine Kompromisse.<\/p>\n\n<\/div>\n\n<div class=\"container-fluid block-col-text-image image-left\">\n  <div class=\"row align-items-center\">\n      <div class=\"col-image \">\n          <div class=\"image-wrap\" style=\"background-image: url(https:\/\/catamaran-outremer.com\/wp-content\/uploads\/2021\/02\/DSC_0103WEB.jpg );\"><\/div>\n      <\/div>\n      <div class=\"col-text \">\n        <h3>Das Outremer Konzept<\/h3>\n<p>Lange R\u00fcmpfe, in die alles eingebaut werden kann, was man f\u00fcr eine Langfahrt braucht. Zuverl\u00e4ssigkeit, die Gelassenheit und Vertrauen garantiert. Leistungsstarke Katamarane f\u00fcr Sicherheit und Vergn\u00fcgen zugleich. Perfekte Ergonomie f\u00fcr einfaches Man\u00f6vrieren ohne Stress. Ein Outremer Cruising Katamaran ist ein Teil des Lebens, von dem nur Freude und gemeinsam erlebte Emotionen bleiben sollen!<\/p>\n<p><strong>Grundlegende Prinzipien<\/strong><\/p>\n<p>\u2022 Design von den besten Architekten f\u00fcr ausgewogene, leistungsstarke Multihulls<br \/>\n\u2022 Eingehende Beurteilung der f\u00fcr die einzelnen Bereiche der Segelyacht eingesetzte Materialien und eine Kultur der Einhaltung von Gewichtsvorgaben<\/p>\n\n              <\/div>\n  <\/div>  \n<\/div>\n\n\n<div class=\"catamaran-section catamaran-keypoints bg-light-gray py-9\">\n  <div class=\"container\">\n    <div class=\"mb-9\"><h2>Eine hochwertige Konstruktion ohne Kompromisse<\/h2>\n<p>Diese Prinzipien haben Outremer Katamarane zum Ma\u00df der Dinge f\u00fcr Blauwasseryachten gemacht. Es ist unsere Berufung, Sie in jeder Phase Ihres Projekts zu begleiten und so zu erm\u00f6glichen, dass Sie Ihren Traum leben.<\/p>\n<p>Nach mehr als drei\u00dfig Jahren Katamaran-Design l\u00e4sst sich die Erfahrung von Outremer in drei grundlegenden Werten res\u00fcmieren:<\/p>\n<\/div>\n\n\n        \n         \n    <div class=\"row keypoint-item keypoint-item-text-left\">\n      <div class=\"col col-text\">\n        <div class=\"align-middle\">\n          <h3>Vertrauen<\/h3>\n<p>Outremer investiert seine ganze Energie in das Design und die Konstruktion hochseetauglicher Katamarane, die immer neue Standards f\u00fcr Sicherheit und Widerstandsf\u00e4higkeit setzen und \u00fcber eine einzigartige Seetauglichkeit verf\u00fcgen.<\/p>\n<p>Die Outremer Blauwasser-Katamarane sind so konzipiert, dass sie leicht einh\u00e4ndig oder mit kleiner Besatzung gesegelt werden k\u00f6nnen. Wir gehen bei den Segeleigenschaften keine Kompromisse ein, denn diese sind Garant f\u00fcr Sicherheit, Komfort und Leistung, sowie Langlebigkeit und Zuverl\u00e4ssigkeit.<\/p>\n<p>Die Outremer Langfahrt-Katamarane segeln mit Leichtigkeit und beispielloser Sicherheit bei jedem Wetter, so dass Sie vertrauensvoll Ihren Segelt\u00f6rn um die Welt genie\u00dfen k\u00f6nnen.<\/p>\n        <\/div>\n      <\/div>\n      <div class=\"col col-image\">\n        <div class=\"image-wrap\" style=\"background-image: url(https:\/\/catamaran-outremer.com\/wp-content\/uploads\/2021\/02\/IMG_2731.jpg);\"><\/div>\n      <\/div>\n    <\/div>\n         \n    <div class=\"row keypoint-item keypoint-item-text-right\">\n      <div class=\"col col-text\">\n        <div class=\"align-middle\">\n          <h3>Emotionen<\/h3>\n<p>F\u00fcr Outremer sind Emotionen das wichtigste Ziel. Jede Minute mit dem Katamaran soll f\u00fcr unsere Eigner ein emotionaler Moment sein:<\/p>\n<p>Die Freude, die Entstehung des nach Ihren Vorstellungen entworfenen Segelboots zu verfolgen.<br \/>\nFreude f\u00fcr alle Sinne auf Booten mit verf\u00fchrerischen Linien und gro\u00dfz\u00fcgigem Wohnraum.<br \/>\nDas Gef\u00fchl der Verbundenheit zwischen Ihnen, Ihrem Boot und dem Meer: das Gef\u00fchl der Schnelligkeit, die Freude am Segeln, das Gef\u00fchl der Sicherheit, die Ihr Multihull Ihnen bietet.<br \/>\n\u00dcber sich hinauswachsen, seine Projekte und Tr\u00e4ume verwirklichen: das Leben mit den Begleitern auf einer Weltumsegelung genie\u00dfen.<br \/>\nDas Zugeh\u00f6rigkeitsgef\u00fchl zu einer Community von Seglern, die sich gegenseitig sch\u00e4tzen und zwischenmenschliche Werte teilen.<\/p>\n        <\/div>\n      <\/div>\n      <div class=\"col col-image\">\n        <div class=\"image-wrap\" style=\"background-image: url(https:\/\/catamaran-outremer.com\/wp-content\/uploads\/2021\/02\/OD3A9899.jpg);\"><\/div>\n      <\/div>\n    <\/div>\n         \n    <div class=\"row keypoint-item keypoint-item-text-left\">\n      <div class=\"col col-text\">\n        <div class=\"align-middle\">\n          <h3>Leistung<\/h3>\n<p>Unsere Hochsee-Katamarane sind mit den neuesten f\u00fcr Wettfahrten entwickelten Technologien ausgestattet und als schnell und seet\u00fcchtig Boote \u00fcberall anerkannt. Sie bieten Ihnen einzigartige Segelerlebnisse, ohne auf Komfort und Wohlbefinden an Bord zu verzichten. Dieses Gleichgewicht ist ein Markenzeichen von Outremer. Die Outremer Katamarane sind bei allen Geschwindigkeiten leistungsstark und zeigen insbesondere beim Kreuzen von ihrer besten Seite.<\/p>\n<p>Leistung ist auch eine Garantie f\u00fcr Sicherheit bei Hochseekatamaranen: Verf\u00fcgbarkeit von Wettervorhersagen und M\u00f6glichkeiten, dem Wetter entsprechend zu handeln. Die Qualit\u00e4ten eines Outremer und die zunehmende Pr\u00e4zision der an Bord zur Verf\u00fcgung stehenden Wetterinformationen erm\u00f6glichen es Ihnen, mit einem Minimum an Know-how den verschiedensten Wetterbedingungen zu begegnen. Die hohen Durchschnittsgeschwindigkeiten der Outremer Hochseeyachten erlauben es, die Dauer einer \u00dcberfahrt zu verk\u00fcrzen und so das Risiko zu verringern, in ung\u00fcnstige Wetterlagen zu geraten. So k\u00f6nnen Sie die Auswirkungen des Wetters antizipieren und den Kurs entsprechend anpassen, z.B. indem Sie das Boot auf die richtige Seite eines Tiefdruckgebietes bringen.<\/p>\n<p>Geschwindigkeit ist ein grundlegendes Element der aktiven Sicherheit: schnell einen sicheren Ort erreichen, einer schwierigen Wetterlage entkommen, sich von einer Leek\u00fcste entfernen, tags\u00fcber zwischen zwei Inseln hindurchsegeln \u2013 es gibt im Leben eines Seglers viele Situationen, in denen er sich auf die Leistung seines Bootes verlassen k\u00f6nnen muss.<\/p>\n        <\/div>\n      <\/div>\n      <div class=\"col col-image\">\n        <div class=\"image-wrap\" style=\"background-image: url(https:\/\/catamaran-outremer.com\/wp-content\/uploads\/2021\/02\/OY_5X_coque_hd_WEB.jpg);\"><\/div>\n      <\/div>\n    <\/div>\n            \n          <a class=\"btn btn-primary\" href=\"https:\/\/catamaran-outremer.com\/de\/unsere-community\/\">Erfahrungsberichte unserer Eigner<\/a>\n        \n      <\/div>\n\n<\/div>","protected":false},"excerpt":{"rendered":"","protected":false},"author":4,"featured_media":0,"parent":4275,"menu_order":0,"comment_status":"closed","ping_status":"closed","template":"","meta":{"_acf_changed":false,"inline_featured_image":false,"footnotes":""},"class_list":["post-4290","page","type-page","status-publish","hentry"],"acf":[],"_links":{"self":[{"href":"https:\/\/catamaran-outremer.com\/de\/wp-json\/wp\/v2\/pages\/4290","targetHints":{"allow":["GET"]}}],"collection":[{"href":"https:\/\/catamaran-outremer.com\/de\/wp-json\/wp\/v2\/pages"}],"about":[{"href":"https:\/\/catamaran-outremer.com\/de\/wp-json\/wp\/v2\/types\/page"}],"author":[{"embeddable":true,"href":"https:\/\/catamaran-outremer.com\/de\/wp-json\/wp\/v2\/users\/4"}],"replies":[{"embeddable":true,"href":"https:\/\/catamaran-outremer.com\/de\/wp-json\/wp\/v2\/comments?post=4290"}],"version-history":[{"count":0,"href":"https:\/\/catamaran-outremer.com\/de\/wp-json\/wp\/v2\/pages\/4290\/revisions"}],"up":[{"embeddable":true,"href":"https:\/\/catamaran-outremer.com\/de\/wp-json\/wp\/v2\/pages\/4275"}],"wp:attachment":[{"href":"https:\/\/catamaran-outremer.com\/de\/wp-json\/wp\/v2\/media?parent=4290"}],"curies":[{"name":"wp","href":"https:\/\/api.w.org\/{rel}","templated":true}]}}