{"id":4275,"date":"2021-01-28T15:36:39","date_gmt":"2021-01-28T15:36:39","guid":{"rendered":"https:\/\/catamaran-outremer.com\/about-outremer\/"},"modified":"2023-02-22T15:13:34","modified_gmt":"2023-02-22T15:13:34","slug":"ueber-uns","status":"publish","type":"page","link":"https:\/\/catamaran-outremer.com\/de\/ueber-uns\/","title":{"rendered":"\u00dcber Outremer &#8211; franz\u00f6sischer Katamaran-Hersteller"},"content":{"rendered":"<p>Seit 1984 bauen wir seet\u00fcchtige und gleichzeitig komfortable Hochseekatamarane in La Grande-Motte, am Mittelmeer in Frankreich.<\/p>\n<p>Blauwassersegeln bedeutet, mit kleiner Besatzung unbekannte Ziele anzusteuern und dabei allen Wetterbedingungen gelassen entgegenblicken zu k\u00f6nnen. Ein Segelboot ist das Resultat vielf\u00e4ltiger, im Team getroffener Entscheidungen, aber als verantwortungsvoller Hersteller von Katamaranen machen wir bei der Sicherheit Ihrer Familie keine Kompromisse.<\/p>\n","protected":false},"excerpt":{"rendered":"<p>Seit 1984 bauen wir seet\u00fcchtige und gleichzeitig komfortable Hochseekatamarane in La Grande-Motte, am Mittelmeer in Frankreich. Blauwassersegeln bedeutet, mit kleiner Besatzung unbekannte Ziele anzusteuern und dabei allen Wetterbedingungen gelassen entgegenblicken zu k\u00f6nnen. Ein Segelboot ist das Resultat vielf\u00e4ltiger, im Team getroffener Entscheidungen, aber als verantwortungsvoller Hersteller von Katamaranen machen wir bei der Sicherheit Ihrer Familie &hellip; <a href=\"https:\/\/catamaran-outremer.com\/de\/ueber-uns\/\">Continued<\/a><\/p>\n","protected":false},"author":4,"featured_media":0,"parent":0,"menu_order":0,"comment_status":"closed","ping_status":"closed","template":"views\/template-card-list.blade.php","meta":{"_acf_changed":false,"inline_featured_image":false,"footnotes":""},"class_list":["post-4275","page","type-page","status-publish","hentry"],"acf":[],"_links":{"self":[{"href":"https:\/\/catamaran-outremer.com\/de\/wp-json\/wp\/v2\/pages\/4275","targetHints":{"allow":["GET"]}}],"collection":[{"href":"https:\/\/catamaran-outremer.com\/de\/wp-json\/wp\/v2\/pages"}],"about":[{"href":"https:\/\/catamaran-outremer.com\/de\/wp-json\/wp\/v2\/types\/page"}],"author":[{"embeddable":true,"href":"https:\/\/catamaran-outremer.com\/de\/wp-json\/wp\/v2\/users\/4"}],"replies":[{"embeddable":true,"href":"https:\/\/catamaran-outremer.com\/de\/wp-json\/wp\/v2\/comments?post=4275"}],"version-history":[{"count":0,"href":"https:\/\/catamaran-outremer.com\/de\/wp-json\/wp\/v2\/pages\/4275\/revisions"}],"wp:attachment":[{"href":"https:\/\/catamaran-outremer.com\/de\/wp-json\/wp\/v2\/media?parent=4275"}],"curies":[{"name":"wp","href":"https:\/\/api.w.org\/{rel}","templated":true}]}}