{"id":4252,"date":"2021-01-28T15:35:17","date_gmt":"2021-01-28T15:35:17","guid":{"rendered":"https:\/\/catamaran-outremer.com\/unser-service\/offshore-connected-maintenance\/"},"modified":"2025-03-19T09:25:14","modified_gmt":"2025-03-19T09:25:14","slug":"offshore-connected-maintenance","status":"publish","type":"page","link":"https:\/\/catamaran-outremer.com\/de\/unser-service\/offshore-connected-maintenance\/","title":{"rendered":"Offshore Connected Maintenance"},"content":{"rendered":"<div class=\"container px-5 px-sm-0 mb-9 header-overlapping-image\">\n  <div style=\"position:relative;\">\n    <img decoding=\"async\" class=\"small-image\" src=\"https:\/\/catamaran-outremer.com\/wp-content\/uploads\/2021\/02\/IMGL8391WEB.jpg\" alt=\"\" title=\"\">  \n    <img decoding=\"async\" class=\"big-image\" src=\"https:\/\/catamaran-outremer.com\/wp-content\/uploads\/2021\/02\/Outremer-catamaran-e-maintenance-ocm-8WEB.jpg\" alt=\"\" title=\"\">   \n  <\/div>\n<\/div>\n\n\n<div class=\"section-textcolumns\">\n  <div class=\"container\">\n    <div class=\"mb-6\"><h3>In Echtzeit \u00fcber den Zustand des Bootes informiert<\/h3>\n<\/div>\n\n\n        \n      <div class=\"row\">\n       \n      \n        <div class=\"col-6\">\n\n            <p><strong>Sicherheit und Zuverl\u00e4ssigkeit geh\u00f6ren zu den wichtigsten Anforderungen von Blauwasserseglern.<\/strong><\/p>\n<ul>\n<li>Ausf\u00e4lle und Pannen vermeiden: keine b\u00f6sen \u00dcberraschungen<\/li>\n<li>Den bestm\u00f6glichen \u00dcberblick \u00fcber den Zustand des Segelbootes behalten<\/li>\n<li>Nicht wegen einer Panne in einem Hafen steckenbleiben<\/li>\n<li>Vorbeugende Wartung erm\u00f6glichen<\/li>\n<li>Die Besatzung soll h\u00f6chstm\u00f6gliches Vertrauen in den Zustand ihres Katamarans haben.<\/li>\n<\/ul>\n\n        <\/div>\n\n       \n      \n        <div class=\"col-6\">\n\n            <p><strong>Das Offshore Connected Maintenance System von Outremer erm\u00f6glicht Kontrolle, Wartung und Pflege von Yachten in Privatbesitz weltweit.<\/strong><\/p>\n<ul>\n<li>Die \u00fcberwachten Indikatoren betreffen Sicherheit, Energieerzeugung, Energieverbrauch und Komfort<\/li>\n<li>Anzeige des Zustands Ihres Langfahrt-Katamarans<\/li>\n<li>Automatische oder manuelle Daten\u00fcbertragung auf unsere Server<\/li>\n<li>Datenerfassung f\u00fcr die gesamte Flotte<\/li>\n<li>Big Data Analyse<\/li>\n<li>Empfehlungen der Werft<\/li>\n<\/ul>\n\n        <\/div>\n\n       \n      \n        <div class=\"col-6\">\n\n            <p><strong>Zahlreiche Vorteile<\/strong><\/p>\n<ul>\n<li>Mehrere Kontrollpunkte, die bislang nicht \u00fcberwacht wurden<\/li>\n<li>Detaillierte \u00dcbersicht \u00fcber die Energieproduktion an Bord<\/li>\n<li>\u00dcberwachung der Hauptverbraucher<\/li>\n<li>Optimierung der Autonomie (Strom\/Wasser\/Gas)<\/li>\n<li>M\u00f6glichkeit eines erweiterten Supports<\/li>\n<li>Versand (manuell oder automatisch) der f\u00fcr eine Diagnose ben\u00f6tigten Daten<\/li>\n<li>Gezielte Erkennung von m\u00f6glichen Fehlfunktionen<\/li>\n<li>Hilfe von der Werft zur Behebung einer Panne<\/li>\n<li>M\u00f6glichkeit der vorbeugenden Wartung Ihres Hochseekatamarans<\/li>\n<li>Nutzung der Erfahrung der gesamten Flotte der Grand Large Gruppe<\/li>\n<\/ul>\n\n        <\/div>\n\n            <\/div>\n    \n  <\/div>\n\n<\/div>\n\n<div class=\"container mb-9\">\n    <p style=\"text-align: center\"><strong>Ein von der Region Okzitanien unterst\u00fctztes Projekt<\/strong><\/p>\n<p>&nbsp;<\/p>\n<p style=\"text-align: center\"><img decoding=\"async\" class=\"alignnone wp-image-21434\" src=\"https:\/\/catamaran-outremer.com\/wp-content\/uploads\/2024\/07\/Logo-region-300x200.png\" alt=\"\" width=\"195\" height=\"130\" srcset=\"https:\/\/catamaran-outremer.com\/wp-content\/uploads\/2024\/07\/Logo-region-300x200.png 300w, https:\/\/catamaran-outremer.com\/wp-content\/uploads\/2024\/07\/Logo-region-1024x682.png 1024w, https:\/\/catamaran-outremer.com\/wp-content\/uploads\/2024\/07\/Logo-region-768x512.png 768w, https:\/\/catamaran-outremer.com\/wp-content\/uploads\/2024\/07\/Logo-region.png 1280w\" sizes=\"(max-width: 195px) 100vw, 195px\" title=\"\"><\/p>\n\n<\/div>","protected":false},"excerpt":{"rendered":"","protected":false},"author":1,"featured_media":0,"parent":4225,"menu_order":0,"comment_status":"closed","ping_status":"closed","template":"","meta":{"_acf_changed":true,"content-type":"","inline_featured_image":false,"footnotes":""},"class_list":["post-4252","page","type-page","status-publish","hentry"],"acf":[],"_links":{"self":[{"href":"https:\/\/catamaran-outremer.com\/de\/wp-json\/wp\/v2\/pages\/4252","targetHints":{"allow":["GET"]}}],"collection":[{"href":"https:\/\/catamaran-outremer.com\/de\/wp-json\/wp\/v2\/pages"}],"about":[{"href":"https:\/\/catamaran-outremer.com\/de\/wp-json\/wp\/v2\/types\/page"}],"author":[{"embeddable":true,"href":"https:\/\/catamaran-outremer.com\/de\/wp-json\/wp\/v2\/users\/1"}],"replies":[{"embeddable":true,"href":"https:\/\/catamaran-outremer.com\/de\/wp-json\/wp\/v2\/comments?post=4252"}],"version-history":[{"count":0,"href":"https:\/\/catamaran-outremer.com\/de\/wp-json\/wp\/v2\/pages\/4252\/revisions"}],"up":[{"embeddable":true,"href":"https:\/\/catamaran-outremer.com\/de\/wp-json\/wp\/v2\/pages\/4225"}],"wp:attachment":[{"href":"https:\/\/catamaran-outremer.com\/de\/wp-json\/wp\/v2\/media?parent=4252"}],"curies":[{"name":"wp","href":"https:\/\/api.w.org\/{rel}","templated":true}]}}