{"id":4247,"date":"2021-01-28T15:35:39","date_gmt":"2021-01-28T15:35:39","guid":{"rendered":"https:\/\/catamaran-outremer.com\/unser-service\/refit\/"},"modified":"2022-09-05T13:32:00","modified_gmt":"2022-09-05T13:32:00","slug":"refit","status":"publish","type":"page","link":"https:\/\/catamaran-outremer.com\/de\/unser-service\/refit\/","title":{"rendered":"Refit-Service f\u00fcr Ihren Katamaran"},"content":{"rendered":"<div class=\"container px-5 px-sm-0 mb-9 header-overlapping-image\">\n  <div style=\"position:relative;\">\n    <img decoding=\"async\" class=\"small-image\" src=\"https:\/\/catamaran-outremer.com\/wp-content\/uploads\/2021\/02\/IMG_20200507_152020-scaled-1-1.jpg\" alt=\"\" title=\"\">  \n    <img decoding=\"async\" class=\"big-image\" src=\"https:\/\/catamaran-outremer.com\/wp-content\/uploads\/2021\/02\/IMG_20200615_100411-scaled-1.jpg\" alt=\"\" title=\"\">   \n  <\/div>\n<\/div>\n\n\n<div class=\"container mb-9\">\n    <h3>Ihr Outremer-Katamaran ist f\u00fcr eine Lebensdauer von mehr als 50 Jahren konzipiert.<\/h3>\n<p>Zu den Refit-Dienstleistungen, die in unserer Katamaran-Werft durchgef\u00fchrt werden, geh\u00f6ren Wartung, Verbesserung oder Umbau Ihres Outremer Fahrtenkatamarans ganz nach Ihren Bed\u00fcrfnissen.<\/p>\n<p><strong>Die Refit-Dienstleistungen der Outremer Werft<\/strong><\/p>\n<ul>\n<li>\u00dcberholung der Motoren und der Ausr\u00fcstung<\/li>\n<li>Rumpfpflege<\/li>\n<li>Versorgung mit Ersatzteilen<\/li>\n<\/ul>\n<p>Wir bieten Ihnen auch Upgrades an, wie z. B. den Einbau von Solarzellen, elektrische Winschen, Ausbau der Skipperkabine, Cockpitschutz aus Sunbrella, usw.<\/p>\n\n<\/div>\n\n<div class=\"container-fluid \">\n  <div class=\"section-contact \">\n    <div class=\"container text-center\">\n      <div class=\"mb-5\"><h3>Mehr erfahren<\/h3>\n<p>Sie sind Eigner oder auf der Suche nach einem gebrauchten Outremer Hochseekatamaran, den Sie vor Ihrer Weltumsegelung \u00fcberholen lassen wollen?<br \/>\nUnser Team stehen Ihnen jederzeit f\u00fcr Fragen zur Verf\u00fcgung!<\/p>\n<\/div>\n      \n          <\/div>\n  <\/div>\n<\/div>","protected":false},"excerpt":{"rendered":"","protected":false},"author":4,"featured_media":0,"parent":4225,"menu_order":0,"comment_status":"closed","ping_status":"closed","template":"","meta":{"_acf_changed":false,"content-type":"","inline_featured_image":false,"footnotes":""},"class_list":["post-4247","page","type-page","status-publish","hentry"],"acf":[],"_links":{"self":[{"href":"https:\/\/catamaran-outremer.com\/de\/wp-json\/wp\/v2\/pages\/4247","targetHints":{"allow":["GET"]}}],"collection":[{"href":"https:\/\/catamaran-outremer.com\/de\/wp-json\/wp\/v2\/pages"}],"about":[{"href":"https:\/\/catamaran-outremer.com\/de\/wp-json\/wp\/v2\/types\/page"}],"author":[{"embeddable":true,"href":"https:\/\/catamaran-outremer.com\/de\/wp-json\/wp\/v2\/users\/4"}],"replies":[{"embeddable":true,"href":"https:\/\/catamaran-outremer.com\/de\/wp-json\/wp\/v2\/comments?post=4247"}],"version-history":[{"count":0,"href":"https:\/\/catamaran-outremer.com\/de\/wp-json\/wp\/v2\/pages\/4247\/revisions"}],"up":[{"embeddable":true,"href":"https:\/\/catamaran-outremer.com\/de\/wp-json\/wp\/v2\/pages\/4225"}],"wp:attachment":[{"href":"https:\/\/catamaran-outremer.com\/de\/wp-json\/wp\/v2\/media?parent=4247"}],"curies":[{"name":"wp","href":"https:\/\/api.w.org\/{rel}","templated":true}]}}