{"id":4231,"date":"2021-01-28T15:36:15","date_gmt":"2021-01-28T15:36:15","guid":{"rendered":"https:\/\/catamaran-outremer.com\/unser-service\/after-sales-and-quality-control\/"},"modified":"2024-09-23T12:51:00","modified_gmt":"2024-09-23T12:51:00","slug":"kundenservice","status":"publish","type":"page","link":"https:\/\/catamaran-outremer.com\/de\/unser-service\/kundenservice\/","title":{"rendered":"Kundenservice &#038; Qualit\u00e4tsmanagement"},"content":{"rendered":"<div class=\"container px-5 px-sm-0 mb-9 header-overlapping-image\">\n  <div style=\"position:relative;\">\n    <img decoding=\"async\" class=\"small-image\" src=\"https:\/\/catamaran-outremer.com\/wp-content\/uploads\/2021\/04\/IMG_20200730_154020.jpg\" alt=\"\" title=\"\">  \n    <img decoding=\"async\" class=\"big-image\" src=\"https:\/\/catamaran-outremer.com\/wp-content\/uploads\/2021\/04\/IMG_20200615_100411-scaled.jpg\" alt=\"\" title=\"\">   \n  <\/div>\n<\/div>\n\n\n<div class=\"container-fluid block-col-text-image image-right\">\n  <div class=\"row align-items-center\">\n      <div class=\"col-image \">\n          <div class=\"image-wrap\" style=\"background-image: url(https:\/\/catamaran-outremer.com\/wp-content\/uploads\/2021\/02\/MVIMG_20200730_153109.jpg );\"><\/div>\n      <\/div>\n      <div class=\"col-text \">\n        <h3>Wer kennt Ihren Outremer Blauwasserkatamaran besser als die Outremer Werft?<\/h3>\n<p><strong>Ein Outremer zu kaufen bedeutet, einer Familie beizutreten<\/strong><\/p>\n<p>Wenn Sie Eigner eines Outremer Hochseekatamarans werden, egal ob neu oder gebraucht, ist die Outremer Werft Ihr erster Ansprechpartner f\u00fcr jegliche technischen Arbeiten. Mit Hilfe unserer Partner stellen wir die Pflege und Wartung Ihres Segelbootes w\u00e4hrend seiner gesamten Lebensdauer sicher.<\/p>\n\n              <\/div>\n  <\/div>  \n<\/div>\n\n\n<div class=\"container-fluid \">\n  <div class=\"section-grey py-9 mb-9\">\n    <div class=\"container text-center\">\n      <div class=\"mb-5\"><h3>Unsere Garantie<\/h3>\n<p><span style=\"color: #00aeef\"><strong>2 Jahre Garantie auf Material und Arbeiten<\/strong><\/span><\/p>\n<p>W\u00e4hrend der 2 Jahre, die auf die Auslieferung Ihres Multihulls folgen, \u00fcbernimmt die Outremer Werft die anfallenden Reparaturen Ihres Katamarans.<\/p>\n<p>Der technische Kundendienst von Outremer oder einer unserer professionellen Partner f\u00fchrt die Reparaturen durch, egal wo auf der Welt Sie sich befinden.<\/p>\n<\/div>\n          <\/div>\n  <\/div>\n<\/div>\n\n<div class=\"mb-4 text-center\"><h3>Das Team Ihres Vertrauens<\/h3>\n<p>Unser technischer Support ist stolz auf seinen personalisierten Service. Gutes Zuh\u00f6ren, Wohlwollen und Kunden\u00e4he sind dabei selbstverst\u00e4ndlich.<\/p>\n<\/div>\n\n\n\n<div class=\"slider-wrap bg-light-gray\">\n  <div class=\"slick-container slider-indented\">\n    <div class=\"slick-wrapper\">\n       \n      <div class=\"slick-slide\">\n        <img decoding=\"async\" src=\"https:\/\/catamaran-outremer.com\/wp-content\/uploads\/2021\/02\/IMGL6991.jpg\" alt=\"\" title=\"\">\n      <\/div>\n\n       \n      <div class=\"slick-slide\">\n        <img decoding=\"async\" src=\"https:\/\/catamaran-outremer.com\/wp-content\/uploads\/2021\/05\/IMGL7694.jpg\" alt=\"\" title=\"\">\n      <\/div>\n\n       \n      <div class=\"slick-slide\">\n        <img decoding=\"async\" src=\"https:\/\/catamaran-outremer.com\/wp-content\/uploads\/2021\/02\/IMGL2250.jpg\" alt=\"\" title=\"\">\n      <\/div>\n\n       \n      <div class=\"slick-slide\">\n        <img decoding=\"async\" src=\"https:\/\/catamaran-outremer.com\/wp-content\/uploads\/2021\/02\/IMGL2188WEB.jpg\" alt=\"\" title=\"\">\n      <\/div>\n\n          <\/div>\n    <div class=\"slick-nav-wrap\">\n        <div class=\"slick-progress\" role=\"progressbar\" aria-valuemin=\"5\" aria-valuemax=\"100\"><\/div>\n      <div class=\"slick-nav-btn\">\n        <div class=\"slick-button-prev\"><\/div>\n        <div class=\"slick-button-next\"><\/div>\n      <\/div>\n    <\/div>\n\n  <\/div>\n<\/div>\n\n\n<div class=\"container-fluid \">\n  <div class=\"section-contact \">\n    <div class=\"container text-center\">\n      <div class=\"mb-5\"><h3>Mehr erfahren<\/h3>\n<p>Ein zuverl\u00e4ssiger Outremer Kundenservice mit einem tadellosen Qualit\u00e4tsmanagement &#8211; <\/p>\n<p>&nbsp;<\/p>\n<p><strong>Sie sind Eigner eines Outremer Langfahrt Katamarans<\/strong><\/p>\n<p>F\u00fcr Fragen an den Kundenservice senden Sie bitte eine E-Mail an <a href=\"mailto:sav@catamaran-outremer.com\">sav@catamaran-outremer.com<\/a><\/p>\n<\/div>\n      \n          <\/div>\n  <\/div>\n<\/div>","protected":false},"excerpt":{"rendered":"","protected":false},"author":1,"featured_media":0,"parent":4225,"menu_order":0,"comment_status":"closed","ping_status":"closed","template":"","meta":{"_acf_changed":true,"content-type":"","inline_featured_image":false,"footnotes":""},"class_list":["post-4231","page","type-page","status-publish","hentry"],"acf":[],"_links":{"self":[{"href":"https:\/\/catamaran-outremer.com\/de\/wp-json\/wp\/v2\/pages\/4231","targetHints":{"allow":["GET"]}}],"collection":[{"href":"https:\/\/catamaran-outremer.com\/de\/wp-json\/wp\/v2\/pages"}],"about":[{"href":"https:\/\/catamaran-outremer.com\/de\/wp-json\/wp\/v2\/types\/page"}],"author":[{"embeddable":true,"href":"https:\/\/catamaran-outremer.com\/de\/wp-json\/wp\/v2\/users\/1"}],"replies":[{"embeddable":true,"href":"https:\/\/catamaran-outremer.com\/de\/wp-json\/wp\/v2\/comments?post=4231"}],"version-history":[{"count":0,"href":"https:\/\/catamaran-outremer.com\/de\/wp-json\/wp\/v2\/pages\/4231\/revisions"}],"up":[{"embeddable":true,"href":"https:\/\/catamaran-outremer.com\/de\/wp-json\/wp\/v2\/pages\/4225"}],"wp:attachment":[{"href":"https:\/\/catamaran-outremer.com\/de\/wp-json\/wp\/v2\/media?parent=4231"}],"curies":[{"name":"wp","href":"https:\/\/api.w.org\/{rel}","templated":true}]}}