{"id":4225,"date":"2021-01-28T15:32:15","date_gmt":"2021-01-28T15:32:15","guid":{"rendered":"https:\/\/catamaran-outremer.com\/our-services\/"},"modified":"2025-12-02T10:58:35","modified_gmt":"2025-12-02T08:58:35","slug":"unser-service","status":"publish","type":"page","link":"https:\/\/catamaran-outremer.com\/de\/unser-service\/","title":{"rendered":"Unsere Service-Dienstleistungen"},"content":{"rendered":"<p>Immer an Ihrer Seite \u2013 mit einer umfassenden und pers\u00f6nlichen Betreuung.<\/p>\n<p>Um unsere Kundenbetreuung stetig zu verbessern, haben wir Outremer Services geschaffen. Dieser Unternehmenszweig, der zu Grand Large Services geh\u00f6rt, bietet Antworten und L\u00f6sungen f\u00fcr alle Ihre Bed\u00fcrfnisse, vom Kauf bis zum Wiederverkauf Ihres hochseetauglichen Katamarans.<\/p>\n","protected":false},"excerpt":{"rendered":"<p>Immer an Ihrer Seite \u2013 mit einer umfassenden und pers\u00f6nlichen Betreuung. Um unsere Kundenbetreuung stetig zu verbessern, haben wir Outremer Services geschaffen. Dieser Unternehmenszweig, der zu Grand Large Services geh\u00f6rt, bietet Antworten und L\u00f6sungen f\u00fcr alle Ihre Bed\u00fcrfnisse, vom Kauf bis zum Wiederverkauf Ihres hochseetauglichen Katamarans.<\/p>\n","protected":false},"author":4,"featured_media":0,"parent":0,"menu_order":0,"comment_status":"closed","ping_status":"closed","template":"views\/template-card-list.blade.php","meta":{"_acf_changed":true,"content-type":"","inline_featured_image":false,"footnotes":""},"class_list":["post-4225","page","type-page","status-publish","hentry"],"acf":[],"_links":{"self":[{"href":"https:\/\/catamaran-outremer.com\/de\/wp-json\/wp\/v2\/pages\/4225","targetHints":{"allow":["GET"]}}],"collection":[{"href":"https:\/\/catamaran-outremer.com\/de\/wp-json\/wp\/v2\/pages"}],"about":[{"href":"https:\/\/catamaran-outremer.com\/de\/wp-json\/wp\/v2\/types\/page"}],"author":[{"embeddable":true,"href":"https:\/\/catamaran-outremer.com\/de\/wp-json\/wp\/v2\/users\/4"}],"replies":[{"embeddable":true,"href":"https:\/\/catamaran-outremer.com\/de\/wp-json\/wp\/v2\/comments?post=4225"}],"version-history":[{"count":0,"href":"https:\/\/catamaran-outremer.com\/de\/wp-json\/wp\/v2\/pages\/4225\/revisions"}],"wp:attachment":[{"href":"https:\/\/catamaran-outremer.com\/de\/wp-json\/wp\/v2\/media?parent=4225"}],"curies":[{"name":"wp","href":"https:\/\/api.w.org\/{rel}","templated":true}]}}