{"id":4204,"date":"2021-06-03T13:02:00","date_gmt":"2021-06-03T13:02:00","guid":{"rendered":"https:\/\/catamaran-outremer.com\/outremer-training\/"},"modified":"2025-03-28T13:21:42","modified_gmt":"2025-03-28T13:21:42","slug":"outremer-ausbildung","status":"publish","type":"page","link":"https:\/\/catamaran-outremer.com\/de\/outremer-ausbildung\/","title":{"rendered":"Katamaran-Training und Segelkurse f\u00fcr unsere Katamarane"},"content":{"rendered":"<div class=\"container px-5 px-sm-0 mb-9 header-overlapping-image\">\n  <div style=\"position:relative;\">\n    <img decoding=\"async\" class=\"small-image\" src=\"https:\/\/catamaran-outremer.com\/wp-content\/uploads\/2024\/12\/AF7A0838-1.jpg\" alt=\"\" title=\"\">  \n    <img decoding=\"async\" class=\"big-image\" src=\"https:\/\/catamaran-outremer.com\/wp-content\/uploads\/2024\/12\/CB2I7175.jpg\" alt=\"\" title=\"\">   \n  <\/div>\n<\/div>\n\n\n<div class=\"container mb-9\">\n    <h2 style=\"text-align: center\">Outremer Week<\/h2>\n<p style=\"text-align: center\"><span style=\"color: #00aeef\"><strong>Verfolgen Sie ein einzigartiges Trainingsprogramm, das von Outremer f\u00fcr seine Gemeinschaft von passionierten Besitzern entwickelt wurde!<\/strong><\/span><\/p>\n<p style=\"text-align: center\">Die Outremer Week ist ein 5-t\u00e4giges Intensivtraining, das Ihnen hilft, Ihre F\u00e4higkeiten schnell zu erwerben oder zu verbessern.<\/p>\n<p style=\"text-align: center\">Rendezvous unter der Sonne von La Grande-Motte, nur wenige Schritte von der Outremer-Werft entfernt, f\u00fcr eine Woche, die Training an Land und auf See mit Momenten der Entspannung und Geselligkeit verbindet, um den Austausch zwischen den Teilnehmern zu f\u00f6rdern.<\/p>\n\n<\/div>\n\n<div class=\"section-stepsnavtabs\">\n\n  <div class=\"container mb-6\"><\/div>\n\n  <div class=\"container-fluid\">\n            <div class=\"row tabs-wrap\">\n      <div class=\"col-nav\">\n        <nav>\n          <div class=\"nav nav-tabs\" id=\"nav-tab-steps\" role=\"tablist\">\n                         \n            <a class=\"nav-item nav-link active\" id=\"steps-tabs-block_6a36077f3283edfe6c056404ca5eec86-0\"\n              data-toggle=\"tab\" href=\"#nav-steps-block_6a36077f3283edfe6c056404ca5eec86-0\" role=\"tab\"\n              aria-controls=\"nav-steps-block_6a36077f3283edfe6c056404ca5eec86-0\" aria-selected=\"true\">\n              Qualifizierte Referenten\n            <\/a>\n                         \n            <a class=\"nav-item nav-link \" id=\"steps-tabs-block_6a36077f3283edfe6c056404ca5eec86-1\"\n              data-toggle=\"tab\" href=\"#nav-steps-block_6a36077f3283edfe6c056404ca5eec86-1\" role=\"tab\"\n              aria-controls=\"nav-steps-block_6a36077f3283edfe6c056404ca5eec86-1\" aria-selected=\"true\">\n              Ein personalisiertes Schulungsprogramm\n            <\/a>\n                         \n            <a class=\"nav-item nav-link \" id=\"steps-tabs-block_6a36077f3283edfe6c056404ca5eec86-2\"\n              data-toggle=\"tab\" href=\"#nav-steps-block_6a36077f3283edfe6c056404ca5eec86-2\" role=\"tab\"\n              aria-controls=\"nav-steps-block_6a36077f3283edfe6c056404ca5eec86-2\" aria-selected=\"true\">\n              Zwei Sitzungen pro Jahr\n            <\/a>\n                                  <\/div>\n        <\/nav>\n      <\/div>\n      <div class=\"col-content\">\n\n                <div class=\"tab-content\" id=\"nav-tabContent\">\n                     <div class=\"tab-pane fade active show\" id=\"nav-steps-block_6a36077f3283edfe6c056404ca5eec86-0\"\n            role=\"tabpanel\" aria-labelledby=\"nav-steps-block_6a36077f3283edfe6c056404ca5eec86-0\">\n\n            <div class=\"row row-eq-height content-wrap\">\n              <div class=\"col-text\">\n                <h4>Geleitet von qualifizierten Referenten<\/h4>\n<p>&nbsp;<\/p>\n<p>In dieser Schulungswoche k\u00f6nnen Sie Ihr Segelprojekt vorbereiten, Ihre theoretischen und praktischen nautischen Kenntnisse verbessern und Ihre Erfahrungen und Ihre Leidenschaft mit anderen Outremer-Eignern teilen.<\/p>\n              <\/div>\n              <div class=\"col-image\">\n                <div class=\"image-wrap\" style=\"background-image: url(https:\/\/catamaran-outremer.com\/wp-content\/uploads\/2024\/12\/CB2I7096-e1734944812330.jpg)\"><\/div>\n              <\/div>\n            <\/div>\n\n\n          <\/div>\n                               <div class=\"tab-pane fade \" id=\"nav-steps-block_6a36077f3283edfe6c056404ca5eec86-1\"\n            role=\"tabpanel\" aria-labelledby=\"nav-steps-block_6a36077f3283edfe6c056404ca5eec86-1\">\n\n            <div class=\"row row-eq-height content-wrap\">\n              <div class=\"col-text\">\n                <h4>Passen Sie Ihren Kursplan an<\/h4>\n<p>&nbsp;<\/p>\n<p>W\u00e4hlen Sie je nach Bedarf aus den verschiedenen angebotenen Modulen: Wetterrouting, Elektronik, Medizin, Hafen- und Seeman\u00f6ver und mehr. Profitieren Sie von unserem umfassenden Support-Paket, um schnell und unbesorgt in See stechen zu k\u00f6nnen!<\/p>\n              <\/div>\n              <div class=\"col-image\">\n                <div class=\"image-wrap\" style=\"background-image: url(https:\/\/catamaran-outremer.com\/wp-content\/uploads\/2024\/12\/AF7A1475.jpg)\"><\/div>\n              <\/div>\n            <\/div>\n\n\n          <\/div>\n                               <div class=\"tab-pane fade \" id=\"nav-steps-block_6a36077f3283edfe6c056404ca5eec86-2\"\n            role=\"tabpanel\" aria-labelledby=\"nav-steps-block_6a36077f3283edfe6c056404ca5eec86-2\">\n\n            <div class=\"row row-eq-height content-wrap\">\n              <div class=\"col-text\">\n                <h4>Wir bieten zwei Ausgaben pro Jahr an<\/h4>\n<p>&nbsp;<\/p>\n<p>Nehmen Sie an der Outremer-Woche im Fr\u00fchjahr und\/oder der Outremer-Woche im Herbst teil, mit Kursen auf Franz\u00f6sisch und Englisch, um unsere internationale Gemeinschaft bestm\u00f6glich zu unterst\u00fctzen.<\/p>\n<p>Bei unserer letzten Fr\u00fchjahrsausgabe 2024 waren \u00fcber 15 Nationalit\u00e4ten vertreten!<\/p>\n              <\/div>\n              <div class=\"col-image\">\n                <div class=\"image-wrap\" style=\"background-image: url(https:\/\/catamaran-outremer.com\/wp-content\/uploads\/2024\/12\/AF7A1183-3.jpg)\"><\/div>\n              <\/div>\n            <\/div>\n\n\n          <\/div>\n                            <\/div>\n      <\/div>\n    <\/div>\n    \n  <\/div>\n\n<\/div>\n\n<div class=\"container mb-9\">\n    <p style=\"text-align: center\">\u275dWas f\u00fcr eine tolle Woche! Wir haben es sehr genossen, in La Grande Motte zu sein und haben in diesen Tagen so viel gelernt. Aber neben dem Inhalt f\u00fchlten wir uns wirklich als Teil der Familie und sch\u00e4tzten Ihren herzlichen, kompetenten und sehr f\u00fcrsorglichen Umgang mit all unseren W\u00fcnschen sehr.\u275e<\/p>\n<p style=\"text-align: center\"><em>Bent und Andrea &#8211; Zuk\u00fcnftige Besitzer eines Outremer 45 &#8211; Teilnehmer der Outremer Week Spring 2021<\/em><\/p>\n\n<\/div>\n\n<div class=\"catamaran-section catamaran-keypoints bg-light-gray py-9\">\n  <div class=\"container\">\n    <div class=\"mb-9\"><h2 style=\"text-align: center;\">Ganzj\u00e4hrige Ausbildungskurse<\/h2>\n<p style=\"text-align: center;\"><span style=\"color: #00aeef;\"><strong>Mixed und Ladies Only, unsere Kurse sind auf Ihre individuellen Bed\u00fcrfnisse zugeschnitten, damit Sie Ihr Outremer verstehen und Ihr Segelabenteuer in aller Ruhe angehen k\u00f6nnen.<\/strong><\/span><\/p>\n<p>&nbsp;<\/p>\n<\/div>\n\n\n        \n         \n    <div class=\"row keypoint-item keypoint-item-text-left\">\n      <div class=\"col col-text\">\n        <div class=\"align-middle\">\n          <h4>Ladies Only (Kurse ausschlie\u00dflich f\u00fcr Frauen)<\/h4>\n<p>In einer v\u00f6llig entspannten Atmosph\u00e4re erlangen Sie die n\u00f6tige Autonomie, um allein oder mit Ihrem Partner selbstbewusst zu segeln, dank unserer Kurse, die ausschlie\u00dflich Frauen gewidmet sind, Ladies Only genannt.<\/p>\n<p>Die Ausbilderin, in diesem Fall die Seglerin Nikki Henderson, passt sich den verschiedenen Profilen und Niveaus an, obwohl der Inhalt der Ausbildung dem der gemischten Kurse \u00e4hnlich bleibt.<\/p>\n<p>Lernen Sie in der Gruppe:<\/p>\n<p>&#8211; Einfaches und sicheres Wenden und Halsen<br \/>\n&#8211; Hissen und Trimmen der verschiedenen Segel<br \/>\n&#8211; Reffen, den Einsatzbereich der Segel kennenlernen und auf die Crew abstimmen<br \/>\n&#8211; Segelman\u00f6ver beherrschen<\/p>\n        <\/div>\n      <\/div>\n      <div class=\"col col-image\">\n        <div class=\"image-wrap\" style=\"background-image: url(https:\/\/catamaran-outremer.com\/wp-content\/uploads\/2024\/12\/AF7A1434.jpg);\"><\/div>\n      <\/div>\n    <\/div>\n         \n    <div class=\"row keypoint-item keypoint-item-text-right\">\n      <div class=\"col col-text\">\n        <div class=\"align-middle\">\n          <h4>Mixed (Kurse, die sich sowohl an M\u00e4nner als auch an Frauen richten)<\/h4>\n<p>Brauchen Sie Hilfe, um Ihre Segelkenntnisse auf einer Outremer zu verbessern? Mehrmals im Jahr bieten wir gemischte Kurse an, die an einem Wochenende in La Grande-Motte, Frankreich, stattfinden.<\/p>\n<p>Nutzen Sie die Gelegenheit, um sich mit dem Boot vertraut zu machen. Dies ist ein hervorragender Vorgeschmack, bei dem Sie ganz in die Materie eintauchen: Sie werden aufgefordert, die Man\u00f6ver selbst durchzuf\u00fchren und die Nacht an Bord zu verbringen, Mahlzeiten inklusive.<\/p>\n<p>Lernen Sie in der Gruppe:<\/p>\n<p>&#8211; Das Boot auf das Segeln und Ankern vorbereiten<br \/>\n&#8211; \u00dcben Sie das Man\u00f6vrieren mit dem Motor und unter Segel<br \/>\n&#8211; \u00dcben von Hafenein- und -ausfahrtsman\u00f6vern<br \/>\n&#8211; Wind und Wetter vorhersehen: technische Hilfsmittel, VHF, Vorhersagen, Barometer benutzen<br \/>\n&#8211; Sicherheitsausr\u00fcstung und -verfahren anwenden<br \/>\n&#8211; Man\u00f6vrieren im Hafen<\/p>\n        <\/div>\n      <\/div>\n      <div class=\"col col-image\">\n        <div class=\"image-wrap\" style=\"background-image: url(https:\/\/catamaran-outremer.com\/wp-content\/uploads\/2024\/12\/AF7A0687.jpg);\"><\/div>\n      <\/div>\n    <\/div>\n            \n      <\/div>\n\n<\/div>\n\n<div class=\"text-center my-5\">\n\n  \n      <button type=\"button\" class=\"btn btn-primary\" data-toggle=\"modal\"\n        data-target=\"#modal-block_1f64c2a06743791db3f237363cf84a39\">\n        Kontaktieren Sie uns\n      <\/button>\n\n      <!-- Modal -->\n      <div class=\"modal fade\" id=\"modal-block_1f64c2a06743791db3f237363cf84a39\" tabindex=\"-1\" role=\"dialog\" aria-labelledby=\"exampleModalCenterTitle\"\n        aria-hidden=\"true\">\n        <div class=\"modal-dialog modal-dialog-centered\" role=\"document\">\n          <div class=\"modal-content\">\n            <div class=\"modal-header\">\n              \n              <button type=\"button\" class=\"close\" data-dismiss=\"modal\" aria-label=\"Close\">\n                <span aria-hidden=\"true\">&times;<\/span>\n              <\/button>\n            <\/div>\n            <div class=\"modal-body\">\n              <script charset=\"utf-8\" type=\"text\/javascript\" src=\"\/\/js-eu1.hsforms.net\/forms\/embed\/v2.js\"><\/script>\r\n<script>\r\n  hbspt.forms.create({\r\n    region: \"eu1\",\r\n    portalId: \"143377512\",\r\n    formId: \"26b302b9-64c1-4d90-8f8e-7680adc513b0\"\r\n  });\r\n<\/script>\n            <\/div>\n\n          <\/div>\n        <\/div>\n      <\/div>\n      <\/div>\n\n\n<div class=\"container-fluid \">\n  <div class=\"section-contact \">\n    <div class=\"container text-center\">\n      <div class=\"mb-5\"><h3>Individuelle Ausbildung<\/h3>\n<p><span style=\"color: #00aeef\"><strong>Ein ma\u00dfgeschneiderter Kurs<\/strong><\/span><\/p>\n<p>Schnelles Vorankommen mit pers\u00f6nlichem Outremer-Coaching, das auf Anfrage erh\u00e4ltlich ist<br \/>\nBeispiele f\u00fcr behandelte Themen: Man\u00f6ver, Optimierung des Segeltrimms, Grundlagen der Regatta&#8230;<\/p>\n<\/div>\n      \n      <button type=\"button\" class=\"btn btn-white\" data-toggle=\"modal\"\n        data-target=\"#modal-block_b3ecf6a827774ae9cd39054d760e1cef\">\n        Mehr erfahren\n      <\/button>\n\n      <!-- Modal -->\n      <div class=\"modal fade\" id=\"modal-block_b3ecf6a827774ae9cd39054d760e1cef\" tabindex=\"-1\" role=\"dialog\" aria-labelledby=\"exampleModalCenterTitle\"\n        aria-hidden=\"true\">\n        <div class=\"modal-dialog modal-dialog-centered\" role=\"document\">\n          <div class=\"modal-content\">\n            <div class=\"modal-header\">\n              \n              <button type=\"button\" class=\"close\" data-dismiss=\"modal\" aria-label=\"Close\">\n                <span aria-hidden=\"true\">&times;<\/span>\n              <\/button>\n            <\/div>\n            <div class=\"modal-body\">\n              <!--[if lte IE 8]>\r\n<script charset=\"utf-8\" type=\"text\/javascript\" src=\"\/\/js.hsforms.net\/forms\/v2-legacy.js\"><\/script>\r\n<![endif]-->\r\n<script charset=\"utf-8\" type=\"text\/javascript\" src=\"\/\/js.hsforms.net\/forms\/v2.js\"><\/script>\r\n<script>\r\n  hbspt.forms.create({\r\n\tregion: \"na1\",\r\n\tportalId: \"7111800\",\r\n\tformId: \"9c9c5ce2-d69d-4db7-9440-17be117e3070\"\r\n});\r\n<\/script>\n            <\/div>\n\n          <\/div>\n        <\/div>\n      <\/div>\n      \n          <\/div>\n  <\/div>\n<\/div>","protected":false},"excerpt":{"rendered":"","protected":false},"author":4,"featured_media":0,"parent":0,"menu_order":0,"comment_status":"open","ping_status":"closed","template":"","meta":{"_acf_changed":true,"content-type":"","inline_featured_image":false,"footnotes":""},"class_list":["post-4204","page","type-page","status-publish","hentry"],"acf":[],"_links":{"self":[{"href":"https:\/\/catamaran-outremer.com\/de\/wp-json\/wp\/v2\/pages\/4204","targetHints":{"allow":["GET"]}}],"collection":[{"href":"https:\/\/catamaran-outremer.com\/de\/wp-json\/wp\/v2\/pages"}],"about":[{"href":"https:\/\/catamaran-outremer.com\/de\/wp-json\/wp\/v2\/types\/page"}],"author":[{"embeddable":true,"href":"https:\/\/catamaran-outremer.com\/de\/wp-json\/wp\/v2\/users\/4"}],"replies":[{"embeddable":true,"href":"https:\/\/catamaran-outremer.com\/de\/wp-json\/wp\/v2\/comments?post=4204"}],"version-history":[{"count":0,"href":"https:\/\/catamaran-outremer.com\/de\/wp-json\/wp\/v2\/pages\/4204\/revisions"}],"wp:attachment":[{"href":"https:\/\/catamaran-outremer.com\/de\/wp-json\/wp\/v2\/media?parent=4204"}],"curies":[{"name":"wp","href":"https:\/\/api.w.org\/{rel}","templated":true}]}}