{"id":4156,"date":"2021-01-28T16:04:55","date_gmt":"2021-01-28T16:04:55","guid":{"rendered":"https:\/\/catamaran-outremer.com\/beratung\/training\/"},"modified":"2022-09-05T13:41:25","modified_gmt":"2022-09-05T13:41:25","slug":"segelausbildung","status":"publish","type":"page","link":"https:\/\/catamaran-outremer.com\/de\/beratung\/segelausbildung\/","title":{"rendered":"Katamaran-Training und Segelkurse f\u00fcr unsere Katamarane"},"content":{"rendered":"<div class=\"container\">\n  <div class=\"section-formations\">\n\n        <div class=\" text-center py-5\">\n      <h2>Outremer Academy<\/h2>\n<p><strong><span style=\"color: #00aeef;\">Outremer Academy Fortbildungskurse w\u00e4hrend des ganzen Jahres<\/span><\/strong><\/p>\n\n    <\/div>\n    \n        \n\n        <nav class=\"nav-formations\">\n      <ul class=\"nav nav-tabs justify-content-center\" id=\"nav-tab-formation\" role=\"tablist\">\n                 <li>\n          <a class=\"nav-item nav-link active\" id=\"formation-block_603e22967194b-0\"\n            data-toggle=\"tab\" href=\"#nav-formation-block_603e22967194b-0\" role=\"tab\"\n            aria-controls=\"nav-formation-block_603e22967194b-0\" aria-selected=\"true\">\n            <span class=\"number\">01<\/span> Perfektionieren Sie Ihre F\u00e4higkeiten an Bord eines Outremer &#8211; gemischte Ausbildung          <\/a>\n        <\/li>\n                         <li>\n          <a class=\"nav-item nav-link \" id=\"formation-block_603e22967194b-1\"\n            data-toggle=\"tab\" href=\"#nav-formation-block_603e22967194b-1\" role=\"tab\"\n            aria-controls=\"nav-formation-block_603e22967194b-1\" aria-selected=\"true\">\n            <span class=\"number\">02<\/span> Ladies Only &#8211; Training ausschlie\u00dflich f\u00fcr Frauen          <\/a>\n        <\/li>\n                      <\/ul>\n    <\/nav>\n        <div class=\"tab-content\" id=\"nav-tabContent\">\n             <div class=\"tab-pane fade active show\" id=\"nav-formation-block_603e22967194b-0\"\n        role=\"tabpanel\" aria-labelledby=\"formation-block_603e22967194b-0\">\n        <div class=\"row\">\n          <div class=\"col-text\"><h3>2-t\u00e4gige Schulungskurse an Bord eines Outremer<\/h3>\n<h5>Kursprogramm:<\/h5>\n<ul>\n<li>Vorbereiten des Bootes zum Segeln und Ankern<\/li>\n<li>\u00dcben Sie das Man\u00f6vrieren mit dem Motor und unter Segel<\/li>\n<li>\u00dcben von Hafenein- und -ausfahrtman\u00f6vern<\/li>\n<li>Wind und Wetter: technische Hilfsmittel, UKW, Vorhersagen, Barometer verwenden<\/li>\n<li>Verwendung von Sicherheitsausr\u00fcstung und -verfahren<\/li>\n<li>Man\u00f6ver im Hafen<\/li>\n<\/ul>\n<\/div>\n          <div class=\"col-image\">\n            <div class=\"image-wrap\">\n              <img decoding=\"async\" src=\"https:\/\/catamaran-outremer.com\/wp-content\/uploads\/2021\/03\/OC19-ChooseYourBoat-85.jpg\" alt=\"\" title=\"\">\n            <\/div>\n          <\/div>\n        <\/div>\n      <\/div>\n                   <div class=\"tab-pane fade \" id=\"nav-formation-block_603e22967194b-1\"\n        role=\"tabpanel\" aria-labelledby=\"formation-block_603e22967194b-1\">\n        <div class=\"row\">\n          <div class=\"col-text\"><h3>Coaching nur f\u00fcr Frauen, um Ihre F\u00e4higkeiten ohne den Stress Ihres Ehepartners zu verfeinern<\/h3>\n<h5>Ausbildungsprogramm:<\/h5>\n<ul>\n<li>Einfaches und sicheres Wenden und Halsen<\/li>\n<li>Hissen und Trimmen der verschiedenen Segel<\/li>\n<li>Reffen, Einsatzbereich der Segel und Optimierung je nach Crew<\/li>\n<li>Management von Segelman\u00f6vern<\/li>\n<\/ul>\n<\/div>\n          <div class=\"col-image\">\n            <div class=\"image-wrap\">\n              <img decoding=\"async\" src=\"https:\/\/catamaran-outremer.com\/wp-content\/uploads\/2021\/04\/IMGL4638.jpg\" alt=\"\" title=\"\">\n            <\/div>\n          <\/div>\n        <\/div>\n      <\/div>\n                <\/div>\n\n      <\/div>\n<\/div>\n\n<div class=\"container-fluid \">\n  <div class=\"section-grey py-9 mb-9\">\n    <div class=\"container text-center\">\n      <div class=\"mb-5\"><p>Die Termine f\u00fcr unsere Schulungen werden regelm\u00e4\u00dfig aktualisiert.<\/p>\n<p>Bitte wenden Sie sich an die f\u00fcr Ihr Projekt zust\u00e4ndige Person, um sicherzustellen, dass Sie das aktuellste Programm haben.<\/p>\n<\/div>\n      \n      <button type=\"button\" class=\"btn btn-primary\" data-toggle=\"modal\"\n        data-target=\"#modal-block_603e42f9f330d\">\n        kontaktieren Sie uns\n      <\/button>\n\n      <!-- Modal -->\n      <div class=\"modal fade\" id=\"modal-block_603e42f9f330d\" tabindex=\"-1\" role=\"dialog\" aria-labelledby=\"exampleModalCenterTitle\"\n        aria-hidden=\"true\">\n        <div class=\"modal-dialog modal-dialog-centered\" role=\"document\">\n          <div class=\"modal-content\">\n            <div class=\"modal-header\">\n              \n              <button type=\"button\" class=\"close\" data-dismiss=\"modal\" aria-label=\"Close\">\n                <span aria-hidden=\"true\">&times;<\/span>\n              <\/button>\n            <\/div>\n            <div class=\"modal-body\">\n              <!--[if lte IE 8]>\r\n<script charset=\"utf-8\" type=\"text\/javascript\" src=\"\/\/js.hsforms.net\/forms\/v2-legacy.js\"><\/script>\r\n<![endif]-->\r\n<script charset=\"utf-8\" type=\"text\/javascript\" src=\"\/\/js.hsforms.net\/forms\/v2.js\"><\/script>\r\n<script>\r\n  hbspt.forms.create({\r\n\tregion: \"na1\",\r\n\tportalId: \"7111800\",\r\n\tformId: \"04a9962c-814a-4f59-b241-4d04a050bb32\"\r\n});\r\n<\/script>\n            <\/div>\n\n          <\/div>\n        <\/div>\n      <\/div>\n          <\/div>\n  <\/div>\n<\/div>\n\n<div class=\"container mb-9\">\n    <h2 style=\"text-align: center\">Outremer Week<\/h2>\n<p style=\"text-align: center\"><span style=\"color: #00aeef\"><strong>Verfolgen Sie ein einzigartiges Trainingsprogramm, das von Outremer f\u00fcr seine Gemeinschaft von passionierten Besitzern entwickelt wurde!<\/strong><\/span><\/p>\n<p style=\"text-align: center\">Die Outremer-Woche ist ein 5-t\u00e4giges Intensivtraining, das Ihnen hilft, Ihre F\u00e4higkeiten schnell zu erwerben oder zu verbessern.<\/p>\n<p style=\"text-align: center\">Die Veranstaltung findet im sonnigen S\u00fcdfrankreich statt, in La Grande-Motte, nur wenige Schritte von der Outremer-Werft entfernt. Bei der Kombination von Training an Land und auf See haben Sie auch Zeit, sich zu entspannen und mit den Teilnehmern zu unterhalten.<\/p>\n<p style=\"text-align: center\">Unter der Leitung von qualifizierten Referenten k\u00f6nnen Sie in dieser Schulungswoche Ihr Segelprojekt vorbereiten, Ihre theoretischen und praktischen nautischen Kenntnisse verbessern und Ihre Erfahrungen und Ihre Leidenschaft mit anderen Outremer-Eignern teilen.<\/p>\n<p style=\"text-align: center\">Passen Sie Ihren Kursplan an Ihre Bed\u00fcrfnisse an, indem Sie aus den verschiedenen angebotenen Modulen w\u00e4hlen: Wetterrouting, Elektronik, Medizin, Hafen- und Seeman\u00f6ver und mehr. Profitieren Sie von unserem umfassenden Support-Paket, um schnell und unbesorgt in See stechen zu k\u00f6nnen!<\/p>\n<p style=\"text-align: center\">Es gibt zwei Veranstaltungen pro Jahr, die Outremer-Woche im Fr\u00fchjahr und die Outremer-Woche im Herbst, mit Kursen auf Franz\u00f6sisch und Englisch, um unserer internationalen Gemeinschaft bestm\u00f6glich gerecht zu werden (bei unserer letzten Fr\u00fchjahrsausgabe 2021 waren mehr als 10 Nationalit\u00e4ten vertreten!)<\/p>\n<p style=\"text-align: center\"><em>Merken Sie sich den Termin f\u00fcr die n\u00e4chste Outremer-Woche vom 18. bis 22. September 2021 vor.<\/em><\/p>\n\n<\/div>\n\n<div class=\"container-fluid \">\n  <div class=\"section-grey py-9 mb-9\">\n    <div class=\"container text-center\">\n      <div class=\"mb-5\"><p style=\"text-align: center\"><em><strong>\u275d Was f\u00fcr eine tolle Woche! Wir haben es sehr genossen, in La Grande Motte zu sein und haben in diesen Tagen so viel gelernt. Aber neben dem Inhalt f\u00fchlten wir uns wirklich als Teil der Familie und sch\u00e4tzten Ihren herzlichen, kompetenten und sehr f\u00fcrsorglichen Umgang mit all unseren W\u00fcnschen sehr.\u275e<\/strong><\/em><\/p>\n<p style=\"text-align: center\">Bent &amp; Andrea \u2013 Zuk\u00fcnftige Besitzer einer Outremer 45<\/p>\n<\/div>\n      \n      <button type=\"button\" class=\"btn btn-primary\" data-toggle=\"modal\"\n        data-target=\"#modal-block_60b9ee5fee85a\">\n        Das Programm herunterladen\n      <\/button>\n\n      <!-- Modal -->\n      <div class=\"modal fade\" id=\"modal-block_60b9ee5fee85a\" tabindex=\"-1\" role=\"dialog\" aria-labelledby=\"exampleModalCenterTitle\"\n        aria-hidden=\"true\">\n        <div class=\"modal-dialog modal-dialog-centered\" role=\"document\">\n          <div class=\"modal-content\">\n            <div class=\"modal-header\">\n              \n              <button type=\"button\" class=\"close\" data-dismiss=\"modal\" aria-label=\"Close\">\n                <span aria-hidden=\"true\">&times;<\/span>\n              <\/button>\n            <\/div>\n            <div class=\"modal-body\">\n              <!--[if lte IE 8]>\r\n<script charset=\"utf-8\" type=\"text\/javascript\" src=\"\/\/js.hsforms.net\/forms\/v2-legacy.js\"><\/script>\r\n<![endif]-->\r\n<script charset=\"utf-8\" type=\"text\/javascript\" src=\"\/\/js.hsforms.net\/forms\/v2.js\"><\/script>\r\n<script>\r\n  hbspt.forms.create({\r\n\tregion: \"na1\",\r\n\tportalId: \"7111800\",\r\n\tformId: \"4bf88cf0-9b8e-42ab-b969-848884243733\"\r\n});\r\n<\/script>\n            <\/div>\n\n          <\/div>\n        <\/div>\n      <\/div>\n          <\/div>\n  <\/div>\n<\/div>\n\n<div class=\"container mb-9\">\n  <img decoding=\"async\" src=\"https:\/\/catamaran-outremer.com\/wp-content\/uploads\/2021\/05\/o-week.jpg\" alt=\"\" title=\"\">   \n<\/div>\n\n\n<div class=\"container-fluid \">\n  <div class=\"section-contact \">\n    <div class=\"container text-center\">\n      <div class=\"mb-5\"><h3>Individuelle Betreuung<\/h3>\n<p><span style=\"color: #00aeef\"><strong>Ein ma\u00dfgeschneiderter Kurs<\/strong><\/span><\/p>\n<p>Schnelles Vorankommen mit pers\u00f6nlichem Outremer-Coaching, das auf Anfrage erh\u00e4ltlich ist<br \/>\nBeispiele f\u00fcr behandelte Themen: Man\u00f6ver, Optimierung des Segeltrimms, Grundlagen der Regatta&#8230;<\/p>\n<\/div>\n      \n          <\/div>\n  <\/div>\n<\/div>","protected":false},"excerpt":{"rendered":"","protected":false},"author":1,"featured_media":0,"parent":4121,"menu_order":0,"comment_status":"closed","ping_status":"closed","template":"","meta":{"_acf_changed":false,"content-type":"","inline_featured_image":false,"footnotes":""},"class_list":["post-4156","page","type-page","status-publish","hentry"],"acf":[],"_links":{"self":[{"href":"https:\/\/catamaran-outremer.com\/de\/wp-json\/wp\/v2\/pages\/4156","targetHints":{"allow":["GET"]}}],"collection":[{"href":"https:\/\/catamaran-outremer.com\/de\/wp-json\/wp\/v2\/pages"}],"about":[{"href":"https:\/\/catamaran-outremer.com\/de\/wp-json\/wp\/v2\/types\/page"}],"author":[{"embeddable":true,"href":"https:\/\/catamaran-outremer.com\/de\/wp-json\/wp\/v2\/users\/1"}],"replies":[{"embeddable":true,"href":"https:\/\/catamaran-outremer.com\/de\/wp-json\/wp\/v2\/comments?post=4156"}],"version-history":[{"count":0,"href":"https:\/\/catamaran-outremer.com\/de\/wp-json\/wp\/v2\/pages\/4156\/revisions"}],"up":[{"embeddable":true,"href":"https:\/\/catamaran-outremer.com\/de\/wp-json\/wp\/v2\/pages\/4121"}],"wp:attachment":[{"href":"https:\/\/catamaran-outremer.com\/de\/wp-json\/wp\/v2\/media?parent=4156"}],"curies":[{"name":"wp","href":"https:\/\/api.w.org\/{rel}","templated":true}]}}