{"id":4141,"date":"2021-01-28T16:03:19","date_gmt":"2021-01-28T16:03:19","guid":{"rendered":"https:\/\/catamaran-outremer.com\/beratung\/seminars\/"},"modified":"2024-12-23T10:21:33","modified_gmt":"2024-12-23T10:21:33","slug":"vorbereitungsseminar","status":"publish","type":"page","link":"https:\/\/catamaran-outremer.com\/de\/beratung\/vorbereitungsseminar\/","title":{"rendered":"Vorbereitungs-Seminar f\u00fcr Blauwasser-Segler"},"content":{"rendered":"<div class=\"container px-5 px-sm-0 mb-9 header-overlapping-image\">\n  <div style=\"position:relative;\">\n    <img decoding=\"async\" class=\"small-image\" src=\"https:\/\/catamaran-outremer.com\/wp-content\/uploads\/2024\/12\/8d8a7c7f-7e79-41ba-946e-ca0899da83c7-e1734949207498.jpg\" alt=\"\" title=\"\">  \n    <img decoding=\"async\" class=\"big-image\" src=\"https:\/\/catamaran-outremer.com\/wp-content\/uploads\/2024\/12\/miami-all.jpg\" alt=\"\" title=\"\">   \n  <\/div>\n<\/div>\n\n\n<div class=\"container mb-9\">\n    <h3>J\u00e4hrliches Treffen in Paris<\/h3>\n<p>Beim Blauwasser-Seminar der Grand Large Yachting Gruppe k\u00f6nnen Sie zwei Tage in das Thema Langfahrt mit allen seinen Facetten eintauchen: Wetterkunde, Routenplanung, aktive und passive Sicherheit, Gesundheit an Bord, Kommunikation und auch Themen wie Fotografie an Bord Ihres hochseetauglichen Katamarans. Blauwassersegeln braucht eben eine gute Vorbereitung!<\/p>\n<p>Bei den Mahlzeiten und in den Pausen k\u00f6nnen sich die Teilnehmer gern mit den anwesenden Experten \u00fcber Atlantik\u00fcberquerungen und Segelt\u00f6rns um die Welt austauschen.<\/p>\n<p>Der legend\u00e4re Jimmy Cornell spielte bei der Konzeption dieses Vorbereitungs-Seminars eine bedeutende Rolle und ist w\u00e4hrend der zwei Tage in der Regel mit dabei. Der erfahrene Blausegler, Autor der weltweit meistverkauften Langfahrten-Reisef\u00fchrer und Regatta-Veranstalter spricht mehrere Sprachen und teilt seine Erfahrungen und Tipps mit den Anwesenden.<\/p>\n<p>&nbsp;<\/p>\n\n<\/div>\n\n<div class=\"container-fluid \">\n  <div class=\"section-contact \">\n    <div class=\"container text-center\">\n      <div class=\"mb-5\"><h3 style=\"text-align: center\">Mehrere Webinare im Jahr, offen f\u00fcr alle<\/h3>\n<p style=\"text-align: center\">In der gegenw\u00e4rtigen Situation, in der wir mehr denn je das Bed\u00fcrfnis empfinden, dem Alltag zu entkommen, ist die Grand Large Yachting Gruppe mehr als je zuvor von der Bedeutung des Blauwassersegelns \u00fcberzeugt.<\/p>\n<p style=\"text-align: center\">Wie Sie k\u00f6nnen wir derzeit nur virtuell von einer Weltumsegelung tr\u00e4umen. Deshalb veranstalten wir regelm\u00e4\u00dfig unsere Blauwasser-Webinare.<\/p>\n<p style=\"text-align: center\">Das f\u00fcr alle Internetnutzer kostenlose Blauwasser-Webinar bietet Ihnen derzeit vier Online-Sitzungen mit renommierten, erfahrenen Seglern als Conf\u00e9renciers, wie Jimmy Cornell, Christian Dumard, Jean-Yves Chauve oder Didier Ravon.<\/p>\n<\/div>\n      \n      <button type=\"button\" class=\"btn btn-white\" data-toggle=\"modal\"\n        data-target=\"#modal-block_ba43c3c954722b25880071a939e9120e\">\n        Anmeldung f\u00fcr kommende Vorbereitungs-Seminare\n      <\/button>\n\n      <!-- Modal -->\n      <div class=\"modal fade\" id=\"modal-block_ba43c3c954722b25880071a939e9120e\" tabindex=\"-1\" role=\"dialog\" aria-labelledby=\"exampleModalCenterTitle\"\n        aria-hidden=\"true\">\n        <div class=\"modal-dialog modal-dialog-centered\" role=\"document\">\n          <div class=\"modal-content\">\n            <div class=\"modal-header\">\n              \n              <button type=\"button\" class=\"close\" data-dismiss=\"modal\" aria-label=\"Close\">\n                <span aria-hidden=\"true\">&times;<\/span>\n              <\/button>\n            <\/div>\n            <div class=\"modal-body\">\n              <script charset=\"utf-8\" type=\"text\/javascript\" src=\"\/\/js-eu1.hsforms.net\/forms\/embed\/v2.js\"><\/script>\r\n<script>\r\n  hbspt.forms.create({\r\n    region: \"eu1\",\r\n    portalId: \"143377512\",\r\n    formId: \"42596264-9f12-410f-aaec-d8015b6eb850\"\r\n  });\r\n<\/script>\n            <\/div>\n\n          <\/div>\n        <\/div>\n      <\/div>\n      \n          <\/div>\n  <\/div>\n<\/div>\n\n\n<div style=\"height:49px\" aria-hidden=\"true\" class=\"wp-block-spacer\"><\/div>\n\n\n<div class=\"container mb-10\">\n     \n  <div class=\"row mb-9\">\n    <div class=\"col-9\">\n      <h3>#1 \u201cSailing digital, a freedom factor on board\u201d, by Knut Frostad<\/h3>\n      <div class=\"text-small\">Knut spent many years as a professional sailor and raced in the Olympics and later four times around the world in the Whitbread and Volvo Ocean Race, twice as skipper. More recently he spent 18 months cruising with his amily in an Outremer 5X. His normal day-to-day job is as the President &amp; CEO of Navico, a world leading provider of marine electronics including B&amp;G for sailing and C-Map cartography.<\/div>\n            <button type=\"button\" class=\"btn btn-primary mt-5\" data-toggle=\"modal\"\n        data-target=\"#modal-block_40040c120e210b53f0c393fcfa3ab85b-0\">\n        siehe die Session (EN)\n      <\/button>\n\n      <!-- Modal -->\n      <div class=\"modal fade\" id=\"modal-block_40040c120e210b53f0c393fcfa3ab85b-0\" tabindex=\"-1\" role=\"dialog\" aria-labelledby=\"exampleModalCenterTitle\"\n        aria-hidden=\"true\">\n        <div class=\"modal-dialog modal-dialog-centered\" role=\"document\">\n          <div class=\"modal-content\">\n            <div class=\"modal-header\">\n              \n              <button type=\"button\" class=\"close\" data-dismiss=\"modal\" aria-label=\"Close\">\n                <span aria-hidden=\"true\">&times;<\/span>\n              <\/button>\n            <\/div>\n            <div class=\"modal-body\">\n              <iframe loading=\"lazy\" width=\"560\" height=\"315\" src=\"https:\/\/www.youtube.com\/embed\/emwa8PtdyB8\" title=\"YouTube video player\" frameborder=\"0\" allow=\"accelerometer; autoplay; clipboard-write; encrypted-media; gyroscope; picture-in-picture\" allowfullscreen><\/iframe>\n            <\/div>\n\n          <\/div>\n        <\/div>\n      <\/div>\n          <\/div>\n    <div class=\"col-3\">\n      <img decoding=\"async\" src=\"https:\/\/catamaran-outremer.com\/wp-content\/uploads\/2022\/07\/231399-2-1.jpg\" alt=\"\" title=\"\">\n    <\/div>\n\n  <\/div>\n     \n  <div class=\"row mb-9\">\n    <div class=\"col-9\">\n      <h3>2# \u201cMedecine basics on board\u201d, by Martin Oudet<\/h3>\n      <div class=\"text-small\">Martin is a sailor and a medical doctor who works at the Lorient Hospital, in Brittany. He will speak about different topics and medical situations, and how to anticipate and manage them to make you autonomous and able to have a nice cruise on your boat.<\/div>\n            <button type=\"button\" class=\"btn btn-primary mt-5\" data-toggle=\"modal\"\n        data-target=\"#modal-block_40040c120e210b53f0c393fcfa3ab85b-1\">\n        siehe die Session (EN)\n      <\/button>\n\n      <!-- Modal -->\n      <div class=\"modal fade\" id=\"modal-block_40040c120e210b53f0c393fcfa3ab85b-1\" tabindex=\"-1\" role=\"dialog\" aria-labelledby=\"exampleModalCenterTitle\"\n        aria-hidden=\"true\">\n        <div class=\"modal-dialog modal-dialog-centered\" role=\"document\">\n          <div class=\"modal-content\">\n            <div class=\"modal-header\">\n              \n              <button type=\"button\" class=\"close\" data-dismiss=\"modal\" aria-label=\"Close\">\n                <span aria-hidden=\"true\">&times;<\/span>\n              <\/button>\n            <\/div>\n            <div class=\"modal-body\">\n              <iframe loading=\"lazy\" width=\"560\" height=\"315\" src=\"https:\/\/www.youtube.com\/embed\/Dz0lfbwMpnM\" title=\"YouTube video player\" frameborder=\"0\" allow=\"accelerometer; autoplay; clipboard-write; encrypted-media; gyroscope; picture-in-picture\" allowfullscreen><\/iframe>\n            <\/div>\n\n          <\/div>\n        <\/div>\n      <\/div>\n          <\/div>\n    <div class=\"col-3\">\n      <img decoding=\"async\" src=\"https:\/\/catamaran-outremer.com\/wp-content\/uploads\/2022\/07\/1648797285345-2.jpg\" alt=\"\" title=\"\">\n    <\/div>\n\n  <\/div>\n     \n  <div class=\"row mb-9\">\n    <div class=\"col-9\">\n      <h3>#3 \u201cCan there be more than one skipper on board?\u201d, by Nikki Henderson<\/h3>\n      <div class=\"text-small\">At 25 years old, Nikki Henderson became the youngest ever Clipper Round the World Race skipper, bringing Visit Seattle home in 2nd place in the 2017\/18 edition. \r\nShe has raced the Caribbean 600, Fastnet, Race to Alaska, Middle Sea Race, and was a guest skipper on Maiden. She also joined YouTubers La Vagabonde to sail Greta Thunberg across the Atlantic.\r\nNikki partners sailing with her other passion: storytelling \u2013 as an author, and as a motivational speaker.  Profoundly affected by the lessons she has learnt at sea, she enjoys sharing her refreshingly honest and unique insights into the human side of this extreme sport.<\/div>\n            <button type=\"button\" class=\"btn btn-primary mt-5\" data-toggle=\"modal\"\n        data-target=\"#modal-block_40040c120e210b53f0c393fcfa3ab85b-2\">\n        siehe die Session (EN)\n      <\/button>\n\n      <!-- Modal -->\n      <div class=\"modal fade\" id=\"modal-block_40040c120e210b53f0c393fcfa3ab85b-2\" tabindex=\"-1\" role=\"dialog\" aria-labelledby=\"exampleModalCenterTitle\"\n        aria-hidden=\"true\">\n        <div class=\"modal-dialog modal-dialog-centered\" role=\"document\">\n          <div class=\"modal-content\">\n            <div class=\"modal-header\">\n              \n              <button type=\"button\" class=\"close\" data-dismiss=\"modal\" aria-label=\"Close\">\n                <span aria-hidden=\"true\">&times;<\/span>\n              <\/button>\n            <\/div>\n            <div class=\"modal-body\">\n              <iframe loading=\"lazy\" width=\"560\" height=\"315\" src=\"https:\/\/www.youtube.com\/embed\/Qh3vAbM4KTs\" title=\"YouTube video player\" frameborder=\"0\" allow=\"accelerometer; autoplay; clipboard-write; encrypted-media; gyroscope; picture-in-picture\" allowfullscreen><\/iframe>\n            <\/div>\n\n          <\/div>\n        <\/div>\n      <\/div>\n          <\/div>\n    <div class=\"col-3\">\n      <img decoding=\"async\" src=\"https:\/\/catamaran-outremer.com\/wp-content\/uploads\/2022\/07\/1Y7A4736-1.jpg\" alt=\"\" title=\"\">\n    <\/div>\n\n  <\/div>\n     \n  <div class=\"row mb-9\">\n    <div class=\"col-9\">\n      <h3>#4 &#8222;Technical boat management&#8220;, by Lo\u00efc Heli\u00e8s<\/h3>\n      <div class=\"text-small\">Well known to owners and future owners of the Outremer community with whom he has shared his extensive experience during by-annual training sessions, Lo\u00efc will explain in his webinar how methodology and processes he uses as an airline pilot can be used in the context of Blue Water Sailing when it comes to boat technical management.<\/div>\n            <button type=\"button\" class=\"btn btn-primary mt-5\" data-toggle=\"modal\"\n        data-target=\"#modal-block_40040c120e210b53f0c393fcfa3ab85b-3\">\n        siehe die Session (EN)\n      <\/button>\n\n      <!-- Modal -->\n      <div class=\"modal fade\" id=\"modal-block_40040c120e210b53f0c393fcfa3ab85b-3\" tabindex=\"-1\" role=\"dialog\" aria-labelledby=\"exampleModalCenterTitle\"\n        aria-hidden=\"true\">\n        <div class=\"modal-dialog modal-dialog-centered\" role=\"document\">\n          <div class=\"modal-content\">\n            <div class=\"modal-header\">\n              \n              <button type=\"button\" class=\"close\" data-dismiss=\"modal\" aria-label=\"Close\">\n                <span aria-hidden=\"true\">&times;<\/span>\n              <\/button>\n            <\/div>\n            <div class=\"modal-body\">\n              <iframe loading=\"lazy\" width=\"560\" height=\"315\" src=\"https:\/\/www.youtube.com\/embed\/zv7EU-09D7s\" title=\"YouTube video player\" frameborder=\"0\" allow=\"accelerometer; autoplay; clipboard-write; encrypted-media; gyroscope; picture-in-picture\" allowfullscreen><\/iframe>\n            <\/div>\n\n          <\/div>\n        <\/div>\n      <\/div>\n          <\/div>\n    <div class=\"col-3\">\n      <img decoding=\"async\" src=\"https:\/\/catamaran-outremer.com\/wp-content\/uploads\/2022\/07\/LoicHelies-2.jpg\" alt=\"\" title=\"\">\n    <\/div>\n\n  <\/div>\n     \n  <div class=\"row mb-9\">\n    <div class=\"col-9\">\n      <h3>#5 &#8222;Dare to dream&#8220;, by Pete Goss<\/h3>\n      <div class=\"text-small\">Pete Goss MBE is a sailor and adventurer turned entrepreneur and author of the bestselling book &#8222;Close to the Wind&#8220;. He now splits his time between his ongoing adventures and delivering inspirational and motivational talks to organisations around the world, as well as lecturing at business schools including Oxford University.<\/div>\n            <button type=\"button\" class=\"btn btn-primary mt-5\" data-toggle=\"modal\"\n        data-target=\"#modal-block_40040c120e210b53f0c393fcfa3ab85b-4\">\n        siehe die Session (EN)\n      <\/button>\n\n      <!-- Modal -->\n      <div class=\"modal fade\" id=\"modal-block_40040c120e210b53f0c393fcfa3ab85b-4\" tabindex=\"-1\" role=\"dialog\" aria-labelledby=\"exampleModalCenterTitle\"\n        aria-hidden=\"true\">\n        <div class=\"modal-dialog modal-dialog-centered\" role=\"document\">\n          <div class=\"modal-content\">\n            <div class=\"modal-header\">\n              \n              <button type=\"button\" class=\"close\" data-dismiss=\"modal\" aria-label=\"Close\">\n                <span aria-hidden=\"true\">&times;<\/span>\n              <\/button>\n            <\/div>\n            <div class=\"modal-body\">\n              <iframe loading=\"lazy\" width=\"560\" height=\"315\" src=\"https:\/\/www.youtube.com\/embed\/FEzlUGPlCoQ\" title=\"YouTube video player\" frameborder=\"0\" allow=\"accelerometer; autoplay; clipboard-write; encrypted-media; gyroscope; picture-in-picture\" allowfullscreen><\/iframe>\n            <\/div>\n\n          <\/div>\n        <\/div>\n      <\/div>\n          <\/div>\n    <div class=\"col-3\">\n      <img decoding=\"async\" src=\"https:\/\/catamaran-outremer.com\/wp-content\/uploads\/2022\/07\/100604-pete-goss-class40-0181.jpg\" alt=\"\" title=\"\">\n    <\/div>\n\n  <\/div>\n    <\/div>\n","protected":false},"excerpt":{"rendered":"","protected":false},"author":1,"featured_media":0,"parent":4121,"menu_order":0,"comment_status":"closed","ping_status":"closed","template":"","meta":{"_acf_changed":true,"content-type":"","inline_featured_image":false,"footnotes":""},"class_list":["post-4141","page","type-page","status-publish","hentry"],"acf":[],"_links":{"self":[{"href":"https:\/\/catamaran-outremer.com\/de\/wp-json\/wp\/v2\/pages\/4141","targetHints":{"allow":["GET"]}}],"collection":[{"href":"https:\/\/catamaran-outremer.com\/de\/wp-json\/wp\/v2\/pages"}],"about":[{"href":"https:\/\/catamaran-outremer.com\/de\/wp-json\/wp\/v2\/types\/page"}],"author":[{"embeddable":true,"href":"https:\/\/catamaran-outremer.com\/de\/wp-json\/wp\/v2\/users\/1"}],"replies":[{"embeddable":true,"href":"https:\/\/catamaran-outremer.com\/de\/wp-json\/wp\/v2\/comments?post=4141"}],"version-history":[{"count":0,"href":"https:\/\/catamaran-outremer.com\/de\/wp-json\/wp\/v2\/pages\/4141\/revisions"}],"up":[{"embeddable":true,"href":"https:\/\/catamaran-outremer.com\/de\/wp-json\/wp\/v2\/pages\/4121"}],"wp:attachment":[{"href":"https:\/\/catamaran-outremer.com\/de\/wp-json\/wp\/v2\/media?parent=4141"}],"curies":[{"name":"wp","href":"https:\/\/api.w.org\/{rel}","templated":true}]}}