{"id":4121,"date":"2021-01-28T15:25:26","date_gmt":"2021-01-28T15:25:26","guid":{"rendered":"https:\/\/catamaran-outremer.com\/accompagnement\/"},"modified":"2026-02-24T16:33:21","modified_gmt":"2026-02-24T14:33:21","slug":"beratung","status":"publish","type":"page","link":"https:\/\/catamaran-outremer.com\/de\/beratung\/","title":{"rendered":"Individuelle Betreuung"},"content":{"rendered":"<div class=\"container-fluid block-col-text-image image-left\">\n  <div class=\"row align-items-center\">\n      <div class=\"col-image \">\n          <div class=\"image-wrap\" style=\"background-image: url(https:\/\/catamaran-outremer.com\/wp-content\/uploads\/2024\/12\/CB2I6447.jpg );\"><\/div>\n      <\/div>\n      <div class=\"col-text \">\n        <h2>Denkanst\u00f6\u00dfe und Informationen f\u00fcr die ersten Schritte<\/h2>\n<p>&nbsp;<\/p>\n<p>Sie tr\u00e4umen von einem Segelt\u00f6rn um die Welt und suchen nach Antworten f\u00fcr die vielen Fragen, die Sie sich stellen?<\/p>\n<p>Wir bieten Ihnen \u00fcber das ganze Jahr verteilt mehrere Treffen an (als Pr\u00e4senz- oder Online-Veranstaltung), die sich intensiv mit dem Thema Hochsee-Segelns besch\u00e4ftigen.<\/p>\n<p>&nbsp;<\/p>\n\n                  <a class=\"btn btn-primary\" href=\"https:\/\/catamaran-outremer.com\/de\/beratung\/vorbereitungsseminar\/\">Unsere Seminare<\/a> \n              <\/div>\n  <\/div>  \n<\/div>\n\n\n<div class=\"container-fluid block-col-text-image image-right\">\n  <div class=\"row align-items-center\">\n      <div class=\"col-image \">\n          <div class=\"image-wrap\" style=\"background-image: url(https:\/\/catamaran-outremer.com\/wp-content\/uploads\/2024\/12\/ARC-Plus-24-Grenada-Salto-Arthur-Daniel-031224-16-2.jpg );\"><\/div>\n      <\/div>\n      <div class=\"col-text \">\n        <h2>Outremer entdecken und Ihr Projekt verwirklichen<\/h2>\n<p>&nbsp;<\/p>\n<p>Wir tun alles, um Sie \u00fcber alle M\u00f6glichkeiten von Outremer zu informieren, die jeweils auf Ihr spezifisches Programm zugeschnitten sind, und zwar durch Gespr\u00e4che, Seminare zum Thema Fernkreuzfahrten und Discovery Days.<\/p>\n<p>Wir arbeiten mit Ihnen zusammen, um Ihre Anforderungen zu definieren und das Boot zu konfigurieren, das Ihren Bed\u00fcrfnissen am besten entspricht. \u00dcber unsere Partner k\u00f6nnen wir Ihnen auch bei der Finanzierung und bei Versicherungsl\u00f6sungen behilflich sein.<\/p>\n<p>&nbsp;<\/p>\n\n                  <a class=\"btn btn-primary\" href=\"https:\/\/catamaran-outremer.com\/de\/discovery-days\/\">Discovery Days Outremer<\/a> \n              <\/div>\n  <\/div>  \n<\/div>\n\n\n<div class=\"container-fluid block-col-text-image image-left\">\n  <div class=\"row align-items-center\">\n      <div class=\"col-image \">\n          <div class=\"image-wrap\" style=\"background-image: url(https:\/\/catamaran-outremer.com\/wp-content\/uploads\/2024\/12\/EOS_8269-2.jpg );\"><\/div>\n      <\/div>\n      <div class=\"col-text \">\n        <h2>Ihre Entscheidungen reifen lassen und den Bau verfolgen<\/h2>\n<p>&nbsp;<\/p>\n<p>Um die richtigen Entscheidungen bei der individuellen Gestaltung Ihres Outremer Hochseekatamarans treffen zu k\u00f6nnen, haben wir einen zweij\u00e4hrigen Prozess mit verschiedenen Meilensteinen entwickelt.<\/p>\n<p>Dabei halten wir Sie st\u00e4ndig auf dem Laufenden mit detaillierten Berichten zum Bau und bieten Ihnen Schulungen und zahlreiche Segelm\u00f6glichkeiten an.<\/p>\n<p>Und wenn Sie m\u00f6chten, k\u00f6nnen Sie von Zeit zu Zeit die Werft besuchen, um den Fortschritt beim Bau Ihres Fahrtenkatamarans zu verfolgen.<\/p>\n\n              <\/div>\n  <\/div>  \n<\/div>\n\n\n<div class=\"container-fluid block-col-text-image image-right\">\n  <div class=\"row align-items-center\">\n      <div class=\"col-image \">\n          <div class=\"image-wrap\" style=\"background-image: url(https:\/\/catamaran-outremer.com\/wp-content\/uploads\/2025\/02\/coaching-myoy.webp );\"><\/div>\n      <\/div>\n      <div class=\"col-text \">\n        <h2>Training und Schulungen f\u00fcr eine sichere Fahrt<\/h2>\n<p>&nbsp;<\/p>\n<p>Um Sie bestm\u00f6glich zu unterst\u00fctzen, bieten wir Ihnen eine Reihe von praxisorientierten Schulungen an, die f\u00fcr Ihre Autonomie und Sicherheit auf See unabdingbar sind.<\/p>\n<p>Spezialisierte Schulungsleiter, P\u00e4dagogen und erfahrener Segler teilen ihr Know-how und ihre Erfahrung mit Ihnen.<\/p>\n<p>Einige Beispiele f\u00fcr Schulungsinhalte: Hafenman\u00f6ver, Ankern, Man\u00f6ver auf See, Dieselmotoren, Elektrizit\u00e4t, Kommunikation, Medizin. Und nat\u00fcrlich unsere ber\u00fchmte Schulung \u201eLadies Only\u201c!<\/p>\n<p><em>Online buchbar.<\/em><\/p>\n\n                  <a class=\"btn btn-primary\" href=\"https:\/\/catamaran-outremer.com\/de\/outremer-ausbildung\/\">Unsere Schulungen<\/a> \n              <\/div>\n  <\/div>  \n<\/div>\n\n\n<div class=\"container-fluid block-col-text-image image-left\">\n  <div class=\"row align-items-center\">\n      <div class=\"col-image \">\n          <div class=\"image-wrap\" style=\"background-image: url(https:\/\/catamaran-outremer.com\/wp-content\/uploads\/2024\/12\/CB2I6523.jpg );\"><\/div>\n      <\/div>\n      <div class=\"col-text \">\n        <h2>Wir begleiten Sie w\u00e4hrend und nach der Lieferung Ihrer Segelyacht<\/h2>\n<p>&nbsp;<\/p>\n<p>Der Outremer-Kundenservice ist im Notfall rund um die Uhr, auch am Wochenende erreichbar.<\/p>\n<p>F\u00fcr alle anderen Dienstleistungen (Refit, Vermittlung, Wartung) garantiert Ihnen unsere Tochtergesellschaft Outremer Services schnellstm\u00f6gliches Eingreifen, wo Sie sich auch auf der Welt aufhalten.<\/p>\n<p>&nbsp;<\/p>\n\n                  <a class=\"btn btn-primary\" href=\"\">Service &amp; Dienstleistungen<\/a> \n              <\/div>\n  <\/div>  \n<\/div>\n","protected":false},"excerpt":{"rendered":"","protected":false},"author":4,"featured_media":0,"parent":0,"menu_order":0,"comment_status":"closed","ping_status":"closed","template":"views\/template-accompagnement.blade.php","meta":{"_acf_changed":true,"inline_featured_image":false,"footnotes":""},"class_list":["post-4121","page","type-page","status-publish","hentry"],"acf":[],"_links":{"self":[{"href":"https:\/\/catamaran-outremer.com\/de\/wp-json\/wp\/v2\/pages\/4121","targetHints":{"allow":["GET"]}}],"collection":[{"href":"https:\/\/catamaran-outremer.com\/de\/wp-json\/wp\/v2\/pages"}],"about":[{"href":"https:\/\/catamaran-outremer.com\/de\/wp-json\/wp\/v2\/types\/page"}],"author":[{"embeddable":true,"href":"https:\/\/catamaran-outremer.com\/de\/wp-json\/wp\/v2\/users\/4"}],"replies":[{"embeddable":true,"href":"https:\/\/catamaran-outremer.com\/de\/wp-json\/wp\/v2\/comments?post=4121"}],"version-history":[{"count":0,"href":"https:\/\/catamaran-outremer.com\/de\/wp-json\/wp\/v2\/pages\/4121\/revisions"}],"wp:attachment":[{"href":"https:\/\/catamaran-outremer.com\/de\/wp-json\/wp\/v2\/media?parent=4121"}],"curies":[{"name":"wp","href":"https:\/\/api.w.org\/{rel}","templated":true}]}}