{"id":3704,"date":"2021-01-28T13:13:26","date_gmt":"2021-01-28T13:13:26","guid":{"rendered":"https:\/\/catamaran-outremer.com\/privacy-policy\/"},"modified":"2022-11-18T15:16:43","modified_gmt":"2022-11-18T15:16:43","slug":"datenschutzhinweise","status":"publish","type":"page","link":"https:\/\/catamaran-outremer.com\/de\/datenschutzhinweise\/","title":{"rendered":"Datenschutzhinweise"},"content":{"rendered":"<div class=\"container mb-9\">\n    <p>Die Website von Catamaran Outremer sammelt bestimmte pers\u00f6nliche Daten ihrer Nutzer.<\/p>\n<p>&nbsp;<\/p>\n<p>Eigent\u00fcmer und Verantwortlicher f\u00fcr die Verarbeitung<br \/>\nOutremer &#8211; Grand Large Yachting M\u00e9diterran\u00e9e<\/p>\n<p>726 avenue Robert Fages<\/p>\n<p>34280 La Grande-Motte<\/p>\n<p>FRANKREICH<\/p>\n<p>&nbsp;<\/p>\n<p>Kontakt-E-Mail des Eigent\u00fcmers: <a href=\"mailto:info@catamaran-outremer.com\">info@catamaran-outremer.com<\/a><\/p>\n<p>&nbsp;<\/p>\n<h2>Arten von gesammelten Daten<\/h2>\n<p>Zu den Arten von personenbezogenen Daten, die die Website von Catamaran Outremer direkt oder \u00fcber Dritte erfasst, geh\u00f6ren: Cookies, Nutzungsdaten, Vorname, Nachname, Telefonnummer, Firmenname, Beruf, E-Mail-Adresse, Postleitzahl, verschiedene Arten von Daten und Website.<\/p>\n<p>Die vollst\u00e4ndigen Einzelheiten zu jeder Art von erhobenen personenbezogenen Daten sind in den Abschnitten zu dieser Datenschutzrichtlinie oder in speziellen Erl\u00e4uterungstexten enthalten, die vor der Erhebung der Daten ver\u00f6ffentlicht werden.<\/p>\n<p>Personenbezogene Daten k\u00f6nnen vom Nutzer freiwillig zur Verf\u00fcgung gestellt werden oder, im Falle von Nutzungsdaten, automatisch gesammelt werden, wenn Sie die Website von Catamaran Outremer nutzen.<\/p>\n<p>Sofern nicht anders angegeben, sind alle von der Catamaran Outremer-Website angeforderten Daten obligatorisch, und ihr Fehlen kann die Bereitstellung der Dienste durch die Catamaran Outremer-Website unm\u00f6glich machen. Falls die Website von Catamaran Outremer angibt, dass bestimmte Daten nicht obligatorisch sind, steht es den Nutzern frei, diese Daten nicht anzugeben, ohne dass dies Auswirkungen auf die Verf\u00fcgbarkeit oder das Funktionieren des Dienstes hat.<\/p>\n<p>Nutzer, die Zweifel hinsichtlich der obligatorischen pers\u00f6nlichen Daten haben, werden gebeten, den Eigner zu kontaktieren.<\/p>\n<p>Jegliche Verwendung von Cookies &#8211; oder anderen Tracking-Tools &#8211; durch die \u00dcbersee-Katamaran-Website oder durch die Eigent\u00fcmer von Drittanbieter-Diensten, die von der \u00dcbersee-Katamaran-Website genutzt werden, dient dazu, den vom Nutzer gew\u00fcnschten Dienst zu erbringen, zus\u00e4tzlich zu den anderen Zwecken, die in diesem Dokument und in der Cookie-Richtlinie, falls vorhanden, beschrieben sind.<\/p>\n<p>Die Nutzer sind f\u00fcr alle personenbezogenen Daten Dritter verantwortlich, die \u00fcber die Katamaran \u00dcbersee-Website erhalten, ver\u00f6ffentlicht oder weitergegeben werden, und best\u00e4tigen, dass sie die Zustimmung des Dritten zur Bereitstellung der Daten an den Eigent\u00fcmer einholen.<\/p>\n<p>&nbsp;<\/p>\n<h2>Art und Ort der Datenverarbeitung<\/h2>\n<h3>Methoden der Datenverarbeitung<\/h3>\n<p>Der Eigner ergreift angemessene Sicherheitsma\u00dfnahmen, um den unbefugten Zugriff, die unbefugte Offenlegung, \u00c4nderung oder Vernichtung der Daten zu verhindern.<\/p>\n<p>Die Daten werden mithilfe von Computern oder Computerwerkzeugen verarbeitet, wobei Verfahren und Organisationsformen angewandt werden, die eng mit den angegebenen Zwecken verbunden sind. Neben dem Eigent\u00fcmer k\u00f6nnen die Daten in einigen F\u00e4llen auch bestimmten Kategorien von Personen zug\u00e4nglich sein, die f\u00fcr den Betrieb der Website von Catamaran Outremer verantwortlich sind (Verwaltung, Verkauf, Marketing, Rechtsabteilung, Systemadministration) oder externen Parteien (wie Drittanbietern von technischen Dienstleistungen, Kurierdiensten, Hosting-Anbietern, IT-Unternehmen, Kommunikationsagenturen), die vom Eigent\u00fcmer gegebenenfalls als Auftragsverarbeiter bezeichnet werden. Eine aktualisierte Liste dieser Parteien kann jederzeit beim Eigent\u00fcmer angefordert werden.<\/p>\n<p>&nbsp;<\/p>\n<h3>Rechtsgrundlage f\u00fcr die Verarbeitung<\/h3>\n<p>Der Eigent\u00fcmer darf die personenbezogenen Daten der Nutzer verarbeiten, wenn eine der folgenden Bedingungen zutrifft:Die Nutzer haben ihre Einwilligung f\u00fcr einen oder mehrere bestimmte Zwecke gegeben; Bitte beachten Sie: Nach bestimmten Gesetzen kann der Eigent\u00fcmer berechtigt sein, personenbezogene Daten zu verarbeiten, bis der Nutzer widerspricht (&#8222;opt-out&#8220;), ohne von der Einwilligung oder einer der folgenden Rechtsgrundlagen abh\u00e4ngig zu sein. Diese Bedingung gilt jedoch nicht, wenn die Verarbeitung personenbezogener Daten dem europ\u00e4ischen Datenschutzgesetz unterliegt;die Bereitstellung von Daten zur Erf\u00fcllung einer Vereinbarung mit dem Nutzer oder einer vorvertraglichen Verpflichtung des Nutzers erforderlich ist;die Verarbeitung erforderlich ist, um einer rechtlichen Verpflichtung nachzukommen, der der EIGENT\u00dcMER unterliegt;die Verarbeitung mit einer Aufgabe verbunden ist, die im \u00f6ffentlichen Interesse oder in Aus\u00fcbung der dem EIGENT\u00dcMER \u00fcbertragenen \u00f6ffentlichen Gewalt erfolgt;die Verarbeitung f\u00fcr die Zwecke der vom EIGENT\u00dcMER oder einer dritten Partei verfolgten legitimen Interessen erforderlich ist.<\/p>\n<p>In jedem Fall wird der EIGENT\u00dcMER Ihnen gerne dabei helfen, die spezifische Rechtsgrundlage zu kl\u00e4ren, die f\u00fcr die Verarbeitung gilt, und insbesondere, ob die Bereitstellung der Pers\u00f6nlichen Daten eine gesetzliche oder vertragliche Anforderung ist oder eine Anforderung, die f\u00fcr den Abschluss eines Vertrags erforderlich ist.<\/p>\n<p>&nbsp;<\/p>\n<h3>Ort der Verarbeitung<\/h3>\n<p>Die Daten werden am Hauptsitz des Eigent\u00fcmers und an allen anderen Orten verarbeitet, an denen sich die f\u00fcr die Verarbeitung verantwortlichen Parteien befinden.<\/p>\n<p>Je nach Standort des Nutzers kann die Daten\u00fcbertragung dazu f\u00fchren, dass die Daten des Nutzers in ein anderes Land als sein eigenes \u00fcbertragen werden. Um mehr \u00fcber den Ort zu erfahren, an dem diese \u00fcbertragenen Daten verarbeitet werden, k\u00f6nnen die Nutzer den Abschnitt lesen, der Einzelheiten zur Verarbeitung personenbezogener Daten enth\u00e4lt.<\/p>\n<p>Die Nutzer haben au\u00dferdem das Recht, die Rechtsgrundlage f\u00fcr die \u00dcbertragung von Daten in ein Land au\u00dferhalb der Europ\u00e4ischen Union oder an eine internationale Organisation, die dem V\u00f6lkerrecht unterliegt oder von zwei oder mehr L\u00e4ndern gegr\u00fcndet wurde, wie die Vereinten Nationen, sowie die Sicherheitsma\u00dfnahmen zu erfahren, die der Eigent\u00fcmer zur Sicherung ihrer Daten ergreift.<\/p>\n<p>Wenn eine solche \u00dcbertragung stattfindet, k\u00f6nnen die Nutzer mehr dar\u00fcber in den entsprechenden Abschnitten dieses Dokuments erfahren oder sich beim Eigent\u00fcmer unter Verwendung der im Kontaktabschnitt angegebenen Informationen erkundigen.<\/p>\n<p>&nbsp;<\/p>\n<h3>Dauer der Aufbewahrung<\/h3>\n<p>Personenbezogene Daten werden so lange verarbeitet und aufbewahrt, wie es f\u00fcr den Zweck, f\u00fcr den sie erhoben wurden, erforderlich ist.<\/p>\n<p>Daraus folgt:<\/p>\n<p>Personenbezogene Daten, die f\u00fcr Zwecke im Zusammenhang mit der Erf\u00fcllung eines Vertrags zwischen dem EIGENT\u00dcMER und dem NUTZER gesammelt werden, m\u00fcssen bis zur vollst\u00e4ndigen Erf\u00fcllung des Vertrags aufbewahrt werden.<\/p>\n<p>Personenbezogene Daten, die zum Zweck der legitimen Interessen des Eigent\u00fcmers erhoben werden, werden so lange aufbewahrt, wie dies zur Erreichung dieser Ziele erforderlich ist. Die Nutzer k\u00f6nnen spezifische Informationen \u00fcber die vom Eigent\u00fcmer verfolgten legitimen Interessen in den entsprechenden Abschnitten dieses Dokuments oder durch Kontaktaufnahme mit dem Eigent\u00fcmer finden.<\/p>\n<p>Der Eigent\u00fcmer kann berechtigt sein, Pers\u00f6nliche Daten l\u00e4nger zu speichern, wenn der Nutzer seine Zustimmung zu einer solchen Verarbeitung gegeben hat, solange diese Zustimmung nicht widerrufen wird. Dar\u00fcber hinaus kann der Eigent\u00fcmer verpflichtet sein, personenbezogene Daten l\u00e4nger zu speichern, wenn dies zur Erf\u00fcllung einer gesetzlichen Verpflichtung oder auf Anordnung einer Beh\u00f6rde erforderlich ist.<\/p>\n<p>Sobald die Aufbewahrungsfrist abgelaufen ist, werden die Pers\u00f6nlichen Daten gel\u00f6scht. Daher k\u00f6nnen das Recht auf Zugang, das Recht auf L\u00f6schung, das Recht auf Berichtigung und das Recht auf Daten\u00fcbertragbarkeit nach Ablauf der Aufbewahrungsfrist nicht mehr angewendet werden.<\/p>\n<p>&nbsp;<\/p>\n<h3>Zweck der Verarbeitung<\/h3>\n<p>Die Nutzerdaten werden erhoben, damit der EIGENT\u00dcMER seine Dienstleistungen erbringen kann, sowie f\u00fcr die folgenden Zwecke: Analysen, Kontaktaufnahme mit dem Nutzer und Anzeige von Inhalten von externen Plattformen.<\/p>\n<p>Weitere Informationen zu den Zwecken dieser Verarbeitung und zu den spezifischen personenbezogenen Daten, die f\u00fcr jeden Zweck verwendet werden, finden die Nutzer in den entsprechenden Abschnitten dieses Dokuments.<\/p>\n<p>&nbsp;<\/p>\n<h2>Ausf\u00fchrliche Informationen \u00fcber die Verarbeitung personenbezogener Daten<\/h2>\n<p>Personenbezogene Daten werden f\u00fcr die folgenden Zwecke mithilfe verschiedener Dienste erhoben:<\/p>\n<h3>Anzeige von Inhalten von externen Plattformen aus<\/h3>\n<p>Diese Art von Diensten erm\u00f6glicht es Ihnen, Inhalte, die auf externen Plattformen gehostet werden, direkt von den Seiten der Website von Catamaran Outremer aus anzuzeigen und mit ihnen zu interagieren. Wenn ein solcher Dienst installiert ist, kann er immer noch Daten \u00fcber den Webverkehr auf den Seiten sammeln, auch wenn der Nutzer ihn nicht nutzt.<\/p>\n<p>Google Maps Widget (Google Inc.)Google Maps ist ein von Google Inc. bereitgestellter Dienst zur Anzeige von Karten, der es der Website von Catamaran Outremer erm\u00f6glicht, solche Inhalte auf ihren Seiten einzubetten.<\/p>\n<p>Erfasste personenbezogene Daten: Cookies und Nutzungsdaten.<\/p>\n<p>Ort der Verarbeitung: USA &#8211; Datenschutzrichtlinie. Teilnehmer am Datenschutzschild.<\/p>\n<p>&nbsp;<\/p>\n<h3>Analysen<\/h3>\n<p>Die in diesem Abschnitt enthaltenen Dienste erm\u00f6glichen es dem Eigent\u00fcmer, den Webverkehr zu \u00fcberwachen und zu analysieren und das Verhalten des Nutzers zu verfolgen.<\/p>\n<p>Google Analytics (Google Inc.)Google Analytics ist ein Webanalysedienst, der von Google Inc. (&#8222;Google&#8220;) zur Verf\u00fcgung gestellt wird. Google verwendet die gesammelten Daten, um die Nutzung der Website von Catamaran Outremer zu verfolgen und zu analysieren, Berichte \u00fcber die Aktivit\u00e4ten der Website zu erstellen und diese an andere Google-Dienste weiterzugeben. Google kann die gesammelten Daten verwenden, um die Werbung in seinem eigenen Werbenetzwerk zu kontextualisieren und zu personalisieren.<\/p>\n<p>Erfasste personenbezogene Daten: Cookies und Nutzungsdaten.<\/p>\n<p>Ort der Verarbeitung: USA &#8211; Datenschutzrichtlinie &#8211; Opt-out-Option. Teilnehmer am Datenschutzschild.<\/p>\n<p>&nbsp;<\/p>\n<h3>Den Nutzer kontaktieren<\/h3>\n<p>Anmeldeformulare (die Website von Catamaran Outremer)<\/p>\n<p>Durch das Ausf\u00fcllen des Anmeldeformulars mit seinen Daten stimmt der Nutzer der Verwendung dieser Informationen durch die Website von Catamaran Outremer zu, um auf Anfragen nach Informationen, Zitaten oder anderen Anfragen, wie im Kopf des Formulars angegeben, zu antworten.<\/p>\n<p>Erfasste pers\u00f6nliche Daten: E-Mail-Adresse, verschiedene Arten von Daten, Nachname, Vorname und Telefonnummer.<\/p>\n<p>&nbsp;<\/p>\n<h2>Rechte der Nutzer<\/h2>\n<p>Die Nutzer k\u00f6nnen bestimmte Rechte in Bezug auf ihre vom Eigent\u00fcmer verarbeiteten Daten aus\u00fcben.<\/p>\n<p>Insbesondere haben die Nutzer das Recht, Folgendes zu tun:Ihre Zustimmung jederzeit zu widerrufen. Die Nutzer haben das Recht, ihre Zustimmung zu widerrufen, wenn sie bereits ihre Zustimmung zur Verarbeitung ihrer personenbezogenen Daten gegeben haben.<\/p>\n<p>Der Verarbeitung ihrer Daten zu widersprechen. Die Nutzer haben das Recht, der Verarbeitung ihrer Daten zu widersprechen, wenn die Verarbeitung auf einer anderen Rechtsgrundlage als der Einwilligung erfolgt. Weitere Einzelheiten werden im entsprechenden Abschnitt unten hinzugef\u00fcgt.<\/p>\n<p>Auf ihre Daten zuzugreifen. Die Nutzer haben das Recht, zu erfahren, ob ihre Daten vom Eigent\u00fcmer verarbeitet werden, Informationen \u00fcber bestimmte Aspekte der Verarbeitung zu erhalten und eine Kopie der Daten zu erhalten, die gerade verarbeitet werden.<\/p>\n<p>Zu \u00fcberpr\u00fcfen und eine Berichtigung zu erhalten. Die Nutzer haben das Recht, die Richtigkeit ihrer Daten zu \u00fcberpr\u00fcfen und zu verlangen, dass sie aktualisiert oder berichtigt werden.<\/p>\n<p>Die Verarbeitung ihrer Daten einzuschr\u00e4nken. Die Nutzer haben das Recht, unter bestimmten Bedingungen die Verarbeitung ihrer Daten zu beschr\u00e4nken. In diesem Fall wird der Eigent\u00fcmer ihre Daten nur zum Zweck der Speicherung verarbeiten.<\/p>\n<p>&nbsp;<\/p>\n<h3>ihre pers\u00f6nlichen Daten entfernen oder l\u00f6schen lassen.<\/h3>\n<p>Die Nutzer haben unter bestimmten Bedingungen das Recht, die L\u00f6schung ihrer Daten beim Eigent\u00fcmer zu beantragen.<\/p>\n<p>&nbsp;<\/p>\n<h3>ihre Daten abzurufen und sie an einen anderen Datenverarbeiter zu \u00fcbertragen.<\/h3>\n<p>Die Nutzer haben das Recht, ihre Daten in einem strukturierten, g\u00e4ngigen und maschinenlesbaren Format abzurufen und, sofern dies technisch m\u00f6glich ist, ohne Hindernisse jeglicher Art an einen anderen f\u00fcr die Verarbeitung Verantwortlichen zu \u00fcbertragen. Dies gilt unter der Voraussetzung, dass die Daten mit automatisierten Mitteln verarbeitet werden und die Verarbeitung auf der Einwilligung des Nutzers, auf einem Vertrag, bei dem der Nutzer Vertragspartei ist, oder auf vorvertraglichen Verpflichtungen beruht.<\/p>\n<p>&nbsp;<\/p>\n<h3>Eine Beschwerde einreichen.<\/h3>\n<p>Die Nutzer haben das Recht, eine Beschwerde bei ihrer zust\u00e4ndigen Datenschutzbeh\u00f6rde einzureichen.<\/p>\n<p>&nbsp;<\/p>\n<h3>Informationen \u00fcber das Recht, der Verarbeitung zu widersprechen<\/h3>\n<p>Wenn personenbezogene Daten im \u00f6ffentlichen Interesse, in Aus\u00fcbung einer dem Eigent\u00fcmer \u00fcbertragenen offiziellen Befugnis oder f\u00fcr die Zwecke der vom Eigent\u00fcmer verfolgten legitimen Interessen verarbeitet werden, k\u00f6nnen die Nutzer dieser Verarbeitung widersprechen, indem sie einen Grund angeben, der sich auf ihre besondere Situation bezieht, die diesen Widerspruch rechtfertigen soll.<\/p>\n<p>Die Nutzer sollten jedoch wissen, dass sie, wenn ihre Pers\u00f6nlichen Daten f\u00fcr Direktmarketingzwecke verarbeitet werden, dieser Verarbeitung jederzeit ohne Angabe von Gr\u00fcnden widersprechen k\u00f6nnen. Um zu erfahren, ob der Eigent\u00fcmer personenbezogene Daten f\u00fcr Direktmarketingzwecke verarbeitet, k\u00f6nnen die Nutzer die entsprechenden Abschnitte dieses Dokuments lesen.<\/p>\n<p>&nbsp;<\/p>\n<h3>Wie k\u00f6nnen Sie diese Rechte aus\u00fcben?<\/h3>\n<p>Alle Antr\u00e4ge auf Aus\u00fcbung der Rechte des Nutzers k\u00f6nnen an den Eigent\u00fcmer \u00fcber die in diesem Dokument angegebenen Kontaktdaten gerichtet werden. Derartige Anfragen k\u00f6nnen kostenlos gestellt werden und werden vom Eigent\u00fcmer so schnell wie m\u00f6glich und immer innerhalb eines Monats bearbeitet.<\/p>\n<p>&nbsp;<\/p>\n<h2>Zus\u00e4tzliche Informationen \u00fcber die Verarbeitung und Erhebung von Daten.<\/h2>\n<h3>\nRechtliche Schritte<\/h3>\n<p>Die pers\u00f6nlichen Daten des Nutzers k\u00f6nnen vom Eigner zu rechtlichen Zwecken vor Gericht oder in Phasen verwendet werden, die zu einer Klage aufgrund einer unangemessenen Nutzung der Website von Catamaran Outremer oder der damit verbundenen Dienste f\u00fchren k\u00f6nnen.<\/p>\n<p>Der Nutzer ist sich der Tatsache bewusst, dass der Eigner pers\u00f6nliche Daten auf Anfrage von Beh\u00f6rden offenlegen kann.Zus\u00e4tzliche Informationen zu den pers\u00f6nlichen Daten des Nutzers<\/p>\n<p>Zus\u00e4tzlich zu den in dieser Datenschutzrichtlinie enthaltenen Informationen kann die Website von Catamaran Outremer dem Nutzer weitere Informationen und Hintergrundinformationen zu bestimmten Diensten oder zur Erhebung und Verarbeitung personenbezogener Daten liefern.<\/p>\n<p>&nbsp;<\/p>\n<h3>Systemprotokolle und Wartung<\/h3>\n<p>Zu Betriebs- und Wartungszwecken k\u00f6nnen die Website von Catamaran Outremer und die Dienste Dritter Dateien sammeln, die Interaktionen mit der Website von Catamaran Outremer aufzeichnen (Systemprotokolle), oder zu diesem Zweck andere pers\u00f6nliche Daten (wie die IP-Adresse) verwenden.Informationen, die nicht in dieser Richtlinie enthalten sind.<\/p>\n<p>Weitere Informationen \u00fcber die Erhebung oder Verarbeitung personenbezogener Daten k\u00f6nnen jederzeit beim Eigner angefordert werden. Bitte beachten Sie die Kontaktinformationen am Anfang dieses Dokuments.<\/p>\n<p>&nbsp;<\/p>\n<h3>Wie Nicht verfolgen&#8220;-Anfragen behandelt werden<\/h3>\n<p>Die Website von Catamaran Outremer unterst\u00fctzt keine &#8222;Do not track&#8220;-Anfragen.Bitte beachten Sie die Datenschutzrichtlinien von Drittanbietern, um festzustellen, ob sie &#8222;Do not track&#8220;-Anfragen akzeptieren.\u00c4nderungen dieser Datenschutzrichtlinie<\/p>\n<p>Der Eigner beh\u00e4lt sich das Recht vor, jederzeit \u00c4nderungen an dieser Datenschutzrichtlinie vorzunehmen, indem er die Nutzer auf dieser Seite und m\u00f6glicherweise auf der Website von Catamaran Outremer dar\u00fcber informiert oder &#8211; soweit technisch und rechtlich m\u00f6glich &#8211; indem er den Nutzern eine Mitteilung \u00fcber die dem Eigner zur Verf\u00fcgung stehenden Kontaktdaten zukommen l\u00e4sst. Es wird dringend empfohlen, diese Seite h\u00e4ufig zu besuchen und sich dabei auf das unten angegebene Datum der letzten \u00c4nderung zu beziehen.<\/p>\n<p>Wenn die \u00c4nderungen die Verarbeitungst\u00e4tigkeiten beeinflussen, die auf der Grundlage der Einwilligung des Nutzers durchgef\u00fchrt wurden, muss der Eigent\u00fcmer gegebenenfalls eine neue Einwilligung des Nutzers einholen.<\/p>\n<p>&nbsp;<\/p>\n<h3>Liste der verwendeten Cookies<\/h3>\n<p>Um Ihre Wahl bez\u00fcglich der Cookies zur\u00fcckzusetzen, k\u00f6nnen Sie hier klicken: Meine Wahl bez\u00fcglich Cookies zur\u00fccksetzen.<\/p>\n<p>Name: 240plan<\/p>\n<p>Domain: www.catamaran-outremer.com<\/p>\n<p>Beschreibung: Technisches Cookie. Wird vom Webhoster abgelegt, um die Lastverteilung auf den geteilten Servern zu verbessern.<\/p>\n<p>Name: 240planBAK.<\/p>\n<p>Dom\u00e4ne: www.catamaran-outremer.com<\/p>\n<p>Beschreibung: Technisches Cookie. Vom Hoster hinterlegt, um die Lastverteilung auf den gemeinschaftlich genutzten Servern zu verbessern.<\/p>\n<p>Name: _ga<\/p>\n<p>Dom\u00e4ne: catamaran-outremer.com.<\/p>\n<p>Beschreibung: Cookie f\u00fcr statistische und Verhaltensanalyse. Google Analytics<\/p>\n<p>Name: _gat_gtag_UA_30931099_1.<\/p>\n<p>Domain: catamaran-outremer.com<\/p>\n<p>Beschreibung: Cookie f\u00fcr statistische und Verhaltensanalyse. Google Analytics.<\/p>\n<p>Name: _gid<\/p>\n<p>Dom\u00e4ne: catamaran-outremer.com<\/p>\n<p>Beschreibung: Cookie f\u00fcr statistische und Verhaltensanalyse. Google Analytics<\/p>\n<p>Name: cookie_notice_accepted.<\/p>\n<p>Domain: www.catamaran-outremer.com<\/p>\n<p>Beschreibung: Technisches Cookie. Speichert die Wahl des Nutzers bez\u00fcglich der Annahme oder Ablehnung von Cookies.<\/p>\n<p>Name: pll_language.<\/p>\n<p>Dom\u00e4ne: www.catamaran-outremer.com<\/p>\n<p>Beschreibung: Technisches Cookie. Speichert die Spracheinstellung des Nutzers.<\/p>\n<p>&nbsp;<\/p>\n<h2>Definitionen und rechtliche Hinweise<\/h2>\n<h3>\nPers\u00f6nliche Daten (oder Daten)<\/h3>\n<p>Alle Informationen, die direkt, indirekt oder in Verbindung mit anderen Informationen &#8211; einschlie\u00dflich einer pers\u00f6nlichen Identifikationsnummer &#8211; die Identifizierung oder Identifizierbarkeit einer nat\u00fcrlichen Person erm\u00f6glichen.<\/p>\n<p>&nbsp;<\/p>\n<h3>Daten \u00fcber die Nutzung<\/h3>\n<p>Informationen, die automatisch von der Catamaran-Overseas-Website (oder von Drittdiensten, die von der Catamaran-Overseas-Website eingesetzt werden) gesammelt werden und die IP-Adressen oder Domainnamen der von den Nutzern verwendeten Computer, die die Catamaran-Overseas-Website nutzen, URI-Adressen (Uniform Resource Identifier), die Uhrzeit der Anfrage, die Methode, mit der die Anfrage an den Server \u00fcbermittelt wurde, die Gr\u00f6\u00dfe der als Antwort erhaltenen Datei, den numerischen Code, der den Status der Serverantwort angibt (positives Ergebnis, Fehler, etc. ), das Herkunftsland, die Eigenschaften des vom Nutzer verwendeten Browsers und Betriebssystems, verschiedene Details zur Zeit pro Besuch (z. B. die Zeit, die auf jeder Seite der Website verbracht wird) und Details zum Weg durch die Website mit besonderem Bezug auf die Reihenfolge der besuchten Seiten sowie andere Parameter, die sich auf das Betriebssystem oder die Computerumgebung des Nutzers beziehen.<\/p>\n<p>&nbsp;<\/p>\n<h3>Nutzer<\/h3>\n<p>Die Person, die die Website von Catamaran Outremer nutzt, die, sofern nicht anders angegeben, mit der betroffenen Person \u00fcbereinstimmt.<\/p>\n<p>&nbsp;<\/p>\n<h3>Betroffene Person<\/h3>\n<p>Die nat\u00fcrliche Person, auf die sich die Pers\u00f6nlichen Daten beziehen.<\/p>\n<p>&nbsp;<\/p>\n<h3>Auftragsverarbeiter (oder Datenverantwortlicher)<\/h3>\n<p>Die nat\u00fcrliche oder juristische Person, Beh\u00f6rde, Institution oder jede andere Organisation, die personenbezogene Daten im Auftrag des Datenverantwortlichen verarbeitet, wie in dieser Datenschutzrichtlinie beschrieben.<\/p>\n<p>&nbsp;<\/p>\n<h3>Verantwortlicher f\u00fcr die Verarbeitung (oder Eigent\u00fcmer)<\/h3>\n<p>Die nat\u00fcrliche oder juristische Person, Beh\u00f6rde, Institution oder andere Organisation, die allein oder gemeinsam mit anderen die Zwecke und Mittel der Verarbeitung personenbezogener Daten festlegt, einschlie\u00dflich der Sicherheitsma\u00dfnahmen f\u00fcr den Betrieb und die Nutzung der Website von Catamaran Outremer. Sofern nicht anders angegeben, ist der Verantwortliche f\u00fcr die Verarbeitung der Eigent\u00fcmer der Website von Catamaran Outremer.<\/p>\n<p>&nbsp;<\/p>\n<h3>Die Website Outremer<\/h3>\n<p>Die Mittel, mit denen die pers\u00f6nlichen Daten des Nutzers gesammelt und verarbeitet werden.<\/p>\n<p>&nbsp;<\/p>\n<h3>Dienst<\/h3>\n<p>Die von der Outremer-Website bereitgestellte Dienstleistung, wie sie in den zugeh\u00f6rigen Bedingungen (falls zutreffend) und auf dieser Website beschrieben ist.<\/p>\n<p>&nbsp;<\/p>\n<h3>Europ\u00e4ische Union (oder EU)<\/h3>\n<p>Sofern nicht anders angegeben, schlie\u00dfen alle in diesem Dokument enthaltenen Verweise auf die Europ\u00e4ische Union alle derzeitigen Mitgliedstaaten der Europ\u00e4ischen Union und des Europ\u00e4ischen Wirtschaftsraums ein.<\/p>\n<p>&nbsp;<\/p>\n<h3>Cookies<\/h3>\n<p>Kleine Datens\u00e4tze, die auf dem Ger\u00e4t des Nutzers gespeichert werden.<\/p>\n<p>&nbsp;<\/p>\n<h3>Rechtliche Informationen<\/h3>\n<p>Diese Datenschutzrichtlinie wurde in Ausf\u00fchrung der Bestimmungen verschiedener Gesetze erstellt, insbesondere Artikel 13\/14 der EU-Verordnung 2016\/679 (Allgemeine Datenschutzverordnung).Diese Datenschutzrichtlinie bezieht sich nur auf die Website von Catamaran Outremer, sofern hier nicht anders angegeben.<\/p>\n\n<\/div>","protected":false},"excerpt":{"rendered":"","protected":false},"author":4,"featured_media":0,"parent":0,"menu_order":0,"comment_status":"closed","ping_status":"closed","template":"views\/template-simple-page.blade.php","meta":{"_acf_changed":false,"content-type":"","inline_featured_image":false,"footnotes":""},"class_list":["post-3704","page","type-page","status-publish","hentry"],"acf":[],"_links":{"self":[{"href":"https:\/\/catamaran-outremer.com\/de\/wp-json\/wp\/v2\/pages\/3704","targetHints":{"allow":["GET"]}}],"collection":[{"href":"https:\/\/catamaran-outremer.com\/de\/wp-json\/wp\/v2\/pages"}],"about":[{"href":"https:\/\/catamaran-outremer.com\/de\/wp-json\/wp\/v2\/types\/page"}],"author":[{"embeddable":true,"href":"https:\/\/catamaran-outremer.com\/de\/wp-json\/wp\/v2\/users\/4"}],"replies":[{"embeddable":true,"href":"https:\/\/catamaran-outremer.com\/de\/wp-json\/wp\/v2\/comments?post=3704"}],"version-history":[{"count":0,"href":"https:\/\/catamaran-outremer.com\/de\/wp-json\/wp\/v2\/pages\/3704\/revisions"}],"wp:attachment":[{"href":"https:\/\/catamaran-outremer.com\/de\/wp-json\/wp\/v2\/media?parent=3704"}],"curies":[{"name":"wp","href":"https:\/\/api.w.org\/{rel}","templated":true}]}}