{"id":23838,"date":"2026-02-05T12:38:47","date_gmt":"2026-02-05T10:38:47","guid":{"rendered":"https:\/\/catamaran-outremer.com\/the-journey-continues-with-outremer\/"},"modified":"2026-02-10T12:22:41","modified_gmt":"2026-02-10T10:22:41","slug":"die-reise-geht-weiter-mit-outremer","status":"publish","type":"page","link":"https:\/\/catamaran-outremer.com\/de\/die-reise-geht-weiter-mit-outremer\/","title":{"rendered":"Die Reise geht weiter mit Outremer"},"content":{"rendered":"<div class=\"container mb-9\">\n  <img decoding=\"async\" src=\"https:\/\/catamaran-outremer.com\/wp-content\/uploads\/2026\/02\/banniere-evenement-termine-outremer.webp\" alt=\"\" title=\"\">   \n<\/div>\n\n\n<div class=\"container mb-9\">\n    <h3 style=\"text-align: left\">Diese Veranstaltung ist vorbei&#8230; Entdecken Sie weiter mit uns!<\/h3>\n<p>Die Veranstaltung, die Sie suchen, ist bereits vorbei, aber die Entdeckung von Outremer geht weiter.<\/p>\n<p>Seit \u00fcber 40 Jahren unterst\u00fctzen wir Segler bei ihren Kreuzfahrtprojekten, von ihren ersten Tr\u00e4umen bis hin zu ihren langen Reisen.<\/p>\n<p>Ganz gleich, ob Sie gerade erst anfangen, dar\u00fcber nachzudenken, oder bereits auf dem besten Weg sind, unsere Teams stehen Ihnen gerne zur Verf\u00fcgung, um Ihre Pl\u00e4ne zu besprechen und Ihnen bei jedem Schritt zu helfen.<\/p>\n<p>&nbsp;<\/p>\n<h3 style=\"text-align: left\">Was m\u00f6chten Sie gerne machen?<\/h3>\n\n<\/div>\n\n<div class=\"content-cta\">\n        <div class=\"container-fluid\">\n            <div class=\"row gx-38 justify-content-center\">\n                                     <div class=\"col col-cta\">\n                        <div class=\"cta\">\n                                                            <div class=\"title h5\">Die neuesten Nachrichten entdecken<\/div>\n                                                                                        <p>Werftnachrichten, Modellvorstellungen, Veranstaltungen und Community-Highlights<\/p>\n\n                                                                                        <a href=\"https:\/\/catamaran-outremer.com\/de\/unsere-news\/\" class=\"btn btn-primary\" target=\"\">Watch Outremer Nachrichten<\/a>\n                                                    <\/div>\n                    <\/div>\n                                     <div class=\"col col-cta\">\n                        <div class=\"cta\">\n                                                            <div class=\"title h5\">Entdecken Sie unsere Katamarane<\/div>\n                                                                                        <p>Entwickelt f\u00fcr weite, lange und sichere Segelt\u00f6rns<\/p>\n\n                                                                                        <a href=\"https:\/\/catamaran-outremer.com\/de\/unsere-modelle\/\" class=\"btn btn-primary\" target=\"\">Entdecken Sie unsere Katamarane<\/a>\n                                                    <\/div>\n                    <\/div>\n                            <\/div>\n        <\/div>\n    <\/div>\n\n\n<div class=\"content-cta\">\n        <div class=\"container-fluid\">\n            <div class=\"row gx-38 justify-content-center\">\n                                     <div class=\"col col-cta\">\n                        <div class=\"cta\">\n                                                            <div class=\"title h5\">Besprechen Sie Ihr Projekt<\/div>\n                                                                                        <p>Besprechen Sie Ihre Segelvorlieben und die f\u00fcr Sie geeigneten Modelle mit unseren Teams.<\/p>\n\n                                                                                        <a href=\"https:\/\/catamaran-outremer.com\/de\/kontakt\/\" class=\"btn btn-primary\" target=\"\">Kontakt Outremer<\/a>\n                                                    <\/div>\n                    <\/div>\n                                     <div class=\"col col-cta\">\n                        <div class=\"cta\">\n                                                            <div class=\"title h5\">Bleiben Sie in Verbindung<\/div>\n                                                                                        <p>Erhalten Sie Neuigkeiten \u00fcber die Werft, bevorstehende Veranstaltungen und Termine.<\/p>\n\n                                                                                        <a href=\"https:\/\/share-eu1.hsforms.com\/1W5mE4gAFTH2zBjPzS_zjHQ2dd2so\" class=\"btn btn-primary\" target=\"\" rel=\"noopener\">Informieren Sie sich \u00fcber unsere bevorstehenden Veranstaltungen<\/a>\n                                                    <\/div>\n                    <\/div>\n                            <\/div>\n        <\/div>\n    <\/div>\n","protected":false},"excerpt":{"rendered":"","protected":false},"author":4,"featured_media":0,"parent":0,"menu_order":0,"comment_status":"closed","ping_status":"closed","template":"","meta":{"_acf_changed":true,"inline_featured_image":false,"footnotes":""},"class_list":["post-23838","page","type-page","status-publish","hentry"],"acf":[],"_links":{"self":[{"href":"https:\/\/catamaran-outremer.com\/de\/wp-json\/wp\/v2\/pages\/23838","targetHints":{"allow":["GET"]}}],"collection":[{"href":"https:\/\/catamaran-outremer.com\/de\/wp-json\/wp\/v2\/pages"}],"about":[{"href":"https:\/\/catamaran-outremer.com\/de\/wp-json\/wp\/v2\/types\/page"}],"author":[{"embeddable":true,"href":"https:\/\/catamaran-outremer.com\/de\/wp-json\/wp\/v2\/users\/4"}],"replies":[{"embeddable":true,"href":"https:\/\/catamaran-outremer.com\/de\/wp-json\/wp\/v2\/comments?post=23838"}],"version-history":[{"count":0,"href":"https:\/\/catamaran-outremer.com\/de\/wp-json\/wp\/v2\/pages\/23838\/revisions"}],"wp:attachment":[{"href":"https:\/\/catamaran-outremer.com\/de\/wp-json\/wp\/v2\/media?parent=23838"}],"curies":[{"name":"wp","href":"https:\/\/api.w.org\/{rel}","templated":true}]}}