{"id":23730,"date":"2024-12-05T10:49:08","date_gmt":"2024-12-05T10:49:08","guid":{"rendered":"https:\/\/catamaran-outremer.com\/discovery-days\/"},"modified":"2026-03-25T10:26:11","modified_gmt":"2026-03-25T08:26:11","slug":"discovery-days","status":"publish","type":"page","link":"https:\/\/catamaran-outremer.com\/de\/discovery-days\/","title":{"rendered":"Discovery Days"},"content":{"rendered":"<div class=\"container mb-9\">\n  <img decoding=\"async\" src=\"https:\/\/catamaran-outremer.com\/wp-content\/uploads\/2025\/12\/discovery-days-banniere.webp\" alt=\"\" title=\"\">   \n<\/div>\n\n\n<div class=\"container mb-9\">\n    <h2>Kommen Sie und erleben Sie Outremer<\/h2>\n<p>Nehmen Sie an unseren <strong>Discovery Days<\/strong> teil, drei Tagen exklusiver Eintauch-Erfahrung, um die Marke zu entdecken, an Bord unserer Katamarane zu segeln und mit der Outremer-Community in Kontakt zu treten. Eine einzigartige Gelegenheit, in die Welt des Blauwasser-Segelns einzutauchen und \u00fcber Ihr zuk\u00fcnftiges Projekt nachzudenken. Konzentrieren Sie sich auf <strong><a href=\"#more\">unsere bevorstehenden Veranstaltungen<\/a><\/strong>.<\/p>\n<p>&nbsp;<\/p>\n<h3>Drei Tage zum Entdecken, Segeln und Teilen<\/h3>\n<p>Jede Ausgabe umfasst:<\/p>\n<ul>\n<li>F\u00fcr Ausgaben in La Grande-Motte: <strong>eine F\u00fchrung durch die Outremer-Werft<\/strong> und eine Einf\u00fchrung in unser Handwerk.<\/li>\n<li>Eine Pr\u00e4sentation der <strong>Outremer Academy<\/strong>, unserem speziellen Schulungsprogramm f\u00fcr Eigner.<\/li>\n<li><strong>Sailing days<\/strong> an Bord unserer Modelle, mit einem Outremer-Skipper<\/li>\n<li>Gesellige Veranstaltungen, C<strong>ocktails und Abendessen<\/strong>, um das Erlebnis zu verl\u00e4ngern.<\/li>\n<\/ul>\n<p><em>Gut zu wissen: Bei der Anmeldung ist ein finanzieller Beitrag zu leisten. Dieser umfasst alle Mahlzeiten und Abendveranstaltungen, das Segeln mit unseren Skippern und ein Outremer-Outfit (Kappe\/T-Shirt). Bei Vertragsabschluss wird der Beitrag vollst\u00e4ndig zur\u00fcckerstattet.<\/em><\/p>\n<p>&nbsp;<\/p>\n<h3>Kommende Termine<\/h3>\n<p><strong>22.\u201324. Mai 2026<\/strong>, Discovery Days Spring im La Grande-Motte<\/p>\n<p><a href=\"https:\/\/share-eu1.hsforms.com\/2UjV7Rb9kQEeZfiUuRX4eJA2dd2so\" target=\"_blank\" rel=\"noopener\"><strong>\u2192 Jetzt registrieren<\/strong><\/a><\/p>\n<p><strong>2.\u20134. Oktober 2026<\/strong>, Discovery Days Fall im La Grande-Motte<\/p>\n<p><a href=\"https:\/\/2dd2so.share-eu1.hsforms.com\/2f-whRHU4SASKt_H0xCVmNQ\" target=\"_blank\" rel=\"noopener\"><strong>\u2192 Jetzt registrieren<\/strong><\/a><\/p>\n<div id=\"gtx-trans\" style=\"position: absolute;left: 214px;top: 105.594px\">\n<div class=\"gtx-trans-icon\"><\/div>\n<\/div>\n\n<\/div>\n\n<div class=\"container mb-9\">\n    <h3>An diesen Tagen nicht verf\u00fcgbar?<\/h3>\n<p><a href=\"https:\/\/share-eu1.hsforms.com\/25VJ7QssoSrKc6LPR9NLt9A2dd2so\" target=\"_blank\" rel=\"noopener\"><strong>Kontaktieren Sie uns jetzt<\/strong><\/a>, um \u00fcber zuk\u00fcnftige Ausgaben informiert zu werden und sich in die Liste der zuk\u00fcnftigen Teilnehmer einzutragen.<\/p>\n\n<\/div>\n\n<div id=\"more\" class=\"anchor-block\"><\/div>\n\n\n<div class=\"catamaran-section catamaran-keypoints bg-light-gray py-9\">\n  <div class=\"container\">\n    <div class=\"mb-9\"><h2 style=\"text-align: left;\">Konzentrieren Sie sich auf unsere bevorstehenden Veranstaltungen<\/h2>\n<\/div>\n\n\n        \n         \n    <div class=\"row keypoint-item keypoint-item-text-left\">\n      <div class=\"col col-text\">\n        <div class=\"align-middle\">\n          <h3><strong>Discovery Days Spring<\/strong><\/h3>\n<h5><strong>Vom 22. bis 24. Mai 2026, La Grande-Motte<\/strong><\/h5>\n<p>Drei exklusive Tage in La Grande-Motte, im Herzen der Werft von Outremer Catamarans.<\/p>\n<p>Werfen Sie einen Blick hinter die Kulissen des Designprozesses eines Outremer, entdecken Sie die Outremer Academy, unser Schulungsprogramm f\u00fcr Eigner, nehmen Sie an Probefahrten an Bord unserer Modelle teil und genie\u00dfen Sie gesellige Momente mit unserer Community.<\/p>\n<h5><a href=\"https:\/\/share-eu1.hsforms.com\/2UjV7Rb9kQEeZfiUuRX4eJA2dd2so\" target=\"_blank\" rel=\"noopener\"><strong>\u2192 Ich m\u00f6chte mitmachen!<\/strong><\/a><\/h5>\n<p><a href=\"https:\/\/catamaran-outremer.com\/wp-content\/uploads\/2026\/03\/Planning-DiscoveryD-Spring-26.pdf\" target=\"_blank\" rel=\"noopener\">[DETAILLIERTES PROGRAMM HERUNTERLADEN]<\/a><\/p>\n        <\/div>\n      <\/div>\n      <div class=\"col col-image\">\n        <div class=\"image-wrap\" style=\"background-image: url(https:\/\/catamaran-outremer.com\/wp-content\/uploads\/2025\/05\/JPO-4.webp);\"><\/div>\n      <\/div>\n    <\/div>\n         \n    <div class=\"row keypoint-item keypoint-item-text-right\">\n      <div class=\"col col-text\">\n        <div class=\"align-middle\">\n          <h3><strong>Discovery Days Spring<\/strong><\/h3>\n<h5><strong>Vom 2. bis 4. Oktober 2026, La Grande-Motte<\/strong><\/h5>\n<p>Drei exklusive Tage in La Grande-Motte, im Herzen der Werft von Outremer Catamarans.<\/p>\n<p>Werfen Sie einen Blick hinter die Kulissen des Designprozesses eines Outremer, entdecken Sie die Outremer Academy, unser Schulungsprogramm f\u00fcr Eigner, nehmen Sie an Probefahrten an Bord unserer Modelle teil und genie\u00dfen Sie gesellige Momente mit unserer Community.<\/p>\n<h5><a href=\"https:\/\/2dd2so.share-eu1.hsforms.com\/2f-whRHU4SASKt_H0xCVmNQ\" target=\"_blank\" rel=\"noopener\"><strong>\u2192 Ich m\u00f6chte mitmachen!<\/strong><\/a><\/h5>\n<p><a href=\"https:\/\/catamaran-outremer.com\/wp-content\/uploads\/2026\/03\/Planning-DiscoveryD-Fall-26.pdf\" target=\"_blank\" rel=\"noopener\">[DETAILLIERTES PROGRAMM HERUNTERLADEN]<\/a><\/p>\n        <\/div>\n      <\/div>\n      <div class=\"col col-image\">\n        <div class=\"image-wrap\" style=\"background-image: url(https:\/\/catamaran-outremer.com\/wp-content\/uploads\/2025\/02\/coaching-myoy.webp);\"><\/div>\n      <\/div>\n    <\/div>\n            \n      <\/div>\n\n<\/div>","protected":false},"excerpt":{"rendered":"","protected":false},"author":4,"featured_media":0,"parent":0,"menu_order":0,"comment_status":"closed","ping_status":"closed","template":"","meta":{"_acf_changed":true,"inline_featured_image":false,"footnotes":""},"class_list":["post-23730","page","type-page","status-publish","hentry"],"acf":[],"_links":{"self":[{"href":"https:\/\/catamaran-outremer.com\/de\/wp-json\/wp\/v2\/pages\/23730","targetHints":{"allow":["GET"]}}],"collection":[{"href":"https:\/\/catamaran-outremer.com\/de\/wp-json\/wp\/v2\/pages"}],"about":[{"href":"https:\/\/catamaran-outremer.com\/de\/wp-json\/wp\/v2\/types\/page"}],"author":[{"embeddable":true,"href":"https:\/\/catamaran-outremer.com\/de\/wp-json\/wp\/v2\/users\/4"}],"replies":[{"embeddable":true,"href":"https:\/\/catamaran-outremer.com\/de\/wp-json\/wp\/v2\/comments?post=23730"}],"version-history":[{"count":0,"href":"https:\/\/catamaran-outremer.com\/de\/wp-json\/wp\/v2\/pages\/23730\/revisions"}],"wp:attachment":[{"href":"https:\/\/catamaran-outremer.com\/de\/wp-json\/wp\/v2\/media?parent=23730"}],"curies":[{"name":"wp","href":"https:\/\/api.w.org\/{rel}","templated":true}]}}