{"id":23380,"date":"2025-11-20T15:40:41","date_gmt":"2025-11-20T13:40:41","guid":{"rendered":"https:\/\/catamaran-outremer.com\/a-year-aboard-an-outremer-45\/"},"modified":"2025-11-24T10:29:57","modified_gmt":"2025-11-24T08:29:57","slug":"ein-jahr-an-bord-eines-outremer-45","status":"publish","type":"page","link":"https:\/\/catamaran-outremer.com\/de\/ein-jahr-an-bord-eines-outremer-45\/","title":{"rendered":"Ein Jahr an Bord eines Outremer 45"},"content":{"rendered":"<div class=\"container mb-9\">\n  <img decoding=\"async\" src=\"https:\/\/catamaran-outremer.com\/wp-content\/uploads\/2025\/11\/Banniere-45-annee-sabatique.webp\" alt=\"\" title=\"\">   \n<\/div>\n\n\n<div class=\"container mb-9\">\n    <h2 style=\"text-align: left\">Ein Sabbatjahr auf See an Bord eines Outremer 45<\/h2>\n<p>Ein Sabbatical zu nehmen bedeutet, sich f\u00fcr ein anderes Leben zu entscheiden. Wie w\u00e4re es, diese Auszeit auf See zu verbringen, in einem langsameren Rhythmus, getragen und gef\u00fchrt vom Wind, an Bord eines <a href=\"https:\/\/catamaran-outremer.com\/de\/hochseetaugliche-katamarane\/outremer-45\/\"><strong>Outremer 45<\/strong><\/a>?<\/p>\n<p>Mit diesem exklusiven Angebot k\u00f6nnen Sie 12 Monate lang einen Outremer 45 nutzen und ein einzigartiges Erlebnis genie\u00dfen, ohne warten zu m\u00fcssen, bis Sie selbst Bootsbesitzer werden.<\/p>\n<p><a href=\"https:\/\/catamaran-outremer.com\/en\/news\/spotlight-on-the-outremer-45\/\"><strong>Derzeit segeln mehr als hundert Outremer 45 um die Welt<\/strong><\/a>. Paare, Familien, Anf\u00e4nger oder erfahrene Segler: Sie alle beschreiben eine Erfahrung, die ihre Wahrnehmung von Zeit, Reisen und den wesentlichen Dingen des Lebens tiefgreifend ver\u00e4ndert.<\/p>\n<p>Zw\u00f6lf Monate, um einen Ozean zu \u00fcberqueren, neue Horizonte zu erkunden und im Rhythmus des Windes zu leben.<\/p>\n<p><strong>Dank eines kurzfristigen Leasingvertrags k\u00f6nnen Sie einen Outremer 45 nutzen<\/strong>, um ein einzigartiges Jahr auf See zu erleben.<\/p>\n\n<\/div>\n\n<div class=\"text-center my-5\">\n\n  \n      <button type=\"button\" class=\"btn btn-primary\" data-toggle=\"modal\"\n        data-target=\"#modal-block_0492fce52544f2ca773f02c13dea489d\">\n        Ich m\u00f6chte mehr erfahren.\n      <\/button>\n\n      <!-- Modal -->\n      <div class=\"modal fade\" id=\"modal-block_0492fce52544f2ca773f02c13dea489d\" tabindex=\"-1\" role=\"dialog\" aria-labelledby=\"exampleModalCenterTitle\"\n        aria-hidden=\"true\">\n        <div class=\"modal-dialog modal-dialog-centered\" role=\"document\">\n          <div class=\"modal-content\">\n            <div class=\"modal-header\">\n              \n              <button type=\"button\" class=\"close\" data-dismiss=\"modal\" aria-label=\"Close\">\n                <span aria-hidden=\"true\">&times;<\/span>\n              <\/button>\n            <\/div>\n            <div class=\"modal-body\">\n              <script src=\"https:\/\/js-eu1.hsforms.net\/forms\/embed\/143377512.js\" defer><\/script>\r\n<div class=\"hs-form-frame\" data-region=\"eu1\" data-form-id=\"7163a7fd-c9da-48d6-bd47-50d50635cc57\" data-portal-id=\"143377512\"><\/div>\n            <\/div>\n\n          <\/div>\n        <\/div>\n      <\/div>\n      <\/div>\n\n\n<div class=\"section-numbers\">\n  <div class=\"container\">\n    <div class=\"mb-9\"><\/div>\n\n\n        \n    <div class=\"row\">\n       \n              <div class=\"col-number\">\n          <div class=\"image-wrap\">\n            <img decoding=\"async\" src=\"https:\/\/catamaran-outremer.com\/wp-content\/uploads\/2025\/11\/all-included-svg-2.svg\" alt=\"\" title=\"\">\n          <\/div>\n          <div class=\"number\">12 500\u20ac<\/div>\n          <div class=\"text\">ohne MwSt.\/Monat (oder 150 000 \u20ac\/Jahr)<\/div>\n        <\/div>\n      \n\n       \n              <div class=\"col-number\">\n          <div class=\"image-wrap\">\n            <img decoding=\"async\" src=\"https:\/\/catamaran-outremer.com\/wp-content\/uploads\/2025\/11\/calendar-svg.svg\" alt=\"\" title=\"\">\n          <\/div>\n          <div class=\"number\">12 Monate<\/div>\n          <div class=\"text\">Erlebnis an Bord<\/div>\n        <\/div>\n      \n\n       \n              <div class=\"col-number\">\n          <div class=\"image-wrap\">\n            <img decoding=\"async\" src=\"https:\/\/catamaran-outremer.com\/wp-content\/uploads\/2025\/11\/glywo-svg-2.svg\" alt=\"\" title=\"\">\n          <\/div>\n          <div class=\"number\">GLYWO<\/div>\n          <div class=\"text\">Kostenlose Teilnahme f\u00fcr das erste Jahr der Rallye*<\/div>\n        <\/div>\n      \n\n       \n              <div class=\"col-number\">\n          <div class=\"image-wrap\">\n            <img decoding=\"async\" src=\"https:\/\/catamaran-outremer.com\/wp-content\/uploads\/2025\/05\/handshake-outremer-2_icon.svg\" alt=\"\" title=\"\">\n          <\/div>\n          <div class=\"number\">5 Dienste<\/div>\n          <div class=\"text\">Schulung, Versicherung, Wartung, Unterst\u00fctzung, Finanzierung<\/div>\n        <\/div>\n      \n\n       \n              <div class=\"col-number\">\n          <div class=\"image-wrap\">\n            <img decoding=\"async\" src=\"https:\/\/catamaran-outremer.com\/wp-content\/uploads\/2025\/05\/bateau-outremer.svg\" alt=\"\" title=\"\">\n          <\/div>\n          <div class=\"number\">+100<\/div>\n          <div class=\"text\">Outremer 45 auf See \u2013 das zuverl\u00e4ssigste Modell<\/div>\n        <\/div>\n      \n\n          <\/div>\n    \n  <\/div>\n\n<\/div>\n\n<div class=\"container-fluid \">\n  <div class=\"section-contact overlapping-image\">\n    <div class=\"container text-center\">\n      <div class=\"mb-5\"><h2 style=\"text-align: left\"><span style=\"color: #00aeef\">Leasing, die Wahl der Freiheit<\/span><\/h2>\n<p style=\"text-align: left\">Das Leasing eines Bootes ist viel mehr als nur eine finanzielle L\u00f6sung: Es ist der einfachste Weg, Ihr Projekt sofort zu genie\u00dfen, ohne warten zu m\u00fcssen, bis Sie Eigent\u00fcmer werden. In Zusammenarbeit mit unserem Partner LIZmer haben wir eine kurzfristige L\u00f6sung entwickelt, die speziell darauf ausgelegt ist, Ihnen zu helfen, beruhigt in See zu stechen. So k\u00f6nnen Sie in einer klaren, einfachen und begleiteten Umgebung vorankommen, um Ihr Projekt ohne Wartezeit zu verwirklichen!<\/p>\n<p style=\"text-align: left\"><strong>Mit diesem Plan profitieren Sie von:<\/strong><\/p>\n<ul style=\"text-align: left\">\n<li style=\"text-align: left\" data-leveltext=\"\uf0b7\" data-font=\"Symbol\" data-listid=\"10\" data-list-defn-props=\"{&quot;335552541&quot;:1,&quot;335559685&quot;:720,&quot;335559991&quot;:360,&quot;469769226&quot;:&quot;Symbol&quot;,&quot;469769242&quot;:[8226],&quot;469777803&quot;:&quot;left&quot;,&quot;469777804&quot;:&quot;\uf0b7&quot;,&quot;469777815&quot;:&quot;hybridMultilevel&quot;}\" data-aria-posinset=\"1\" data-aria-level=\"1\">Eine Outremer 45 f\u00fcr 12 Monate verf\u00fcgbar<\/li>\n<li style=\"text-align: left\" data-leveltext=\"\uf0b7\" data-font=\"Symbol\" data-listid=\"10\" data-list-defn-props=\"{&quot;335552541&quot;:1,&quot;335559685&quot;:720,&quot;335559991&quot;:360,&quot;469769226&quot;:&quot;Symbol&quot;,&quot;469769242&quot;:[8226],&quot;469777803&quot;:&quot;left&quot;,&quot;469777804&quot;:&quot;\uf0b7&quot;,&quot;469777815&quot;:&quot;hybridMultilevel&quot;}\" data-aria-posinset=\"1\" data-aria-level=\"1\">Eine feste monatliche Zahlung ab 12.500 \u20ac zzgl. MwSt.\/Monat<\/li>\n<li style=\"text-align: left\" data-leveltext=\"\uf0b7\" data-font=\"Symbol\" data-listid=\"10\" data-list-defn-props=\"{&quot;335552541&quot;:1,&quot;335559685&quot;:720,&quot;335559991&quot;:360,&quot;469769226&quot;:&quot;Symbol&quot;,&quot;469769242&quot;:[8226],&quot;469777803&quot;:&quot;left&quot;,&quot;469777804&quot;:&quot;\uf0b7&quot;,&quot;469777815&quot;:&quot;hybridMultilevel&quot;}\" data-aria-posinset=\"1\" data-aria-level=\"1\">Versicherung, Wartung und technische Unterst\u00fctzung<\/li>\n<li style=\"text-align: left\" data-leveltext=\"\uf0b7\" data-font=\"Symbol\" data-listid=\"10\" data-list-defn-props=\"{&quot;335552541&quot;:1,&quot;335559685&quot;:720,&quot;335559991&quot;:360,&quot;469769226&quot;:&quot;Symbol&quot;,&quot;469769242&quot;:[8226],&quot;469777803&quot;:&quot;left&quot;,&quot;469777804&quot;:&quot;\uf0b7&quot;,&quot;469777815&quot;:&quot;hybridMultilevel&quot;}\" data-aria-posinset=\"1\" data-aria-level=\"1\">Schulung vor der Abreise<\/li>\n<li style=\"text-align: left\" data-leveltext=\"\uf0b7\" data-font=\"Symbol\" data-listid=\"10\" data-list-defn-props=\"{&quot;335552541&quot;:1,&quot;335559685&quot;:720,&quot;335559991&quot;:360,&quot;469769226&quot;:&quot;Symbol&quot;,&quot;469769242&quot;:[8226],&quot;469777803&quot;:&quot;left&quot;,&quot;469777804&quot;:&quot;\uf0b7&quot;,&quot;469777815&quot;:&quot;hybridMultilevel&quot;}\" data-aria-posinset=\"1\" data-aria-level=\"1\">Eine Option zum Kauf oder zur Verl\u00e4ngerung am Ende des Jahres<\/li>\n<\/ul>\n<\/div>\n      \n      <button type=\"button\" class=\"btn btn-white\" data-toggle=\"modal\"\n        data-target=\"#modal-block_e52eaa48024ddb8659a69c57057d2b29\">\n        Mein Projekt mit einem Experten besprechen\n      <\/button>\n\n      <!-- Modal -->\n      <div class=\"modal fade\" id=\"modal-block_e52eaa48024ddb8659a69c57057d2b29\" tabindex=\"-1\" role=\"dialog\" aria-labelledby=\"exampleModalCenterTitle\"\n        aria-hidden=\"true\">\n        <div class=\"modal-dialog modal-dialog-centered\" role=\"document\">\n          <div class=\"modal-content\">\n            <div class=\"modal-header\">\n              \n              <button type=\"button\" class=\"close\" data-dismiss=\"modal\" aria-label=\"Close\">\n                <span aria-hidden=\"true\">&times;<\/span>\n              <\/button>\n            <\/div>\n            <div class=\"modal-body\">\n              <script src=\"https:\/\/js-eu1.hsforms.net\/forms\/embed\/143377512.js\" defer><\/script>\r\n<div class=\"hs-form-frame\" data-region=\"eu1\" data-form-id=\"7163a7fd-c9da-48d6-bd47-50d50635cc57\" data-portal-id=\"143377512\"><\/div>\n            <\/div>\n\n          <\/div>\n        <\/div>\n      <\/div>\n      \n              <div class=\"image-wrap\">\n          <img decoding=\"async\" src=\"https:\/\/catamaran-outremer.com\/wp-content\/uploads\/2025\/11\/Banniere-45-offre-nova.webp\" alt=\"\" title=\"\">\n        <\/div>   \n          <\/div>\n  <\/div>\n<\/div>\n\n<div class=\"catamaran-section catamaran-keypoints bg-light-gray py-9\">\n  <div class=\"container\">\n    <div class=\"mb-9\"><h2 style=\"text-align: left;\">Nehmen Sie an der GLYWO-Rallye teil, einem unvergesslichen Abenteuer<\/h2>\n<p style=\"text-align: left;\">Um Ihr erstes Sabbatjahr auf See in einer strukturierten und sicheren Umgebung zu erleben, k\u00f6nnen Sie sich der Rallye-Flotte GLYWO 2027 anschlie\u00dfen \u2013 der Grand Large Yachting World Odyssey, einer dreij\u00e4hrigen Weltumsegelung, die passionierte Segler zusammenbringt.<\/p>\n<p style=\"text-align: left;\"><span data-contrast=\"auto\"><a href=\"https:\/\/catamaran-outremer.com\/wp-content\/uploads\/2025\/11\/Map-WorldOdyssey-GLYWO-scaled.jpg\" target=\"_blank\" rel=\"noopener\"><strong>\u2192 Die Rallye-Route herunterladen<\/strong><\/a><\/span><\/p>\n<\/div>\n\n\n        \n         \n    <div class=\"row keypoint-item keypoint-item-text-left\">\n      <div class=\"col col-text\">\n        <div class=\"align-middle\">\n          <h3>Der Vorteil einer Rallye<\/h3>\n<p>Eine Rallye ist eine Flotte, die eine gemeinsame Route bef\u00e4hrt, wobei jeder die Freiheit hat, in seinem eigenen Tempo zu segeln. Es ist eine einfache und beruhigende Art, damit anzufangen: eine freundliche Atmosph\u00e4re, professionelle Unterst\u00fctzung, sorgf\u00e4ltig ausgew\u00e4hlte Zwischenstopps und eine auf Sicherheit optimierte Route.<\/p>\n<p>*Mit diesem Angebot k\u00f6nnen Sie am ersten Jahr der GLYWO 2027 Rallye teilnehmen, die f\u00fcr alle Anmeldungen vor dem 26. April 2026 enthalten ist.<\/p>\n<p><a href=\"https:\/\/2dd2so.share-eu1.hsforms.com\/2cWOn_cnaSNa9R1DVBjXMVw\" target=\"_blank\" rel=\"noopener\"><strong>\u2192 Beginn der Vorbereitungen f\u00fcr meine Reise<\/strong><\/a><\/p>\n        <\/div>\n      <\/div>\n      <div class=\"col col-image\">\n        <div class=\"image-wrap\" style=\"background-image: url(https:\/\/catamaran-outremer.com\/wp-content\/uploads\/2025\/10\/rally-nordic-2024-selection-9.webp);\"><\/div>\n      <\/div>\n    <\/div>\n            \n      <\/div>\n\n<\/div>\n\n<div class=\"container mb-9\">\n    <h2 style=\"text-align: left\">Warum an Bord einer Outremer 45?<\/h2>\n<p>Die <a href=\"https:\/\/catamaran-outremer.com\/de\/hochseetaugliche-katamarane\/outremer-45\/\"><strong>Outremer 45<\/strong><\/a> ist zum Standard f\u00fcr alle geworden, die das Meer wirklich erleben wollen. Sie ist leicht, seet\u00fcchtig und einfach zu handhaben und bietet ein authentisches Segelerlebnis, w\u00e4hrend sie gleichzeitig f\u00fcr Crews zug\u00e4nglich bleibt, die zum ersten Mal in See stechen.<\/p>\n<p>Ihre fl\u00fcssige Ergonomie, ihre bew\u00e4hrte Zuverl\u00e4ssigkeit und zahlreiche Bewertungen von Eigent\u00fcmern (derzeit sind mehr als hundert Einheiten in Betrieb) machen sie zu einem Modell, das sich perfekt f\u00fcr ein Sabbatjahr eignet.<\/p>\n<p>M\u00f6chten Sie sich dieses Leben auf See vorstellen? <a href=\"https:\/\/catamaran-outremer.com\/en\/loela-one-epic-family-adventure\/\"><strong>Lesen Sie den Erfahrungsbericht<\/strong><\/a> von LOELA, einer Familie, die sich ihren Traum an Bord ihrer Outremer 45 erf\u00fcllt hat.<\/p>\n\n<\/div>\n\n<div class=\"container-fluid block-col-text-image image-left\">\n  <div class=\"row align-items-center\">\n      <div class=\"col-image \">\n          <div class=\"image-wrap\" style=\"background-image: url(https:\/\/catamaran-outremer.com\/wp-content\/uploads\/2025\/06\/100-outremer-45-3.webp );\"><\/div>\n      <\/div>\n      <div class=\"col-text \">\n        <h3 style=\"text-align: left\">Ein einfaches Angebot, das Folgendes umfasst:<\/h3>\n<ul>\n<li data-leveltext=\"\uf0b7\" data-font=\"Symbol\" data-listid=\"13\" data-list-defn-props=\"{&quot;335552541&quot;:1,&quot;335559685&quot;:720,&quot;335559991&quot;:360,&quot;469769226&quot;:&quot;Symbol&quot;,&quot;469769242&quot;:[8226],&quot;469777803&quot;:&quot;left&quot;,&quot;469777804&quot;:&quot;\uf0b7&quot;,&quot;469777815&quot;:&quot;hybridMultilevel&quot;}\" data-aria-posinset=\"1\" data-aria-level=\"1\">Eine Outremer 45 f\u00fcr 12 Monate<\/li>\n<li data-leveltext=\"\uf0b7\" data-font=\"Symbol\" data-listid=\"13\" data-list-defn-props=\"{&quot;335552541&quot;:1,&quot;335559685&quot;:720,&quot;335559991&quot;:360,&quot;469769226&quot;:&quot;Symbol&quot;,&quot;469769242&quot;:[8226],&quot;469777803&quot;:&quot;left&quot;,&quot;469777804&quot;:&quot;\uf0b7&quot;,&quot;469777815&quot;:&quot;hybridMultilevel&quot;}\" data-aria-posinset=\"1\" data-aria-level=\"1\">Schulung vor der Abreise, damit Sie sich im Umgang mit dem Boot sicher f\u00fchlen<\/li>\n<li data-leveltext=\"\uf0b7\" data-font=\"Symbol\" data-listid=\"13\" data-list-defn-props=\"{&quot;335552541&quot;:1,&quot;335559685&quot;:720,&quot;335559991&quot;:360,&quot;469769226&quot;:&quot;Symbol&quot;,&quot;469769242&quot;:[8226],&quot;469777803&quot;:&quot;left&quot;,&quot;469777804&quot;:&quot;\uf0b7&quot;,&quot;469777815&quot;:&quot;hybridMultilevel&quot;}\" data-aria-posinset=\"1\" data-aria-level=\"1\">Bootsversicherung und Wartung<\/li>\n<li data-leveltext=\"\uf0b7\" data-font=\"Symbol\" data-listid=\"13\" data-list-defn-props=\"{&quot;335552541&quot;:1,&quot;335559685&quot;:720,&quot;335559991&quot;:360,&quot;469769226&quot;:&quot;Symbol&quot;,&quot;469769242&quot;:[8226],&quot;469777803&quot;:&quot;left&quot;,&quot;469777804&quot;:&quot;\uf0b7&quot;,&quot;469777815&quot;:&quot;hybridMultilevel&quot;}\" data-aria-posinset=\"1\" data-aria-level=\"1\">Engagierter technischer Support<\/li>\n<li data-leveltext=\"\uf0b7\" data-font=\"Symbol\" data-listid=\"13\" data-list-defn-props=\"{&quot;335552541&quot;:1,&quot;335559685&quot;:720,&quot;335559991&quot;:360,&quot;469769226&quot;:&quot;Symbol&quot;,&quot;469769242&quot;:[8226],&quot;469777803&quot;:&quot;left&quot;,&quot;469777804&quot;:&quot;\uf0b7&quot;,&quot;469777815&quot;:&quot;hybridMultilevel&quot;}\" data-aria-posinset=\"1\" data-aria-level=\"1\">Individuelle Unterst\u00fctzung bei der Finanzierung<\/li>\n<li data-leveltext=\"\uf0b7\" data-font=\"Symbol\" data-listid=\"13\" data-list-defn-props=\"{&quot;335552541&quot;:1,&quot;335559685&quot;:720,&quot;335559991&quot;:360,&quot;469769226&quot;:&quot;Symbol&quot;,&quot;469769242&quot;:[8226],&quot;469777803&quot;:&quot;left&quot;,&quot;469777804&quot;:&quot;\uf0b7&quot;,&quot;469777815&quot;:&quot;hybridMultilevel&quot;}\" data-aria-posinset=\"1\" data-aria-level=\"1\">Teilnahme am ersten Jahr der GLYWO 2027 Rallye<\/li>\n<\/ul>\n<p>Eine einfache, transparente und umfassende M\u00f6glichkeit, Ihren Traum zu verwirklichen!<\/p>\n<p><em>Vorbehaltlich der Annahme des Antrags durch die Finanzierungsgesellschaft.<\/em><\/p>\n\n              <\/div>\n  <\/div>  \n<\/div>\n\n\n<div class=\"container mb-9\">\n    <h3 style=\"text-align: center\">Sind Sie bereit f\u00fcr ein einzigartiges Jahr?<\/h3>\n<p style=\"text-align: center\">M\u00f6chten Sie mehr \u00fcber Verf\u00fcgbarkeit, Leasingbedingungen oder Abonnementbedingungen erfahren? Unsere Experten stehen Ihnen gerne zur Verf\u00fcgung und helfen Ihnen bei der Vorbereitung auf dieses Jahr auf See.<\/p>\n\n<\/div>\n\n<div class=\"text-center my-5\">\n\n  \n      <button type=\"button\" class=\"btn btn-primary\" data-toggle=\"modal\"\n        data-target=\"#modal-block_9d3edf338558ecf5f69888867586a1d9\">\n        Bitte kontaktieren Sie mich, um mein Projekt zu besprechen.\n      <\/button>\n\n      <!-- Modal -->\n      <div class=\"modal fade\" id=\"modal-block_9d3edf338558ecf5f69888867586a1d9\" tabindex=\"-1\" role=\"dialog\" aria-labelledby=\"exampleModalCenterTitle\"\n        aria-hidden=\"true\">\n        <div class=\"modal-dialog modal-dialog-centered\" role=\"document\">\n          <div class=\"modal-content\">\n            <div class=\"modal-header\">\n              \n              <button type=\"button\" class=\"close\" data-dismiss=\"modal\" aria-label=\"Close\">\n                <span aria-hidden=\"true\">&times;<\/span>\n              <\/button>\n            <\/div>\n            <div class=\"modal-body\">\n              <script src=\"https:\/\/js-eu1.hsforms.net\/forms\/embed\/143377512.js\" defer><\/script>\r\n<div class=\"hs-form-frame\" data-region=\"eu1\" data-form-id=\"7163a7fd-c9da-48d6-bd47-50d50635cc57\" data-portal-id=\"143377512\"><\/div>\n            <\/div>\n\n          <\/div>\n        <\/div>\n      <\/div>\n      <\/div>\n\n\n<div class=\"slider-wrap bg-light-gray\">\n  <div class=\"slick-container slider-indented\">\n    <div class=\"slick-wrapper\">\n       \n      <div class=\"slick-slide\">\n        <img decoding=\"async\" src=\"https:\/\/catamaran-outremer.com\/wp-content\/uploads\/2025\/10\/rally-nordic-2024-selection-2.webp\" alt=\"\" title=\"\">\n      <\/div>\n\n       \n      <div class=\"slick-slide\">\n        <img decoding=\"async\" src=\"https:\/\/catamaran-outremer.com\/wp-content\/uploads\/2025\/11\/DJI_0134.webp\" alt=\"\" title=\"\">\n      <\/div>\n\n       \n      <div class=\"slick-slide\">\n        <img decoding=\"async\" src=\"https:\/\/catamaran-outremer.com\/wp-content\/uploads\/2025\/11\/SRX02928.webp\" alt=\"\" title=\"\">\n      <\/div>\n\n       \n      <div class=\"slick-slide\">\n        <img decoding=\"async\" src=\"https:\/\/catamaran-outremer.com\/wp-content\/uploads\/2025\/11\/af17e18d-9f4d-4505-bb3b-a6c6876f5e15.webp\" alt=\"\" title=\"\">\n      <\/div>\n\n       \n      <div class=\"slick-slide\">\n        <img decoding=\"async\" src=\"https:\/\/catamaran-outremer.com\/wp-content\/uploads\/2025\/11\/DJI_20250520110435_0371_D.webp\" alt=\"\" title=\"\">\n      <\/div>\n\n       \n      <div class=\"slick-slide\">\n        <img decoding=\"async\" src=\"https:\/\/catamaran-outremer.com\/wp-content\/uploads\/2025\/11\/DJI0024.webp\" alt=\"\" title=\"\">\n      <\/div>\n\n          <\/div>\n    <div class=\"slick-nav-wrap\">\n        <div class=\"slick-progress\" role=\"progressbar\" aria-valuemin=\"5\" aria-valuemax=\"100\"><\/div>\n      <div class=\"slick-nav-btn\">\n        <div class=\"slick-button-prev\"><\/div>\n        <div class=\"slick-button-next\"><\/div>\n      <\/div>\n    <\/div>\n\n  <\/div>\n<\/div>\n","protected":false},"excerpt":{"rendered":"","protected":false},"author":4,"featured_media":0,"parent":0,"menu_order":0,"comment_status":"closed","ping_status":"closed","template":"","meta":{"_acf_changed":true,"content-type":"","inline_featured_image":false,"footnotes":""},"class_list":["post-23380","page","type-page","status-publish","hentry"],"acf":[],"_links":{"self":[{"href":"https:\/\/catamaran-outremer.com\/de\/wp-json\/wp\/v2\/pages\/23380","targetHints":{"allow":["GET"]}}],"collection":[{"href":"https:\/\/catamaran-outremer.com\/de\/wp-json\/wp\/v2\/pages"}],"about":[{"href":"https:\/\/catamaran-outremer.com\/de\/wp-json\/wp\/v2\/types\/page"}],"author":[{"embeddable":true,"href":"https:\/\/catamaran-outremer.com\/de\/wp-json\/wp\/v2\/users\/4"}],"replies":[{"embeddable":true,"href":"https:\/\/catamaran-outremer.com\/de\/wp-json\/wp\/v2\/comments?post=23380"}],"version-history":[{"count":0,"href":"https:\/\/catamaran-outremer.com\/de\/wp-json\/wp\/v2\/pages\/23380\/revisions"}],"wp:attachment":[{"href":"https:\/\/catamaran-outremer.com\/de\/wp-json\/wp\/v2\/media?parent=23380"}],"curies":[{"name":"wp","href":"https:\/\/api.w.org\/{rel}","templated":true}]}}