{"id":22985,"date":"2025-09-18T14:01:12","date_gmt":"2025-09-18T12:01:12","guid":{"rendered":"https:\/\/catamaran-outremer.com\/open-days\/"},"modified":"2025-12-17T13:01:27","modified_gmt":"2025-12-17T11:01:27","slug":"tag-der-offenen-tur","status":"publish","type":"page","link":"https:\/\/catamaran-outremer.com\/de\/tag-der-offenen-tur\/","title":{"rendered":"Tag der offenen T\u00fcr"},"content":{"rendered":"<div class=\"container mb-9\">\n  <img decoding=\"async\" src=\"https:\/\/catamaran-outremer.com\/wp-content\/uploads\/2025\/12\/open-days-banniere.webp\" alt=\"\" title=\"\">   \n<\/div>\n\n\n<div class=\"container mb-9\">\n    <h2 style=\"text-align: center\">Entdecke die Geheimnisse von Outremer<\/h2>\n<p>&nbsp;<\/p>\n<p style=\"text-align: left\">Haben Sie schon immer davon getr\u00e4umt, die Geheimnisse der Herstellung eines Katamarans zu entdecken? An unseren <strong>Tagen der offenen T\u00fcr<\/strong> laden wir Sie ein, die Konstruktion unserer Boote von der Konfiguration bis zum Stapellauf kennenzulernen.<\/p>\n<p style=\"text-align: left\"><strong>Jeden letzten Freitag im Monat<\/strong> l\u00e4dt unser Team Sie ein, die Outremer-Werft zu besichtigen und an einer Probefahrt teilzunehmen.<\/p>\n<p style=\"text-align: left\">Unsere Tage der offenen T\u00fcr sind eine einzigartige Gelegenheit, in die Welt von Outremer einzutauchen und auf unseren Katamaranen zu segeln. <strong>Die Besichtigungen finden in Gruppen statt und die Pl\u00e4tze sind begrenzt<\/strong>. Machen Sie jetzt Ihre Reservierungsanfrage!<\/p>\n<p>&nbsp;<\/p>\n\n<\/div>\n\n<div class=\"text-center my-5\">\n\n  \n      <button type=\"button\" class=\"btn btn-primary\" data-toggle=\"modal\"\n        data-target=\"#modal-block_3741f201ae88272bb874591cb2609ae8\">\n        HALTEN SIE MIR EINEN PLATZ FREI!\n      <\/button>\n\n      <!-- Modal -->\n      <div class=\"modal fade\" id=\"modal-block_3741f201ae88272bb874591cb2609ae8\" tabindex=\"-1\" role=\"dialog\" aria-labelledby=\"exampleModalCenterTitle\"\n        aria-hidden=\"true\">\n        <div class=\"modal-dialog modal-dialog-centered\" role=\"document\">\n          <div class=\"modal-content\">\n            <div class=\"modal-header\">\n              \n              <button type=\"button\" class=\"close\" data-dismiss=\"modal\" aria-label=\"Close\">\n                <span aria-hidden=\"true\">&times;<\/span>\n              <\/button>\n            <\/div>\n            <div class=\"modal-body\">\n              <script src=\"https:\/\/js-eu1.hsforms.net\/forms\/embed\/143377512.js\" defer><\/script>\r\n<div class=\"hs-form-frame\" data-region=\"eu1\" data-form-id=\"eaf58ec3-c3fc-4bcf-8c73-2b69af354ed9\" data-portal-id=\"143377512\"><\/div>\n            <\/div>\n\n          <\/div>\n        <\/div>\n      <\/div>\n      <\/div>\n\n\n<div class=\"container-fluid \">\n  <div class=\"section-grey py-9 mb-9\">\n    <div class=\"container text-center\">\n      <div class=\"mb-5\"><h3 style=\"text-align: center\">Tagesprogramm<\/h3>\n<p>&nbsp;<\/p>\n<p style=\"text-align: left\"><strong>Morgens im Herzen von Outremer:<\/strong> Der Bau eines Katamarans ist ein komplexer Prozess, dessen Ergebnis ein einzigartiges Produkt ist. Konzept, Design, Formgebung, Montage, Tischlerei, Ausstattung &#8230; Begleiten Sie uns auf einer eindrucksvollen Tour und lernen Sie die Menschen kennen, die mit Stolz am Bau jedes einzelnen Outremer arbeiten.<\/p>\n<p style=\"text-align: left\"><strong>Nachmittag auf See:<\/strong> Steigen Sie an Bord eines Outremer und erleben Sie den Komfort und die Leistungsf\u00e4higkeit unserer Katamarane. Nutzen Sie die Gelegenheit, sich mit unserem Team zu unterhalten, das sein Fachwissen und seine Leidenschaft f\u00fcr das Segeln mit Ihnen teilen wird!<\/p>\n<p style=\"text-align: left\">Wir werden unser Bestes tun, um eine Probefahrt an Bord des Outremer-Modells zu organisieren, das Sie am meisten interessiert, je nach Verf\u00fcgbarkeit der vorhandenen Boote.<\/p>\n<p>&nbsp;<\/p>\n<p><img decoding=\"async\" class=\"alignnone wp-image-22965 size-full\" src=\"https:\/\/catamaran-outremer.com\/wp-content\/uploads\/2025\/09\/Banniere-navigation-JPO.webp\" alt=\"\" width=\"1200\" height=\"400\" srcset=\"https:\/\/catamaran-outremer.com\/wp-content\/uploads\/2025\/09\/Banniere-navigation-JPO.webp 1200w, https:\/\/catamaran-outremer.com\/wp-content\/uploads\/2025\/09\/Banniere-navigation-JPO-300x100.webp 300w, https:\/\/catamaran-outremer.com\/wp-content\/uploads\/2025\/09\/Banniere-navigation-JPO-1024x341.webp 1024w, https:\/\/catamaran-outremer.com\/wp-content\/uploads\/2025\/09\/Banniere-navigation-JPO-768x256.webp 768w\" sizes=\"(max-width: 1200px) 100vw, 1200px\" title=\"\"><\/p>\n<\/div>\n          <\/div>\n  <\/div>\n<\/div>\n\n<div class=\"container mb-9\">\n    <h3 style=\"text-align: center\">Antrag auf Teilnahme am Tag der offenen T\u00fcr<\/h3>\n<div class=\"hs-form-frame\" data-region=\"eu1\" data-form-id=\"eaf58ec3-c3fc-4bcf-8c73-2b69af354ed9\" data-portal-id=\"143377512\"><\/div>\n\n<\/div>\n\n<div class=\"catamaran-section catamaran-keypoints bg-light-gray py-9\">\n  <div class=\"container\">\n    <div class=\"mb-9\"><\/div>\n\n\n        \n         \n    <div class=\"row keypoint-item keypoint-item-text-left\">\n      <div class=\"col col-text\">\n        <div class=\"align-middle\">\n          <h3 style=\"text-align: left\">Erfahren Sie mehr \u00fcber die Outremer-Reihe<\/h3>\n<p><a href=\"https:\/\/catamaran-outremer.com\/de\/hochseetaugliche-katamarane\/outremer-45\/\"><strong>Der Outremer 45<\/strong><\/a> &#8211; Ein Virtuose von gro\u00dfer Einfachheit<\/p>\n<p><a href=\"https:\/\/catamaran-outremer.com\/de\/hochseetaugliche-katamarane\/outremer-48\/\"><strong>Der Outremer 48<\/strong><\/a> &#8211; Der Letztgeborene, bereit f\u00fcr das Abenteuer<\/p>\n<p><a href=\"https:\/\/catamaran-outremer.com\/de\/hochseetaugliche-katamarane\/outremer-52\/\"><strong>Der Outremer 52<\/strong><\/a> &#8211; Der Pionier, ein Meilenstein der Hochseeschifffahrt<\/p>\n<p><a href=\"https:\/\/catamaran-outremer.com\/de\/hochseetaugliche-katamarane\/outremer-57\/\"><strong>Der Outremer 57<\/strong><\/a> &#8211; Der neue Meister des Blauwasser-Segelns<\/p>\n<p><strong><a href=\"https:\/\/catamaran-outremer.com\/de\/hochseetaugliche-katamarane\/outremer-64\/\">Der Outremer 64<\/a><\/strong> &#8211; Outremer-Exzellenz in ihrer ultimativen Form<\/p>\n<p><a href=\"https:\/\/catamaran-outremer.com\/de\/unsere-modelle\/katamaran-kaufen-gebraucht\/\"><strong>Gebrauchte Katamarane Outremer<\/strong><\/a> &#8211; F\u00fcr alle, die von einem kompletten Sortiment tr\u00e4umen, sofort lieferbar<\/p>\n        <\/div>\n      <\/div>\n      <div class=\"col col-image\">\n        <div class=\"image-wrap\" style=\"background-image: url(https:\/\/catamaran-outremer.com\/wp-content\/uploads\/2025\/06\/warm-up-med-26-1.webp);\"><\/div>\n      <\/div>\n    <\/div>\n            \n          <a class=\"btn btn-primary\" href=\"https:\/\/catamaran-outremer.com\/de\/unsere-modelle\/\">ENTDECKEN SIE ALLE UNSERE MODELLE<\/a>\n        \n      <\/div>\n\n<\/div>\n\n<div class=\"container-fluid \">\n  <div class=\"section-contact \">\n    <div class=\"container text-center\">\n      <div class=\"mb-5\"><h3 style=\"text-align: center\">Kommen Sie und erleben Sie au\u00dfergew\u00f6hnliches Segeln<\/h3>\n<p>&nbsp;<\/p>\n<p style=\"text-align: center\">Wir von Outremer bauen nicht nur Katamarane, wir lassen Tr\u00e4ume wahr werden. Unsere Katamarane wurden f\u00fcr Abenteurer entwickelt, die die Welt auf dem Meer entdecken wollen. Sie vereinen Komfort und Leistung, um Ihnen ein au\u00dfergew\u00f6hnliches Segelerlebnis zu bieten.<\/p>\n<p style=\"text-align: center\">Outremer ist in erster Linie eine Gemeinschaft von Seeliebhabern. Erleben Sie mit uns einen Tag voller Austausch, Entdeckungen und Abenteuer. Wir freuen uns darauf, Sie an Bord begr\u00fc\u00dfen zu d\u00fcrfen!<\/p>\n<p>&nbsp;<\/p>\n<\/div>\n      \n      <button type=\"button\" class=\"btn btn-white\" data-toggle=\"modal\"\n        data-target=\"#modal-block_35e5fa8aaae77a676679921746236a5a\">\n        PROBEFAHRT ANFRAGEN\n      <\/button>\n\n      <!-- Modal -->\n      <div class=\"modal fade\" id=\"modal-block_35e5fa8aaae77a676679921746236a5a\" tabindex=\"-1\" role=\"dialog\" aria-labelledby=\"exampleModalCenterTitle\"\n        aria-hidden=\"true\">\n        <div class=\"modal-dialog modal-dialog-centered\" role=\"document\">\n          <div class=\"modal-content\">\n            <div class=\"modal-header\">\n              \n              <button type=\"button\" class=\"close\" data-dismiss=\"modal\" aria-label=\"Close\">\n                <span aria-hidden=\"true\">&times;<\/span>\n              <\/button>\n            <\/div>\n            <div class=\"modal-body\">\n              <script src=\"https:\/\/js-eu1.hsforms.net\/forms\/embed\/143377512.js\" defer><\/script>\r\n<div class=\"hs-form-frame\" data-region=\"eu1\" data-form-id=\"eaf58ec3-c3fc-4bcf-8c73-2b69af354ed9\" data-portal-id=\"143377512\"><\/div>\n            <\/div>\n\n          <\/div>\n        <\/div>\n      <\/div>\n      \n          <\/div>\n  <\/div>\n<\/div>\n\n<div class=\"slider-wrap bg-light-gray\">\n  <div class=\"slick-container slider-indented\">\n    <div class=\"slick-wrapper\">\n       \n      <div class=\"slick-slide\">\n        <img decoding=\"async\" src=\"https:\/\/catamaran-outremer.com\/wp-content\/uploads\/2025\/05\/JPO-3.webp\" alt=\"\" title=\"\">\n      <\/div>\n\n       \n      <div class=\"slick-slide\">\n        <img decoding=\"async\" src=\"https:\/\/catamaran-outremer.com\/wp-content\/uploads\/2025\/05\/JPO-6.webp\" alt=\"\" title=\"\">\n      <\/div>\n\n       \n      <div class=\"slick-slide\">\n        <img decoding=\"async\" src=\"https:\/\/catamaran-outremer.com\/wp-content\/uploads\/2025\/05\/JPO-1.webp\" alt=\"\" title=\"\">\n      <\/div>\n\n       \n      <div class=\"slick-slide\">\n        <img decoding=\"async\" src=\"https:\/\/catamaran-outremer.com\/wp-content\/uploads\/2025\/05\/JPO-4.webp\" alt=\"\" title=\"\">\n      <\/div>\n\n       \n      <div class=\"slick-slide\">\n        <img decoding=\"async\" src=\"https:\/\/catamaran-outremer.com\/wp-content\/uploads\/2025\/05\/JPO-2.webp\" alt=\"\" title=\"\">\n      <\/div>\n\n       \n      <div class=\"slick-slide\">\n        <img decoding=\"async\" src=\"https:\/\/catamaran-outremer.com\/wp-content\/uploads\/2025\/05\/JPO-5.webp\" alt=\"\" title=\"\">\n      <\/div>\n\n          <\/div>\n    <div class=\"slick-nav-wrap\">\n        <div class=\"slick-progress\" role=\"progressbar\" aria-valuemin=\"5\" aria-valuemax=\"100\"><\/div>\n      <div class=\"slick-nav-btn\">\n        <div class=\"slick-button-prev\"><\/div>\n        <div class=\"slick-button-next\"><\/div>\n      <\/div>\n    <\/div>\n\n  <\/div>\n<\/div>\n","protected":false},"excerpt":{"rendered":"","protected":false},"author":4,"featured_media":0,"parent":0,"menu_order":0,"comment_status":"closed","ping_status":"closed","template":"","meta":{"_acf_changed":true,"content-type":"","inline_featured_image":false,"footnotes":""},"class_list":["post-22985","page","type-page","status-publish","hentry"],"acf":[],"_links":{"self":[{"href":"https:\/\/catamaran-outremer.com\/de\/wp-json\/wp\/v2\/pages\/22985","targetHints":{"allow":["GET"]}}],"collection":[{"href":"https:\/\/catamaran-outremer.com\/de\/wp-json\/wp\/v2\/pages"}],"about":[{"href":"https:\/\/catamaran-outremer.com\/de\/wp-json\/wp\/v2\/types\/page"}],"author":[{"embeddable":true,"href":"https:\/\/catamaran-outremer.com\/de\/wp-json\/wp\/v2\/users\/4"}],"replies":[{"embeddable":true,"href":"https:\/\/catamaran-outremer.com\/de\/wp-json\/wp\/v2\/comments?post=22985"}],"version-history":[{"count":0,"href":"https:\/\/catamaran-outremer.com\/de\/wp-json\/wp\/v2\/pages\/22985\/revisions"}],"wp:attachment":[{"href":"https:\/\/catamaran-outremer.com\/de\/wp-json\/wp\/v2\/media?parent=22985"}],"curies":[{"name":"wp","href":"https:\/\/api.w.org\/{rel}","templated":true}]}}