{"id":22058,"date":"2025-03-11T15:15:22","date_gmt":"2025-03-11T15:15:22","guid":{"rendered":"https:\/\/catamaran-outremer.com\/?page_id=22058"},"modified":"2025-03-11T15:23:47","modified_gmt":"2025-03-11T15:23:47","slug":"myoutremer-ihre-vernetzte-reise","status":"publish","type":"page","link":"https:\/\/catamaran-outremer.com\/de\/myoutremer-ihre-vernetzte-reise\/","title":{"rendered":"MyOutremer &#8211; Ihre vernetzte Reise"},"content":{"rendered":"<div class=\"container px-5 px-sm-0 mb-9 header-overlapping-image\">\n  <div style=\"position:relative;\">\n    <img decoding=\"async\" class=\"small-image\" src=\"https:\/\/catamaran-outremer.com\/wp-content\/uploads\/2025\/02\/DJI_0345.webp\" alt=\"\" title=\"\">  \n    <img decoding=\"async\" class=\"big-image\" src=\"https:\/\/catamaran-outremer.com\/wp-content\/uploads\/2025\/02\/CB2I8084.webp\" alt=\"\" title=\"\">   \n  <\/div>\n<\/div>\n\n\n<div class=\"container mb-9\">\n    <h2><span data-teams=\"true\">Schlie\u00dfen Sie sich einer leidenschaftlichen Gemeinschaft an!<\/span><\/h2>\n<p>&nbsp;<\/p>\n<p><span data-teams=\"true\">Wir bei Outremer wissen, dass der Kauf und Besitz eines Katamarans mehr als nur ein Kauf ist, es ist eine Reise. Deshalb haben wir <strong>MyOutremer<\/strong> geschaffen, eine exklusive digitale Plattform, die Sie durch jeden Schritt Ihres Abenteuers begleitet und Sie mit der Outremer-Community verbindet.<\/span><\/p>\n<p><span data-teams=\"true\">Von dem Moment an, in dem Sie sich mit uns treffen, bis zu dem Tag, an dem Sie in See stechen und dar\u00fcber hinaus, bietet Ihnen <strong>MyOutremer<\/strong> Echtzeit-Zugang zu allen wichtigen Meilensteinen der Produktion und Auslieferung Ihres Katamarans. Verfolgen Sie den Fortschritt, verwalten Sie wichtige Dokumente, lassen Sie sich von Experten beraten und bleiben Sie mit dem Outremer-Team in Verbindung &#8211; alles an einem Ort.<\/span><\/p>\n<p><span data-teams=\"true\">Um Ihnen dabei zu helfen, Selbstvertrauen und Autonomie auf See zu gewinnen, bietet <strong>MyOutremer<\/strong> auch Zugang zum Schulungskalender der <a href=\"https:\/\/catamaran-outremer.com\/de\/outremer-ausbildung\/\"><strong>Outremer Academy<\/strong><\/a>, damit Sie bestens vorbereitet sind, bevor Sie mit Ihrem Katamaran in See stechen. Au\u00dferdem finden Sie hier alle zugeh\u00f6rigen Dienste, die Sie w\u00e4hrend Ihrer Reise als Eigner unterst\u00fctzen.<\/span><\/p>\n<p><span data-teams=\"true\"><strong>MyOutremer<\/strong> ist mehr als nur ein Tracking-Tool: Hier k\u00f6nnen Sie sich mit anderen <strong>Outremer-Eignern austauschen, lernen und Kontakte kn\u00fcpfen<\/strong>. Tauschen Sie Erfahrungen aus, erhalten Sie Einblicke von erfahrenen Seglern und werden Sie Teil einer leidenschaftlichen Gemeinschaft, die Ihre Liebe zum Blauwassersegeln teilt.<\/span><\/p>\n\n<\/div>\n\n<div class=\"content-cta\">\n        <div class=\"container-fluid\">\n            <div class=\"row gx-38 justify-content-center\">\n                                     <div class=\"col col-cta\">\n                        <div class=\"cta\">\n                                                            <div class=\"title h5\">Outremer Besitzer?<\/div>\n                                                                                        <p>Join MyOutremer<\/p>\n\n                                                                                        <a href=\"https:\/\/www.my-outremer.com\/\" class=\"btn btn-primary\" target=\"_blank\" rel=\"noopener\">Zugang<\/a>\n                                                    <\/div>\n                    <\/div>\n                                     <div class=\"col col-cta\">\n                        <div class=\"cta\">\n                                                            <div class=\"title h5\">Noch kein Besitzer?<\/div>\n                                                                                        <p>Das Abenteuer beginnt hier!<\/p>\n\n                                                                                        <a href=\"https:\/\/share-eu1.hsforms.com\/1lYroRxVwTAmSrz8w806Org2dd2so\" class=\"btn btn-primary\" target=\"\" rel=\"noopener\">Erz\u00e4hlen Sie uns mehr \u00fcber Ihr Projekt<\/a>\n                                                    <\/div>\n                    <\/div>\n                            <\/div>\n        <\/div>\n    <\/div>\n\n\n<div class=\"container mb-9\">\n    <h2><span data-teams=\"true\">Schalten Sie das volle Outremer-Erlebnis mit My Outremer frei<\/span><\/h2>\n<p><span data-teams=\"true\"><\/p>\n<p><strong><span style=\"color: #00aeef\">\u2714<\/span> Verfolgen Sie den Fortschritt Ihres Katamarans<\/strong> &#8211; Verfolgen Sie jeden wichtigen Meilenstein, von der Produktion bis zur Auslieferung.<\/span><\/p>\n<p><span data-teams=\"true\"><strong><span style=\"color: #00aeef\">\u2714<\/span> Bleiben Sie organisiert<\/strong> &#8211; Greifen Sie auf alle wichtigen Dokumente und Updates an einem Ort zu.<\/span><\/p>\n<p><span data-teams=\"true\"><strong><span style=\"color: #00aeef\">\u2714<\/span> Planen Sie Ihre Ausbildung<\/strong> &#8211; Schauen Sie im Kalender der <a href=\"https:\/\/catamaran-outremer.com\/de\/outremer-ausbildung\/\"><strong>Outremer Academy<\/strong><\/a> nach, um auf See v\u00f6llig unabh\u00e4ngig zu werden.<\/span><\/p>\n<p><span data-teams=\"true\"><strong><span style=\"color: #00aeef\">\u2714<\/span> Exklusive Serviceleistungen<\/strong> &#8211; Profitieren Sie w\u00e4hrend der gesamten Dauer Ihres Besitzes von engagierter Unterst\u00fctzung und ma\u00dfgeschneiderten Dienstleistungen.<\/span><\/p>\n<p><span data-teams=\"true\"><strong><span style=\"color: #00aeef\">\u2714<\/span> Vernetzen Sie sich mit der Outremer-Community<\/strong> &#8211; Tauschen Sie Erfahrungen, Erkenntnisse und Ratschl\u00e4ge mit anderen Eignern aus.<\/span><\/p>\n<p><span data-teams=\"true\"><strong><span style=\"color: #00aeef\">\u2714<\/span> Bleiben Sie in Kontakt mit dem Outremer-Team<\/strong> &#8211; Lassen Sie sich von Experten beraten.<\/span><\/p>\n<p><span data-teams=\"true\"><strong><span style=\"color: #00aeef\">\u2714<\/span> Verbessern Sie Ihr Besitzerlebnis<\/strong> &#8211; Genie\u00dfen Sie eine reibungslosere, engagiertere Reise mit Ihrem Outremer.<\/span><\/p>\n\n<\/div>\n\n<div class=\"slider-wrap bg-light-gray\">\n  <div class=\"slick-container slider-indented\">\n    <div class=\"slick-wrapper\">\n       \n      <div class=\"slick-slide\">\n        <img decoding=\"async\" src=\"https:\/\/catamaran-outremer.com\/wp-content\/uploads\/2025\/02\/glywo-community-1-myoy.webp\" alt=\"\" title=\"\">\n      <\/div>\n\n       \n      <div class=\"slick-slide\">\n        <img decoding=\"async\" src=\"https:\/\/catamaran-outremer.com\/wp-content\/uploads\/2025\/02\/1Y7A2948.webp\" alt=\"\" title=\"\">\n      <\/div>\n\n       \n      <div class=\"slick-slide\">\n        <img decoding=\"async\" src=\"https:\/\/catamaran-outremer.com\/wp-content\/uploads\/2025\/02\/event-sailing-days-myoy.webp\" alt=\"\" title=\"\">\n      <\/div>\n\n       \n      <div class=\"slick-slide\">\n        <img decoding=\"async\" src=\"https:\/\/catamaran-outremer.com\/wp-content\/uploads\/2025\/02\/CB2I7129.webp\" alt=\"\" title=\"\">\n      <\/div>\n\n       \n      <div class=\"slick-slide\">\n        <img decoding=\"async\" src=\"https:\/\/catamaran-outremer.com\/wp-content\/uploads\/2025\/02\/EOS_3528.webp\" alt=\"\" title=\"\">\n      <\/div>\n\n       \n      <div class=\"slick-slide\">\n        <img decoding=\"async\" src=\"https:\/\/catamaran-outremer.com\/wp-content\/uploads\/2025\/02\/coaching-myoy.webp\" alt=\"\" title=\"\">\n      <\/div>\n\n          <\/div>\n    <div class=\"slick-nav-wrap\">\n        <div class=\"slick-progress\" role=\"progressbar\" aria-valuemin=\"5\" aria-valuemax=\"100\"><\/div>\n      <div class=\"slick-nav-btn\">\n        <div class=\"slick-button-prev\"><\/div>\n        <div class=\"slick-button-next\"><\/div>\n      <\/div>\n    <\/div>\n\n  <\/div>\n<\/div>\n","protected":false},"excerpt":{"rendered":"","protected":false},"author":4,"featured_media":22033,"parent":0,"menu_order":0,"comment_status":"closed","ping_status":"closed","template":"","meta":{"_acf_changed":true,"content-type":"","inline_featured_image":false,"footnotes":""},"class_list":["post-22058","page","type-page","status-publish","has-post-thumbnail","hentry"],"acf":[],"_links":{"self":[{"href":"https:\/\/catamaran-outremer.com\/de\/wp-json\/wp\/v2\/pages\/22058","targetHints":{"allow":["GET"]}}],"collection":[{"href":"https:\/\/catamaran-outremer.com\/de\/wp-json\/wp\/v2\/pages"}],"about":[{"href":"https:\/\/catamaran-outremer.com\/de\/wp-json\/wp\/v2\/types\/page"}],"author":[{"embeddable":true,"href":"https:\/\/catamaran-outremer.com\/de\/wp-json\/wp\/v2\/users\/4"}],"replies":[{"embeddable":true,"href":"https:\/\/catamaran-outremer.com\/de\/wp-json\/wp\/v2\/comments?post=22058"}],"version-history":[{"count":0,"href":"https:\/\/catamaran-outremer.com\/de\/wp-json\/wp\/v2\/pages\/22058\/revisions"}],"wp:featuredmedia":[{"embeddable":true,"href":"https:\/\/catamaran-outremer.com\/de\/wp-json\/wp\/v2\/media\/22033"}],"wp:attachment":[{"href":"https:\/\/catamaran-outremer.com\/de\/wp-json\/wp\/v2\/media?parent=22058"}],"curies":[{"name":"wp","href":"https:\/\/api.w.org\/{rel}","templated":true}]}}